{"id":27296,"date":"2025-07-28T09:42:09","date_gmt":"2025-07-28T07:42:09","guid":{"rendered":"https:\/\/www.zhi-training.com\/academy\/?page_id=27296"},"modified":"2026-01-03T12:44:45","modified_gmt":"2026-01-03T11:44:45","slug":"nlp-basic-buchung","status":"publish","type":"page","link":"https:\/\/www.zhi-training.com\/academy\/nlp-basic-buchung\/","title":{"rendered":"NLP Basic: jetzt buchen!"},"content":{"rendered":"<p><span style=\"width: 100%;\"><img decoding=\"async\" width=\"60\" height=\"36\" title=\"zhi_logo_white@2x.png\" style=\"aspect-ratio: auto 118 \/ 70;\" alt=\"ZHI Logo\" src=\"https:\/\/www.zhi-training.com\/wp-content\/themes\/agency\/images\/zhi_logo_white@2x.png\" scale=\"0\" data-id=\"15464\" data-width=\"60\" data-init-width=\"118\" data-init-height=\"70\" data-height=\"36\" loading=\"lazy\"><\/span><\/p>\n<p style=\"text-align: center;\"><strong>NLP Basic: Jetzt anmelden!<\/strong><\/p>\n<p><span style=\"\"><img decoding=\"async\" alt=\"\" data-id=\"17424\" width=\"642\" height=\"144\" title=\"fragen\" src=\"https:\/\/www.zhi-training.com\/academy\/wp-content\/uploads\/2020\/03\/fragen.jpg\" style=\"\" ml-d=\"0\" ml-m=\"0\" mt-m=\"0\" loading=\"lazy\"><\/span><span style=\"width: 100%;\"><img decoding=\"async\" width=\"60\" height=\"36\" title=\"zhi_logo_white@2x.png\" style=\"aspect-ratio: auto 118 \/ 70;\" alt=\"\" src=\"\/\/www.zhi-training.com\/wp-content\/themes\/agency\/images\/zhi_logo_white@2x.png\" scale=\"0\" data-id=\"15464\" data-width=\"60\" data-height=\"36\" data-init-width=\"118\" data-init-height=\"70\" loading=\"lazy\"><\/span><\/p>\n<p style=\"text-align: center;\"><strong>NLP Basic: Jetzt anmelden!<\/strong><\/p>\n<p><span style=\"\"><img decoding=\"async\" alt=\"\" data-id=\"17424\" width=\"297\" height=\"67\" title=\"fragen\" src=\"https:\/\/www.zhi-training.com\/academy\/wp-content\/uploads\/2020\/03\/fragen.jpg\" style=\"aspect-ratio: auto 642 \/ 144;\" ml-d=\"0\" ml-m=\"0\" mt-m=\"0\" data-width=\"297\" data-height=\"67\" data-init-width=\"642\" data-init-height=\"144\" loading=\"lazy\"><\/span><span style=\"width: 100%;\"><img decoding=\"async\" width=\"900\" height=\"44\" title=\" \" style=\"aspect-ratio: auto 2350 \/ 114;\" alt=\"Logos: TEDx, Puls4, Kronehit, ARD, GQ, Kurier, ORF, Die Presse, Pro7.  \" src=\"https:\/\/www.zhi-training.com\/wp-content\/themes\/agency\/images\/Bekannt_aus_Footer@2x.jpg\" scale=\"0.5\" src-orig=\"https:\/\/www.zhi-training.com\/wp-content\/themes\/agency\/images\/Bekannt_aus_Footer@2x.jpg\" scale-fail=\"0.5\" data-width=\"900\" data-init-width=\"2350\" data-init-height=\"114\" data-height=\"44\" loading=\"lazy\"><\/span><\/p>\n<p><span style=\"font-size: 14px; line-height: 24.5px; margin-top: 0px; padding-top: 0px; padding-left: 0px; margin-left: 0px; padding-right: 0px; margin-right: 0px; text-align: start;\"><\/span><span style=\"font-size: 14px; line-height: 24.5px; margin-top: 0px; padding-top: 0px; padding-left: 0px; margin-left: 0px; padding-right: 0px; margin-right: 0px; text-align: start;\"><\/span><span style=\"font-size: 14px; line-height: 24.5px; margin-top: 0px; padding-top: 0px; padding-left: 0px; margin-left: 0px; padding-right: 0px; margin-right: 0px; text-align: start;\"><\/span><span style=\"font-size: 14px; line-height: 24.5px; margin-top: 0px; padding-top: 0px; padding-left: 0px; margin-left: 0px; padding-right: 0px; margin-right: 0px; text-align: start;\"><\/span><span style=\"font-size: 14px; line-height: 24.5px; margin-top: 0px; padding-top: 0px; padding-left: 0px; margin-left: 0px; padding-right: 0px; margin-right: 0px; text-align: start;\"><\/span><span style=\"font-size: 14px; line-height: 24.5px; margin-top: 0px; padding-top: 0px; padding-left: 0px; margin-left: 0px; padding-right: 0px; margin-right: 0px; text-align: start;\"><\/span><span style=\"font-size: 14px; line-height: 24.5px; margin-top: 0px; padding-top: 0px; padding-left: 0px; margin-left: 0px; padding-right: 0px; margin-right: 0px; text-align: start;\"><\/span><span style=\"font-size: 14px; line-height: 24.5px; margin-top: 0px; padding-top: 0px; padding-left: 0px; margin-left: 0px; padding-right: 0px; margin-right: 0px; text-align: start;\"><\/span><span style=\"font-size: 14px; line-height: 24.5px; margin-top: 0px; padding-top: 0px; padding-left: 0px; margin-left: 0px; padding-right: 0px; margin-right: 0px; text-align: start;\"><\/span><span style=\"font-size: 14px; line-height: 24.5px; margin-top: 0px; padding-top: 0px; padding-left: 0px; margin-left: 0px; padding-right: 0px; margin-right: 0px; text-align: start;\"><\/span><\/p>\n<ul>\n<li><strong><span><strong>Dauer &amp; Investition:<\/strong><\/span><\/strong><span>&nbsp;2 Tage, nur 99\u20ac zum Einf\u00fchrungspreis (statt regul\u00e4r 290\u20ac)<\/span><\/li>\n<li><strong><span><strong>Teilnehmer:<\/strong> <\/span><\/strong><span>mindestens 10,&nbsp;<\/span><span>maximal 50<\/span><\/li>\n<\/ul>\n<p><!-- Begin of Digistore24 multi-step order box code -->[tcb-script src=&#8221;https:\/\/www.checkout-ds24.com\/service\/digistore.js&#8221;][\/tcb-script]<!-- End of Digistore24 multi-step order box code --><span style=\"width: 100%;\"><img decoding=\"async\" width=\"350\" height=\"400\" title=\"\" style=\"aspect-ratio: auto 2164 \/ 2474;\" alt=\"\" src=\"https:\/\/www.zhi-training.com\/academy\/wp-content\/uploads\/2025\/12\/ZHI-Karte-NLP-Basic-Standorte-768x878.png\" scale=\"0\" data-id=\"27437\" data-link-wrap=\"1\" data-width=\"350\" data-init-width=\"2164\" data-init-height=\"2474\" data-height=\"400\" loading=\"lazy\"><\/span><span style=\"width: 100%;\"><img decoding=\"async\" width=\"150\" height=\"160\" title=\"siegel-gruen-2-5-3-3-3-3-3-3-3.png\" style=\"aspect-ratio: auto 353 \/ 376;\" alt=\"\" src=\"\/\/www.zhi-training.com\/academy\/wp-content\/uploads\/2017\/02\/siegel-gruen-2-5-3-3-3-3-3-3-3.png\" scale=\"0\" data-link-wrap=\"1\" data-width=\"150\" data-height=\"160\" data-init-width=\"353\" data-init-height=\"376\" loading=\"lazy\"><\/span><span style=\"width: 100%;\"><img decoding=\"async\" width=\"0\" height=\"0\" title=\"NLP-Basic-Standorte-2019-06\" style=\"aspect-ratio: auto 400 \/ 478;\" alt=\"\" src=\"https:\/\/www.zhi-training.com\/academy\/wp-content\/uploads\/2019\/06\/NLP-Basic-Standorte-2019-06.png\" scale=\"0\" data-id=\"16752\" data-link-wrap=\"1\" data-width=\"0\" data-height=\"0\" data-init-width=\"400\" data-init-height=\"478\" loading=\"lazy\"><\/span><span style=\"width: 100%;\"><img decoding=\"async\" width=\"150\" height=\"160\" title=\"siegel-gruen-2-5-3-3-3-3-3-3-3.png\" style=\"aspect-ratio: auto 353 \/ 376;\" alt=\"\" src=\"\/\/www.zhi-training.com\/academy\/wp-content\/uploads\/2017\/02\/siegel-gruen-2-5-3-3-3-3-3-3-3.png\" scale=\"0\" data-link-wrap=\"1\" data-width=\"150\" data-height=\"160\" data-init-width=\"353\" data-init-height=\"376\" loading=\"lazy\"><\/span><span style=\"width: 100%;\"><img decoding=\"async\" width=\"250\" height=\"283\" title=\"zitat\" style=\"aspect-ratio: auto 400 \/ 452;\" alt=\"\" src=\"https:\/\/www.zhi-training.com\/academy\/wp-content\/uploads\/2019\/02\/zitat.png\" scale=\"0\" data-id=\"16294\" data-link-wrap=\"1\" data-width=\"250\" data-height=\"283\" data-init-width=\"400\" data-init-height=\"452\" loading=\"lazy\"><\/span><span style=\"width: 100%;\"><a href=\"#buchung\" rel=\"nofollow\"><img decoding=\"async\" width=\"840\" height=\"202\" title=\"richard\" style=\"\" alt=\"\" src=\"https:\/\/www.zhi-training.com\/academy\/wp-content\/uploads\/2019\/01\/richard-1024x246.png\" scale=\"0\" data-id=\"16257\" data-link-wrap=\"1\" loading=\"lazy\"><\/a><\/span><span style=\"width: 100%;\"><a href=\"#buchung\" rel=\"nofollow\"><img decoding=\"async\" width=\"250\" height=\"43\" title=\"sterne\" style=\"\" alt=\"\" src=\"https:\/\/www.zhi-training.com\/academy\/wp-content\/uploads\/2019\/06\/sterne.png\" scale=\"0\" data-id=\"16606\" loading=\"lazy\"><\/a><\/span><span style=\"width: 100%;\"><img decoding=\"async\" width=\"500\" height=\"144\" title=\"rezi-johannes\" style=\"\" alt=\"\" src=\"https:\/\/www.zhi-training.com\/academy\/wp-content\/uploads\/2019\/04\/rezi-johannes.jpg\" scale=\"0\" data-id=\"16453\" loading=\"lazy\"><\/span><span style=\"width: 100%;\"><img decoding=\"async\" width=\"500\" height=\"144\" title=\"rezi-wolfram\" style=\"\" alt=\"\" src=\"https:\/\/www.zhi-training.com\/academy\/wp-content\/uploads\/2019\/04\/rezi-wolfram.jpg\" scale=\"0\" data-id=\"16456\" loading=\"lazy\"><\/span><span style=\"width: 100%;\"><img decoding=\"async\" width=\"500\" height=\"144\" title=\"rezi-markus\" style=\"\" alt=\"\" src=\"https:\/\/www.zhi-training.com\/academy\/wp-content\/uploads\/2019\/04\/rezi-markus.jpg\" scale=\"0\" data-id=\"16455\" loading=\"lazy\"><\/span><span style=\"width: 100%;\"><img decoding=\"async\" width=\"680\" height=\"196\" title=\"rezi-marko\" style=\"\" alt=\"\" src=\"https:\/\/www.zhi-training.com\/academy\/wp-content\/uploads\/2019\/04\/rezi-marko.jpg\" scale=\"0\" data-id=\"16454\" loading=\"lazy\"><\/span><span style=\"width: 100%;\"><img decoding=\"async\" width=\"500\" height=\"144\" title=\"rezi-jeanette\" style=\"\" alt=\"\" src=\"https:\/\/www.zhi-training.com\/academy\/wp-content\/uploads\/2019\/04\/rezi-jeanette.jpg\" scale=\"0\" data-id=\"16452\" loading=\"lazy\"><\/span><span style=\"width: 100%;\"><img decoding=\"async\" width=\"500\" height=\"144\" title=\"rezi-christianz\" style=\"\" alt=\"\" src=\"https:\/\/www.zhi-training.com\/academy\/wp-content\/uploads\/2019\/04\/rezi-christianz.jpg\" scale=\"0\" data-id=\"16451\" loading=\"lazy\"><\/span><span style=\"width: 100%;\"><img decoding=\"async\" width=\"422\" height=\"122\" title=\"rezi-johannes\" style=\"aspect-ratio: auto 500 \/ 144;\" alt=\"\" src=\"https:\/\/www.zhi-training.com\/academy\/wp-content\/uploads\/2019\/04\/rezi-johannes.jpg\" scale=\"0\" data-id=\"16453\" data-width=\"422\" data-height=\"122\" data-init-width=\"500\" data-init-height=\"144\" loading=\"lazy\"><\/span><span style=\"width: 100%;\"><img decoding=\"async\" width=\"422\" height=\"122\" title=\"rezi-wolfram\" style=\"aspect-ratio: auto 500 \/ 144;\" alt=\"\" src=\"https:\/\/www.zhi-training.com\/academy\/wp-content\/uploads\/2019\/04\/rezi-wolfram.jpg\" scale=\"0\" data-id=\"16456\" data-width=\"422\" data-height=\"122\" data-init-width=\"500\" data-init-height=\"144\" loading=\"lazy\"><\/span><span style=\"width: 100%;\"><img decoding=\"async\" width=\"422\" height=\"122\" title=\"rezi-markus\" style=\"aspect-ratio: auto 500 \/ 144;\" alt=\"\" src=\"https:\/\/www.zhi-training.com\/academy\/wp-content\/uploads\/2019\/04\/rezi-markus.jpg\" scale=\"0\" data-id=\"16455\" data-width=\"422\" data-height=\"122\" data-init-width=\"500\" data-init-height=\"144\" loading=\"lazy\"><\/span><span style=\"width: 100%;\"><img decoding=\"async\" width=\"422\" height=\"122\" title=\"rezi-marko\" style=\"aspect-ratio: auto 680 \/ 196;\" alt=\"\" src=\"https:\/\/www.zhi-training.com\/academy\/wp-content\/uploads\/2019\/04\/rezi-marko.jpg\" scale=\"0\" data-id=\"16454\" data-width=\"422\" data-height=\"122\" data-init-width=\"680\" data-init-height=\"196\" loading=\"lazy\"><\/span><span style=\"width: 100%;\"><img decoding=\"async\" width=\"422\" height=\"122\" title=\"rezi-jeanette\" style=\"aspect-ratio: auto 500 \/ 144;\" alt=\"\" src=\"https:\/\/www.zhi-training.com\/academy\/wp-content\/uploads\/2019\/04\/rezi-jeanette.jpg\" scale=\"0\" data-id=\"16452\" data-width=\"422\" data-height=\"122\" data-init-width=\"500\" data-init-height=\"144\" loading=\"lazy\"><\/span><span style=\"width: 100%;\"><img decoding=\"async\" width=\"422\" height=\"122\" title=\"rezi-christianz\" style=\"aspect-ratio: auto 500 \/ 144;\" alt=\"\" src=\"https:\/\/www.zhi-training.com\/academy\/wp-content\/uploads\/2019\/04\/rezi-christianz.jpg\" scale=\"0\" data-id=\"16451\" data-width=\"422\" data-height=\"122\" data-init-width=\"500\" data-init-height=\"144\" loading=\"lazy\"><\/span><\/p>\n<p style=\"text-align: center;\"><span><strong><span><strong><span><span>UNSERE TRAINER &amp; VERANSTALTUNGSORTE<\/span><\/span><\/strong><\/span><\/strong><\/span><\/p>\n<p style=\"\"><span><strong>Location in Wien (Trainer: <a href=\"https:\/\/www.zhi-training.com\/trainer-team\" rel=\"noopener\" style=\"outline: none;\" target=\"_blank\" spellcheck=\"false\">Benedikt Ahlfeld &amp; Michaela Forstik<\/a>):<\/strong><span>Palais Berg, Schwarzenbergplatz 3, 1010 WienSeminarzeiten: Sa. 10:00 \u2013 18:30, So. 10:00 \u2013 18:00<\/span><\/span><span><strong>Location in K\u00f6ln (Trainer:&nbsp;<a href=\"https:\/\/www.zhi-training.com\/trainer-team\" rel=\"noopener\" style=\"outline: none;\" target=\"_blank\"><b><span><span><span>&nbsp;<\/span><\/span><\/span><\/b><\/a><b><b><b><a data-lt-tmp-id=\"lt-65155\" href=\"https:\/\/www.zhi-training.com\/trainer-team\" spellcheck=\"false\" target=\"_blank\" style=\"outline: none;\">Thorsten Winkler &amp; Barbara Winkler<\/a><\/b><\/b><\/b><\/strong><\/span><strong>):<\/strong>TOR28 \u2013 Machab\u00e4erstr. 28 \u2013 50668 K\u00f6ln<span>Seminarzeiten: Sa. 10:00 \u2013 18:30, So. 10:00 \u2013 18:00<\/span><span><strong>Location in Berlin (Trainer:&nbsp;<b><strong><strong><b><b><a data-lt-tmp-id=\"lt-65155\" href=\"https:\/\/www.zhi-training.com\/trainer-team\" spellcheck=\"false\" target=\"_blank\" style=\"outline: none;\">Thorsten Winkler &amp; Barbara Winkler<\/a><\/b><\/b><\/strong><\/strong><\/b><\/strong><\/span><strong>):<\/strong>TCW Organisations Kultur (im Meeet), Chausseestra\u00dfe 86, 10115 BerlinSeminarzeiten: Sa. 10:00 \u2013 18:00, So. 10:00 \u2013 17:00<strong>Location in Dortmund (Trainer:&nbsp;<a href=\"https:\/\/www.zhi-training.com\/trainer-team\" rel=\"noopener\" style=\"outline: none;\" target=\"_blank\">John-Pace Soobryan<\/a>)<\/strong>Leonardo Hotel, Burgwall 11-13, 44135 Dortmund, Deutschland<span>Seminarzeiten: Sa. 10:00 \u2013 18:00, So. 10:00 \u2013 18:00<\/span><span><span><span><b><span><span><span><b><span><span><span><b><span>Location in Dresden&nbsp;<strong>(Trainer:&nbsp;<a href=\"https:\/\/www.zhi-training.com\/trainer-team\" rel=\"noopener\" target=\"_blank\" style=\"outline: none;\" data-lt-tmp-id=\"lt-715741\" spellcheck=\"false\">Rayk Salzsieder<\/a>):<\/strong><\/span><\/b><\/span><\/span><\/span><\/b><\/span><\/span><\/span><\/b><\/span><\/span><\/span><span>CRESO Akademie GmbH, Klingerstra\u00dfe 20, 01139 Dresden <\/span><span>Seminarzeiten: Sa. 10:00 &#8211; 17:00, So 10:00 &#8211; 15:00<\/span><span><\/span><span><span><strong>Location in D\u00fcsseldorf (Trainer:&nbsp;<a href=\"https:\/\/www.zhi-training.com\/trainer-team\" rel=\"noopener\" target=\"_blank\" style=\"outline: none;\">John-Pace Soobryan<\/a>)<\/strong>Leonardo Hotel D\u00fcsseldorf City Center, Ludwig-Erhard-Allee 3, <\/span><\/span><span><span>40227 D\u00fcsseldorf, Deutschland<\/span><\/span><span><span>Seminarzeiten: Sa. 10:00 \u2013 18:00, So. 10:00 \u2013 18:00<\/span><\/span><span><span><\/span><\/span><span><span><b><span><span><span><strong><span><b><span><span><span>Location in Essen&nbsp;<b><span><strong><span><strong>(Trainer:&nbsp;<a href=\"https:\/\/www.zhi-training.com\/trainer-team\" rel=\"noopener\" target=\"_blank\" style=\"outline: none;\">John-Pace Soobryan<\/a>)<\/strong><\/span><\/strong><\/span><\/b><\/span><\/span><\/span><\/b><\/span><\/strong><span style=\"font-weight: normal;\">Four Points, Hachestra\u00dfe 63, &nbsp;45127 EssenSeminatzeiten: Sa. 10:00 \u2013 18:00, So. 10:00 \u2013 18:00<\/span><\/span><\/span><\/span><\/b><\/span><\/span><span><span><strong>Location in Konstanz (Trainer: <a data-lt-tmp-id=\"lt-65155\" href=\"https:\/\/www.zhi-training.com\/trainer-team\" spellcheck=\"false\" target=\"_blank\" style=\"outline: none;\"><b><span><span><span>&nbsp;<\/span><\/span><\/span><\/b><\/a><b><b><b><a data-lt-tmp-id=\"lt-65155\" href=\"https:\/\/www.zhi-training.com\/trainer-team\" spellcheck=\"false\" target=\"_blank\" style=\"outline: none;\">Thorsten Winkler &amp; Barbara Winkler<\/a><\/b><\/b><\/b><\/strong><\/span><\/span><strong>):<\/strong> St. Johann New Work, Br\u00fcckengasse 1b, D-78462 KonstanzSeminarzeiten: Sa. 10:00 \u2013 18:00, So. 10:00 \u2013 17:00<span><span><strong>Location in L\u00fcbeck (Trainer:&nbsp;<a href=\"https:\/\/www.zhi-training.com\/trainer-team\" target=\"_blank\" style=\"outline: none;\" data-lt-tmp-id=\"lt-65155\" spellcheck=\"false\"><b><span><span><span>&nbsp;<\/span><\/span><\/span><\/b><\/a><b><b><b><a data-lt-tmp-id=\"lt-65155\" href=\"https:\/\/www.zhi-training.com\/trainer-team\" spellcheck=\"false\" target=\"_blank\" style=\"outline: none;\">Thorsten Winkler &amp; Barbara Winkler<\/a><\/b><\/b><\/b><\/strong><\/span><\/span><strong>r):<\/strong>Haus der Kaufmannschaft (in der Kaufmannschaft zu L\u00fcbeck), <span><span>Breite Stra\u00dfe 6-8, 23552 L\u00fcbeckSeminarzeiten: Sa. 10:00 \u2013 18:00, So. 10:00 \u2013 17:00<\/span><\/span><span><span><span><strong><span><b><span><strong><span><strong><\/strong><\/span><\/strong><\/span><\/b><\/span><\/strong><\/span><\/span><\/span><span><strong>Location in Mannheim (Trainer: <a href=\"https:\/\/www.zhi-training.com\/trainer-team\" rel=\"noopener\" target=\"_blank\" style=\"outline: none;\">Michael Wurst &amp; Dr. med. Olga Igel<\/a>):<\/strong><\/span><span><strong><\/strong><\/span><span>Leonardo Royal Mannheim, Augustaanlage 4-8, 68165&nbsp;MannheimSeminarzeiten: Sa. 10:00 \u2013 18:00, So. 10:00 \u2013 18:00<\/span><span><span><span><span><b><span><strong><span><strong>Location in &nbsp;Regensburg (Trainer:&nbsp;<\/strong><\/span><\/strong><\/span><\/b><\/span><b><a href=\"https:\/\/www.zhi-training.com\/trainer-team\" target=\"_blank\" style=\"outline: none;\"><b><span><span><span>&nbsp;<\/span><\/span><\/span><\/b><\/a><b><b><b><a data-lt-tmp-id=\"lt-65155\" href=\"https:\/\/www.zhi-training.com\/trainer-team\" spellcheck=\"false\" target=\"_blank\" style=\"outline: none;\">Thorsten Winkler &amp; Barbara Winkler<\/a><\/b><\/b><\/b><\/b><\/span><\/span><\/span><span><b><span><strong><span><strong>)<\/strong><\/span><\/strong><\/span><\/b><\/span>Hofer Stra\u00dfe 11, 93057 Regensburg,&nbsp;Deutschland<b>&nbsp;<\/b><span><span>Seminarzeiten: Sa. 10:00 \u2013 18:00, So. 10:00 \u2013 17:00&nbsp;<\/span><\/span><strong>L<\/strong><strong>ocation in Stuttgart (Trainer: <a href=\"https:\/\/www.zhi-training.com\/trainer-team\" rel=\"noopener\" target=\"_blank\" style=\"outline: none;\">Michael Wurst &amp; Dr. med. Olga Igel<\/a>):<\/strong>SpOrt Stuttgart, Fritz-Walter-Weg 19, 70372 Stuttgart<span>Seminarzeiten: Sa. 10:00 \u2013 18:00, So. 10:00 \u2013 18:00<\/span><span><b><span>Location in&nbsp;<strong><span>Wiesbaden&nbsp;<\/span><\/strong>(Trainer:<strong>&nbsp;<a href=\"https:\/\/www.zhi-training.com\/trainer-team\" rel=\"noopener\" target=\"_blank\" style=\"outline: none;\">Michael Wurst &amp; Olga Igel<\/a>):<\/strong><span style=\"font-weight: normal;\"><span><span><span>Pentahotel Wiesbaden, Abraham-Lincoln-Stra\u00dfe 17, 65189 WiesbadenSeminarzeiten: Sa. 10:00 \u2013 18:00, So. 10:00 \u2013 18:00<\/span><\/span><\/span><\/span><\/span><\/b><\/span><\/p>\n[tcb-script src=&#8221;https:\/\/www.digistore24.com\/socialproof\/10397\/qFRuWP8mEoZUUPZjlwbVdvOLhgSkEw\/65\/300.js&#8221; defer=&#8221;&#8221;][\/tcb-script]\n<p style=\"text-align: center;\"><span><span>Copyright \u00a9 &nbsp;ZHI \u00b7<span style=\"color: rgb(255, 255, 255);\">&nbsp; <a href=\"https:\/\/www.zhi-training.com\/kontakt\" rel=\"nofollow\" target=\"_blank\" style=\"outline: none;\"><span>Impressum + Datenschutz<\/span><\/a><\/span><\/span><\/span><\/p>\n","protected":false},"excerpt":{"rendered":"<p>NLP Basic: Jetzt anmelden! NLP Basic: Jetzt anmelden! Dauer &amp; Investition:&nbsp;2 Tage, nur 99\u20ac zum Einf\u00fchrungspreis (statt regul\u00e4r 290\u20ac) Teilnehmer: mindestens 10,&nbsp;maximal 50 [tcb-script src=&#8221;https:\/\/www.checkout-ds24.com\/service\/digistore.js&#8221;][\/tcb-script] UNSERE TRAINER &amp; VERANSTALTUNGSORTE Location in Wien (Trainer: Benedikt Ahlfeld &amp; Michaela Forstik):Palais Berg, Schwarzenbergplatz 3, 1010 WienSeminarzeiten: Sa. 10:00 \u2013 18:30, So. 10:00 \u2013 18:00Location in K\u00f6ln (Trainer:&nbsp;&nbsp;Thorsten Winkler &hellip; <a href=\"https:\/\/www.zhi-training.com\/academy\/nlp-basic-buchung\/\" class=\"more-link\"><span class=\"screen-reader-text\">\u201eNLP Basic: jetzt buchen!\u201c<\/span> weiterlesen<\/a><\/p>\n","protected":false},"author":2245,"featured_media":0,"parent":0,"menu_order":0,"comment_status":"closed","ping_status":"closed","template":"","meta":{"footnotes":"","tve_updated_post":"","tve_custom_css":"","tve_user_custom_css":"","tve_globals":{},"tcb2_ready":1,"tcb_editor_enabled":1,"tve_landing_page":"blank_v2","_tve_header":"0","_tve_footer":"0"},"folder":[],"class_list":["post-27296","page","type-page","status-publish","hentry"],"aioseo_notices":[],"_links":{"self":[{"href":"https:\/\/www.zhi-training.com\/academy\/wp-json\/wp\/v2\/pages\/27296","targetHints":{"allow":["GET"]}}],"collection":[{"href":"https:\/\/www.zhi-training.com\/academy\/wp-json\/wp\/v2\/pages"}],"about":[{"href":"https:\/\/www.zhi-training.com\/academy\/wp-json\/wp\/v2\/types\/page"}],"author":[{"embeddable":true,"href":"https:\/\/www.zhi-training.com\/academy\/wp-json\/wp\/v2\/users\/2245"}],"replies":[{"embeddable":true,"href":"https:\/\/www.zhi-training.com\/academy\/wp-json\/wp\/v2\/comments?post=27296"}],"version-history":[{"count":10,"href":"https:\/\/www.zhi-training.com\/academy\/wp-json\/wp\/v2\/pages\/27296\/revisions"}],"predecessor-version":[{"id":27445,"href":"https:\/\/www.zhi-training.com\/academy\/wp-json\/wp\/v2\/pages\/27296\/revisions\/27445"}],"wp:attachment":[{"href":"https:\/\/www.zhi-training.com\/academy\/wp-json\/wp\/v2\/media?parent=27296"}],"wp:term":[{"taxonomy":"folder","embeddable":true,"href":"https:\/\/www.zhi-training.com\/academy\/wp-json\/wp\/v2\/folder?post=27296"}],"curies":[{"name":"wp","href":"https:\/\/api.w.org\/{rel}","templated":true}]}}