{"id":26231,"date":"2024-08-01T22:04:26","date_gmt":"2024-08-01T20:04:26","guid":{"rendered":"https:\/\/www.zhi-training.com\/academy\/?page_id=26231"},"modified":"2025-12-20T18:23:13","modified_gmt":"2025-12-20T17:23:13","slug":"friends","status":"publish","type":"page","link":"https:\/\/www.zhi-training.com\/academy\/friends\/","title":{"rendered":"ZHI Friends &#8211; Dein Partnerprogramm"},"content":{"rendered":"<p><span><img decoding=\"async\" alt=\"\" data-id=\"13990\" width=\"50\" data-init-width=\"50\" height=\"30\" data-init-height=\"30\" title=\"zhi-empfehlung\" src=\"https:\/\/www.zhi-training.com\/academy\/wp-content\/uploads\/2024\/08\/zhi-empfehlung.png\" data-width=\"50\" data-height=\"30\" style=\"aspect-ratio: auto 50 \/ 30;\" loading=\"lazy\"><\/span><\/p>\n<h3 style=\"text-align: center;\">Benedikt Ahlfeld pr\u00e4sentiert:<\/h3>\n<h1 style=\"text-align: center;\">ZHI Friends<\/h1>\n<h2 style=\"text-align: center;\">Das Partnerprogramm f\u00fcr unsere ZHI Alumni: Empfiehl uns weiter, werbe neue Kursteilnehmer an und profitiere davon! Du bist begeistert von unseren Programmen und empfiehlst sie gerne deinen Freunden &amp; Bekannten weiter?<\/h2>\n<ul>\n<li><span style=\"color: rgb(0, 0, 0) !important; --tcb-applied-color: rgb(0, 0, 0) !important;\">Erfolgsprovision<\/span><\/li>\n<\/ul>\n<ul>\n<li><span style=\"color: rgb(0, 0, 0) !important; --tcb-applied-color: rgb(0, 0, 0) !important;\">Erweiterter Support<\/span><\/li>\n<\/ul>\n<ul>\n<li><span style=\"\">Exklusive VIP Events<\/span><\/li>\n<\/ul>\n<p><span><img decoding=\"async\" alt=\"\" data-id=\"20169\" width=\"177\" data-init-width=\"250\" height=\"30\" data-init-height=\"43\" title=\"\" src=\"https:\/\/www.zhi-training.com\/academy\/wp-content\/uploads\/2024\/08\/sterne.png\" data-width=\"177\" data-height=\"30\" style=\"aspect-ratio: auto 250 \/ 43;\" loading=\"lazy\"><\/span><\/p>\n<p style=\"text-align: center;\"><strong>Wie funktioniert das Bonus-System?<\/strong><\/p>\n<h3 style=\"text-align: center; color: rgb(255, 255, 255) !important; --tcb-applied-color: rgb(255, 255, 255) !important;\">Ganz einfach!<\/h3>\n<p style=\"text-align: center;\">Du empfiehlst uns an Freunde und Bekannte weiter.<\/p>\n<p style=\"text-align: left;\">Wenn du jemanden kennst, der von unserem NLP Basic oder Hypnose Grundkurs profitieren k\u00f6nnte, lasse uns seine\/ihre Kontaktdaten zukommen &#8211;&nbsp;<strong>hierbei gen\u00fcgt bereits der Name und die Handynummer!<\/strong><\/p>\n<p style=\"text-align: center;\">Kostenloses Erstgespr\u00e4ch mit der empfohlenen Person.<\/p>\n<p>Jemand aus unserem Team wird sich bei der von dir empfohlenen Person melden und mit ihr herausfinden ob die Ausbildung f\u00fcr sie wertvoll ist.&nbsp;<\/p>\n<p style=\"text-align: center;\">Wir gewinnen einen neuen Teilnehmer und belohnen dich!<\/p>\n<p>Entscheidet sich deine Empfehlung dazu, unser Teilnehmer zu werden und absolviert bei uns eine Ausbildung, verg\u00fcten wir dich entsprechend.<\/p>\n<h2>Unser BONUS-System f\u00fcr Alumnis:<\/h2>\n<p>Das&nbsp;<strong>ZHI Friends Programm&nbsp;<\/strong>ist exklusiv f\u00fcr unsere ehemaligen Teilnehmer und daf\u00fcr gedacht, dass du noch mehr Spa\u00df am WEITEREMPFEHLEN hast.<\/p>\n<p>Wir hoffen, dass du begeistert von unserem Angebot bist und anderen Menschen bereits von uns erz\u00e4hlt hast &#8211;&nbsp;<strong>wir wollen dich daf\u00fcr belohnen!<\/strong><\/p>\n<p><span style=\"\"><img decoding=\"async\" alt=\"Fr\u00f6hliches Business Team am Schreibtisch im B\u00fcro. Erfolgreiche Zusammenarbeit &amp; Teamwork.\" data-id=\"24785\" width=\"444\" data-init-width=\"400\" height=\"296\" data-init-height=\"267\" title=\"\" src=\"https:\/\/www.zhi-training.com\/academy\/wp-content\/uploads\/2024\/08\/happy-business-team-at-desk-in-office-2023-11-27-05-02-56-utc.jpg\" data-width=\"444\" data-height=\"296\" style=\"aspect-ratio: auto 400 \/ 267;\" ml-m=\"0\" mt-m=\"0\" loading=\"lazy\"><\/span><\/p>\n<h3 style=\"text-align: center;\">Profitiere jetzt:<\/h3>\n<p style=\"text-align: left;\"><strong><strong>1. <b>Erfolgsprovisionen<\/b><\/strong><\/strong><\/p>\n<ul>\n<li><span style=\"\"><strong><strong>NLP Basic Kurs:&nbsp;<\/strong><\/strong>50 \u20ac&nbsp;<\/span><\/li>\n<li><span style=\"\"><strong>Hypnose Grundkurs<\/strong><strong>:<\/strong> 70 \u20ac bis 100 \u20ac<\/span><\/li>\n<li><span style=\"\"><strong>NLP Practitioner:<\/strong> 100 \u20ac<\/span><\/li>\n<li><span style=\"\"><strong>NLP Master-Practitioner:<\/strong> 200 \u20ac<\/span><\/li>\n<li><span style=\"\"><strong>Hypnose Expert:<\/strong> 100\u20ac<\/span><\/li>\n<li><span style=\"\"><strong>NLP oder Hypnose Coach:<\/strong> 300 \u20ac<\/span><\/li>\n<\/ul>\n<p><span><img decoding=\"async\" alt=\"Erfolgreicher Gesch\u00e4ftsmann im B\u00fcro mit Kreditkarte und Laptop f\u00fcr ZHI Friends Partnerprogramm.\" data-id=\"24604\" width=\"373\" data-init-width=\"400\" height=\"249\" data-init-height=\"267\" title=\" \" src=\"https:\/\/www.zhi-training.com\/academy\/wp-content\/uploads\/2024\/08\/successful-businessman-inside-office-building-at-w-2023-11-27-04-57-40-utc-1.jpg\" data-width=\"373\" data-height=\"249\" style=\"aspect-ratio: auto 400 \/ 267;\" loading=\"lazy\"><\/span><\/p>\n<p style=\"text-align: left;\">Da der Hypnose Grundkurs (3 Tage) Teil vom NLP-Practitioner ist und der Hypnose Expert Teil vom NLP-Master kannst du die beiden Provisionen kombinieren! Das bedeutet, wenn sich deine Empfehlung direkt f\u00fcr den NLP Practitioner anmeldet, erh\u00e4ltst du sofort 200 \u20ac Provision. Meldet sich deine Empfehlung zuerst f\u00fcr den Hypnose Grundkurs an erh\u00e4ltst du 70 \u20ac, danach f\u00fcr die Blitzhypnose nochmals 30 \u20ac separat und wenn sich deine Empfehlung danach f\u00fcr den NLP Practitioner anmeldet, erh\u00e4ltst du nochmals 100 \u20ac Provision.<\/p>\n<p><span><img decoding=\"async\" alt=\"\" data-id=\"24604\" width=\"115\" data-init-width=\"275\" height=\"125\" data-init-height=\"300\" title=\"\" src=\"https:\/\/www.zhi-training.com\/academy\/wp-content\/uploads\/2024\/08\/PngItem_582469-1-e1654715543923-275x300-1.png\" data-width=\"115\" data-height=\"125\" style=\"aspect-ratio: auto 275 \/ 300;\" loading=\"lazy\"><\/span><\/p>\n<p style=\"text-align: left;\"><strong><strong>2. <strong><strong>Erweiterter Support<\/strong><\/strong><\/strong><\/strong><\/p>\n<p><strong>Pers\u00f6nlicher Ansprechpartner: <\/strong>Jeder Empfehlungsgeber erh\u00e4lt einen pers\u00f6nlichen Ansprechpartner f\u00fcr Fragen und Unterst\u00fctzung.<\/p>\n<p><span><img decoding=\"async\" alt=\"Kundensupport: Freundliche Beratung f\u00fcr ZHI Friends Partnerprogramm. Teamwork am Computer.\" data-id=\"24726\" width=\"373\" data-init-width=\"400\" height=\"249\" data-init-height=\"267\" title=\" \" src=\"https:\/\/www.zhi-training.com\/academy\/wp-content\/uploads\/2024\/08\/customer-support-2023-11-27-05-15-34-utc-1.jpg\" data-width=\"373\" data-height=\"249\" style=\"aspect-ratio: auto 400 \/ 267;\" loading=\"lazy\"><\/span><span><img decoding=\"async\" alt=\"\" data-id=\"24604\" width=\"115\" data-init-width=\"275\" height=\"125\" data-init-height=\"300\" title=\"\" src=\"https:\/\/www.zhi-training.com\/academy\/wp-content\/uploads\/2024\/08\/PngItem_582469-275x300-1.png\" data-width=\"115\" data-height=\"125\" style=\"aspect-ratio: auto 275 \/ 300;\" loading=\"lazy\"><\/span><\/p>\n<p style=\"text-align: left;\"><strong><strong><strong>3. <b>Simpel und Transparent<\/b><\/strong><\/strong><\/strong><\/p>\n<ul>\n<li>Einfaches Empfehlungsformular: Ein einfaches Online-Formular zur \u00dcbermittlung von Kontakten.<\/li>\n<li tve-u-18d8804186c\"\"=\"\">Klare Schritte: Detaillierte Anleitung zur Empfehlung und Belohnung auf unserer Website.<\/li>\n<li tve-u-18d8804186c\"\"=\"\">Regelm\u00e4\u00dfige Updates: Insider Wissen und Erfolgsstories.<\/li>\n<\/ul>\n<p><span><img decoding=\"async\" alt=\"E-Mail Marketing Konzept: Frau tippt auf Laptop-Tastatur f\u00fcr Newsletter Kampagne.\" data-id=\"24727\" width=\"373\" data-init-width=\"400\" height=\"249\" data-init-height=\"267\" title=\" \" src=\"https:\/\/www.zhi-training.com\/academy\/wp-content\/uploads\/2024\/08\/email-marketing-and-newsletter-concept-hand-of-ma-2023-11-27-05-09-41-utc-1.jpg\" data-width=\"373\" data-height=\"249\" style=\"aspect-ratio: auto 400 \/ 267;\" loading=\"lazy\"><\/span><span><img decoding=\"async\" alt=\"\" data-id=\"24604\" width=\"115\" data-init-width=\"275\" height=\"125\" data-init-height=\"300\" title=\"\" src=\"https:\/\/www.zhi-training.com\/academy\/wp-content\/uploads\/2024\/08\/PngItem_582469-1-e1654715543923-275x300-1.png\" data-width=\"115\" data-height=\"125\" style=\"aspect-ratio: auto 275 \/ 300;\" loading=\"lazy\"><\/span><\/p>\n<p style=\"text-align: left;\"><strong><strong><strong><strong><strong>Bonus: Headspace Jahresabo bei deiner ersten Empfehlung<\/strong><\/strong><\/strong><\/strong><\/strong><\/p>\n<p>Wir schenken dir mehr Freude, weniger Stress und einen erholsamen Schlaf mit einem Headspace Jahresabo! Dieses Verw\u00f6hngeschenk. Headspace bietet eine Vielzahl von gef\u00fchrten Meditationen und Achtsamkeits\u00fcbungen, die dabei helfen, den Alltag mit mehr Gelassenheit und Freude zu meistern. Mit speziellen Programmen zur Stressbew\u00e4ltigung und Entspannung k\u00f6nnen du und deine Liebsten lernen, besser mit den Herausforderungen des Lebens umzugehen und eine ausgeglichene innere Balance zu finden. Headspace enth\u00e4lt auch Schlafmeditationen und beruhigende Kl\u00e4nge, die f\u00fcr einen tiefen und erholsamen Schlaf sorgen \u2013 perfekt, um ausgeruht und voller Energie in den Tag zu starten.<\/p>\n<p><span style=\"\"><img decoding=\"async\" alt=\"Junge Frau mit lockigen Haaren meditiert. Achtsamkeit f\u00fcr ZHI Friends Partnerprogramm.\" data-id=\"24603\" width=\"373\" data-init-width=\"400\" height=\"249\" data-init-height=\"267\" title=\"\" src=\"https:\/\/www.zhi-training.com\/academy\/wp-content\/uploads\/2024\/08\/young-woman-with-curly-hair-ready-for-a-mindfulnes-2023-11-27-05-08-51-utc-1.jpg\" data-width=\"373\" data-height=\"249\" style=\"aspect-ratio: auto 400 \/ 267;\" mt-d=\"0\" ml-d=\"0\" center-v-d=\"false\" loading=\"lazy\"><\/span><\/p>\n<h2 style=\"text-align: center;\"><strong><strong>Exklusive Belohnungen<\/strong><\/strong><\/h2>\n<p><span style=\"\"><img decoding=\"async\" alt=\"Junge Frau meditiert mit Kopfh\u00f6rern auf Couch. Entspannung und Achtsamkeit.\" data-id=\"24781\" width=\"373\" data-init-width=\"400\" height=\"258\" data-init-height=\"277\" title=\"\" src=\"https:\/\/www.zhi-training.com\/academy\/wp-content\/uploads\/2024\/08\/calm-young-woman-sitting-on-couch-practicing-medi-2023-11-27-05-10-41-utc-1.jpg\" data-width=\"373\" data-height=\"258\" style=\"aspect-ratio: auto 400 \/ 277;\" mt-d=\"0\" ml-d=\"0\" center-v-d=\"false\" loading=\"lazy\"><\/span><\/p>\n<p style=\"text-align: center;\"><strong>1. Empfehlung:<\/strong>&nbsp;1 Jahr&nbsp;<a data-lt-tmp-id=\"lt-542784\" href=\"https:\/\/www.headspace.com\/de\" spellcheck=\"false\" style=\"outline: none;\" target=\"_blank\">Headspace-Abonnement<\/a><\/p>\n<p><span><img decoding=\"async\" alt=\"\" data-id=\"24604\" width=\"115\" data-init-width=\"275\" height=\"125\" data-init-height=\"300\" title=\"\" src=\"https:\/\/www.zhi-training.com\/academy\/wp-content\/uploads\/2024\/08\/PngItem_582469-275x300-1.png\" data-width=\"115\" data-height=\"125\" style=\"aspect-ratio: auto 275 \/ 300;\" loading=\"lazy\"><\/span><\/p>\n<p><strong>3. Empfehlung:<\/strong><\/p>\n<p><strong>Erlebe<\/strong><strong>wahlweise<\/strong><strong>entweder in Wien<\/strong> einen unvergesslichen Tag voller <strong>Abenteuer<\/strong> und Teamgeist im <strong>Kletterwald<\/strong>\/Hochseilgarten! Wir laden dich herzlich ein, gemeinsam mit dem ZHI Trainer-Team deine Grenzen zu testen und \u00fcber dich hinauszuwachsen. Mit viel Spa\u00df und Zeit f\u00fcr pers\u00f6nlichen Austausch sowie einem herzhaften Essen als Abschluss.<\/p>\n<p><span style=\"\"><img decoding=\"async\" alt=\"ZHI Friends: Gruppe im Hochseilgarten mit Helmen und Kletterausr\u00fcstung. Partnerprogramm ZHIProvide.\" data-id=\"24604\" width=\"373\" data-init-width=\"400\" height=\"249\" data-init-height=\"267\" title=\"\" src=\"https:\/\/www.zhi-training.com\/academy\/wp-content\/uploads\/2024\/08\/IMG_1801-1-1.jpg\" data-width=\"373\" data-height=\"249\" style=\"aspect-ratio: auto 400 \/ 267;\" mt-d=\"0\" ml-d=\"0\" center-v-d=\"false\" loading=\"lazy\"><\/span><\/p>\n<p><strong>Oder triff uns in K\u00f6ln&nbsp;<\/strong>f\u00fcr einen entspannten und&nbsp;<strong>erholsamen Abend&nbsp;<\/strong>in der Claudius&nbsp;<strong>Therme<\/strong>! Wir laden dich ein, gemeinsam mit dem ZHI Trainer-Team die Seele baumeln zu lassen und neue Energie zu tanken.<\/p>\n<p>Eintritt ins Floating-Becken mit Unterwassermusik und einem gen\u00fcsslichen Essen inklusive.<\/p>\n<p><span style=\"\"><img decoding=\"async\" alt=\"Wellnessbereich mit Pool und Liegen f\u00fcr Entspannung. ZHI Friends Partnerprogramm.\" data-id=\"24604\" width=\"373\" data-init-width=\"400\" height=\"249\" data-init-height=\"267\" title=\"\" src=\"https:\/\/www.zhi-training.com\/academy\/wp-content\/uploads\/2024\/08\/wellness-1.png\" data-width=\"373\" data-height=\"249\" style=\"aspect-ratio: auto 400 \/ 267;\" mt-d=\"0\" ml-d=\"0\" loading=\"lazy\"><\/span><span><img decoding=\"async\" alt=\"\" data-id=\"24604\" width=\"115\" data-init-width=\"275\" height=\"125\" data-init-height=\"300\" title=\"\" src=\"https:\/\/www.zhi-training.com\/academy\/wp-content\/uploads\/2024\/08\/PngItem_582469-1-e1654715543923-275x300-1.png\" data-width=\"115\" data-height=\"125\" style=\"aspect-ratio: auto 275 \/ 300;\" loading=\"lazy\"><\/span><\/p>\n<p><strong>7. Empfehlung:&nbsp;<\/strong>Tauche ein in eine Welt voller exklusiver Einblicke, wertvollem Networking und kulinarischer Gen\u00fcsse! Wir laden dich herzlich ein zur&nbsp;<strong>ZHI Secret Mastermind<\/strong>. Erlebe ein inspirierendes Premium-Rahmenprogramm, ein erstklassiges Gault Millau Abendessen und VIP Networking auf h\u00f6chstem Niveau.<\/p>\n<p><span style=\"\"><img decoding=\"async\" alt=\"Luftaufnahme einer Stadt bei Sonnenuntergang mit modernen Hochh\u00e4usern, einem Fluss, der sich durch die Stadt schl\u00e4ngelt, und einem pastellfarbenen Himmel \u2013 eine perfekte Szene f\u00fcr ZHI-Freunde zum Teilen oder f\u00fcr Kursteilnehmer, um gemeinsam unvergessliche Erinnerungen festzuhalten.\" data-id=\"24604\" width=\"373\" data-init-width=\"400\" height=\"249\" data-init-height=\"267\" title=\" \" src=\"https:\/\/www.zhi-training.com\/academy\/wp-content\/uploads\/2024\/08\/beautiful-sunset-over-vienna-2023-11-27-05-08-07-utc-1.jpg\" data-width=\"373\" data-height=\"249\" style=\"aspect-ratio: auto 400 \/ 267;\" ml-d=\"0\" mt-d=\"0\" loading=\"lazy\"><\/span><\/p>\n<h2 style=\"text-align: center;\">H\u00c4UFIG GESTELLTE FRAGEN<\/h2>\n<p style=\"text-align: center;\">Copyright \u00a9 ZHI \u00b7<span style=\"\">&nbsp;&nbsp;<a href=\"https:\/\/www.zhi-training.com\/kontakt\" rel=\"nofollow\" spellcheck=\"false\" style=\"outline: none;\" target=\"_blank\"><span style=\"\">Impressum + Datenschutz<\/span><\/a><\/span><\/p>\n","protected":false},"excerpt":{"rendered":"<p>Benedikt Ahlfeld pr\u00e4sentiert: ZHI Friends Das Partnerprogramm f\u00fcr unsere ZHI Alumni: Empfiehl uns weiter, werbe neue Kursteilnehmer an und profitiere davon! Du bist begeistert von unseren Programmen und empfiehlst sie gerne deinen Freunden &amp; Bekannten weiter? Erfolgsprovision Erweiterter Support Exklusive VIP Events Wie funktioniert das Bonus-System? Ganz einfach! Du empfiehlst uns an Freunde und Bekannte &hellip; <a href=\"https:\/\/www.zhi-training.com\/academy\/friends\/\" class=\"more-link\"><span class=\"screen-reader-text\">\u201eZHI Friends &#8211; Dein Partnerprogramm\u201c<\/span> weiterlesen<\/a><\/p>\n","protected":false},"author":2245,"featured_media":0,"parent":0,"menu_order":0,"comment_status":"closed","ping_status":"closed","template":"","meta":{"footnotes":""},"folder":[],"class_list":["post-26231","page","type-page","status-publish","hentry"],"aioseo_notices":[],"_links":{"self":[{"href":"https:\/\/www.zhi-training.com\/academy\/wp-json\/wp\/v2\/pages\/26231","targetHints":{"allow":["GET"]}}],"collection":[{"href":"https:\/\/www.zhi-training.com\/academy\/wp-json\/wp\/v2\/pages"}],"about":[{"href":"https:\/\/www.zhi-training.com\/academy\/wp-json\/wp\/v2\/types\/page"}],"author":[{"embeddable":true,"href":"https:\/\/www.zhi-training.com\/academy\/wp-json\/wp\/v2\/users\/2245"}],"replies":[{"embeddable":true,"href":"https:\/\/www.zhi-training.com\/academy\/wp-json\/wp\/v2\/comments?post=26231"}],"version-history":[{"count":10,"href":"https:\/\/www.zhi-training.com\/academy\/wp-json\/wp\/v2\/pages\/26231\/revisions"}],"predecessor-version":[{"id":27111,"href":"https:\/\/www.zhi-training.com\/academy\/wp-json\/wp\/v2\/pages\/26231\/revisions\/27111"}],"wp:attachment":[{"href":"https:\/\/www.zhi-training.com\/academy\/wp-json\/wp\/v2\/media?parent=26231"}],"wp:term":[{"taxonomy":"folder","embeddable":true,"href":"https:\/\/www.zhi-training.com\/academy\/wp-json\/wp\/v2\/folder?post=26231"}],"curies":[{"name":"wp","href":"https:\/\/api.w.org\/{rel}","templated":true}]}}