{"id":25621,"date":"2023-06-25T11:32:17","date_gmt":"2023-06-25T09:32:17","guid":{"rendered":"https:\/\/www.zhi-training.com\/academy\/?page_id=25621"},"modified":"2025-11-06T09:43:21","modified_gmt":"2025-11-06T08:43:21","slug":"rhetorik-koerpersprache-videokurs","status":"publish","type":"page","link":"https:\/\/www.zhi-training.com\/academy\/rhetorik-koerpersprache-videokurs\/","title":{"rendered":"Rhetorik &amp; K\u00f6rpersprache: Videokurs f\u00fcr mehr Erfolg"},"content":{"rendered":"<p><span style=\"width: 100%;\"><img decoding=\"async\" alt=\"ZHI Logo Wei\u00df. Rhetorik &amp; K\u00f6rpersprache Videokurs f\u00fcr mehr Erfolg im Beruf. Jetzt starten!\" width=\"60\" height=\"36\" title=\" \" data-id=\"15464\" src=\"\/\/www.zhi-training.com\/wp-content\/themes\/agency\/images\/zhi_logo_white@2x.png\" style=\"aspect-ratio: auto 118 \/ 70;\" scale=\"0\" data-width=\"60\" data-height=\"36\" data-init-width=\"118\" data-init-height=\"70\"><\/span><\/p>\n<h1 style=\"text-align: center;\"><strong>Neu: Rhetorik &amp; K\u00f6rpersprache Videokurs<\/strong><\/h1>\n<p style=\"\"><span><span style=\"color: rgb(255, 255, 255);\">Mit dem neuen <strong>\u201eRhetorik und K\u00f6rpersprache&#8221; Videokurs bekommst du<\/strong>:<\/span><\/span><\/p>\n<ul>\n<li><span style=\"\">Alles Wichtige zur K\u00f6rpersprache<\/span><\/li>\n<li><span style=\"\">Geheimnisse f\u00fcrs Pr\u00e4sentieren<\/span><\/li>\n<li><span>Erfolg privat, im Beruf und beim Dating<\/span><\/li>\n<li><span style=\"\">Verhandlungen souver\u00e4n meistern<\/span><\/li>\n<li><span style=\"\">Mit vielen Praxis\u00fcbungen<\/span><\/li>\n<\/ul>\n<p><span><span style=\"color: rgb(255, 255, 255);\">Du erh\u00e4ltst die genaue <strong>\u201eSchritt f\u00fcr Schritt\u201c- Anleitung<\/strong>, die du einfach nur verstehen und umsetzen musst:<\/span><\/span><\/p>\n<p><span style=\"width: 100%;\"><a href=\"#buchen\" rel=\"nofollow\"><img decoding=\"async\" alt=\"\" width=\"948\" height=\"46\" title=\"Bekannt_aus_Footer@2x.jpg\" src=\"\/\/www.zhi-training.com\/wp-content\/themes\/agency\/images\/Bekannt_aus_Footer@2x.jpg\" style=\"aspect-ratio: auto 948 \/ 46;\" scale=\"2\" data-link-wrap=\"1\" data-width=\"948\" data-height=\"46\" data-init-width=\"948\" data-init-height=\"46\"><\/a><\/span><\/p>\n<p><span style=\"font-size: 14px; line-height: 24.5px; margin-top: 0px; padding-top: 0px; padding-left: 0px; margin-left: 0px; padding-right: 0px; margin-right: 0px; text-align: start;\"><\/span><span style=\"font-size: 14px; line-height: 24.5px; margin-top: 0px; padding-top: 0px; padding-left: 0px; margin-left: 0px; padding-right: 0px; margin-right: 0px; text-align: start;\"><\/span><span style=\"font-size: 14px; line-height: 24.5px; margin-top: 0px; padding-top: 0px; padding-left: 0px; margin-left: 0px; padding-right: 0px; margin-right: 0px; text-align: start;\"><\/span><span style=\"font-size: 14px; line-height: 24.5px; margin-top: 0px; padding-top: 0px; padding-left: 0px; margin-left: 0px; padding-right: 0px; margin-right: 0px; text-align: start;\"><\/span><span style=\"font-size: 14px; line-height: 24.5px; margin-top: 0px; padding-top: 0px; padding-left: 0px; margin-left: 0px; padding-right: 0px; margin-right: 0px; text-align: start;\"><\/span><span style=\"font-size: 14px; line-height: 24.5px; margin-top: 0px; padding-top: 0px; padding-left: 0px; margin-left: 0px; padding-right: 0px; margin-right: 0px; text-align: start;\"><\/span><span style=\"font-size: 14px; line-height: 24.5px; margin-top: 0px; padding-top: 0px; padding-left: 0px; margin-left: 0px; padding-right: 0px; margin-right: 0px; text-align: start;\"><\/span><span style=\"font-size: 14px; line-height: 24.5px; margin-top: 0px; padding-top: 0px; padding-left: 0px; margin-left: 0px; padding-right: 0px; margin-right: 0px; text-align: start;\"><\/span><span style=\"font-size: 14px; line-height: 24.5px; margin-top: 0px; padding-top: 0px; padding-left: 0px; margin-left: 0px; padding-right: 0px; margin-right: 0px; text-align: start;\"><\/span><span style=\"font-size: 14px; line-height: 24.5px; margin-top: 0px; padding-top: 0px; padding-left: 0px; margin-left: 0px; padding-right: 0px; margin-right: 0px; text-align: start;\"><\/span><\/p>\n<p style=\"text-align: center;\">Die Art, wie du denkst, beeinflusst deinen K\u00f6rper. Wie du deinen K\u00f6rper nutzt, beeinflusst deine Art zu denken. Bist du bereit, die bestm\u00f6gliche Wirkung auf dein Gegen\u00fcber und auch f\u00fcr dich selbst zu erzielen?<\/p>\n<p style=\"text-align: center;\">So k\u00f6nnte dein Alltag schon bald aussehen<\/p>\n<p style=\"text-align: center;\">Vor dem Handbuch<\/p>\n<ul>\n<li><span style=\"\">Du wei\u00dft nicht worauf du bei deiner Sprache und K\u00f6rpersprachen achten musst und <strong>machst die <strong>klassischen Fehler<\/strong>. <\/strong><\/span><\/li>\n<li><span><strong>Du f\u00fchlst dich anderen ausgeliefert<\/strong> oder es mangelt dir an Schlagfertigkeit. Du hast keine 100% Kontrolle \u00fcber deine Gef\u00fchle.<\/span><\/li>\n<li><span style=\"\">Dir&nbsp;<strong>entgehen oft wichtige Informationen&nbsp;<\/strong>und du \u00e4rgerst dich nachtr\u00e4glich, wieso dir etwas nicht gleich aufgefallen ist.<\/span><\/li>\n<li><span style=\"\">Es f\u00e4llt dir schwer mit unterschiedlichen Charakteren zu connecten und das hat schon zu <strong>Nachteilen (privat wie beruflich) <\/strong>gef\u00fchrt.<\/span><\/li>\n<li><span style=\"\"><strong>Unzufriedene Kunden<\/strong>, weil die <strong>Erfolgsrate ausbleibt <\/strong>und du Fehler machst, die dir nicht bewusst sind.&nbsp;<\/span><\/li>\n<\/ul>\n<p style=\"text-align: center;\">Nach dem Handbuch<\/p>\n<ul>\n<li><span style=\"\">Du kannst deine&nbsp;<strong>K\u00f6rpersprache und Sprache&nbsp;<\/strong>bewusst und&nbsp;<strong>gezielt einsetzen<\/strong>.<\/span><\/li>\n<li><span>Du<strong>&nbsp;kontrollierst deine Emotionen&nbsp;<\/strong>und bist in der Lage, selbst in schwierigen Situationen deine Ziele zu erreichen \u2013 und zwar stressfrei.<\/span><\/li>\n<li><span style=\"\">Du <strong>steigerst deine Wahrnehmung<\/strong> und dir entgehen keine Informationen mehr (selbst wenn dein Gegen\u00fcber nichts sagt).<\/span><\/li>\n<li><span style=\"\">Du <strong>baust schnellere und st\u00e4rkere Beziehungen <\/strong>zu anderen Menschen auf, weil du dich schneller in sie hineinversetzen kannst.<\/span><\/li>\n<li><span style=\"\"><strong>Mehr Erfolg beim Coachen und zufriedene Kunden<\/strong>, weil du aus sofort umsetzbaren und praxiserprobten Wissen aus \u00fcber <strong>70.000 &nbsp;Coachingstunden<\/strong> profitierst.&nbsp;<\/span><\/li>\n<\/ul>\n<p style=\"text-align: center;\">Vor dem Videokurs<\/p>\n<ul>\n<li><span style=\"\">Du wei\u00dft nicht worauf du bei deiner Sprache und K\u00f6rpersprachen achten musst und <strong>machst die <strong>klassischen Fehler<\/strong>. <\/strong><\/span><\/li>\n<li><span><strong>Du f\u00fchlst dich anderen ausgeliefert<\/strong> oder es mangelt dir an Schlagfertigkeit. Du hast keine 100% Kontrolle \u00fcber deine Gef\u00fchle.<\/span><\/li>\n<li><span style=\"\">Dir&nbsp;<strong>entgehen oft wichtige Informationen&nbsp;<\/strong>und du \u00e4rgerst dich nachtr\u00e4glich, wieso dir etwas nicht gleich aufgefallen ist.<\/span><\/li>\n<li><span style=\"\">Es f\u00e4llt dir schwer mit unterschiedlichen Charakteren zu connecten und das hat schon zu <strong>Nachteilen (privat wie beruflich) <\/strong>gef\u00fchrt.<\/span><\/li>\n<li><span style=\"\"><strong>Unzufriedene Kunden<\/strong>, weil die <strong>Erfolgsrate ausbleibt <\/strong>und du Fehler machst, die dir nicht bewusst sind. <\/span><\/li>\n<li><span><strong>Pr\u00e4sentationen machen dir ein unangenehmes Gef\u00fchl<\/strong> und kommen nicht immer gut an.<\/span><\/li>\n<\/ul>\n<p style=\"text-align: center;\">Nach dem Videokurs<\/p>\n<ul>\n<li><span style=\"\">Du kannst deine&nbsp;<strong>K\u00f6rpersprache und Sprache&nbsp;<\/strong>bewusst und&nbsp;<strong>gezielt einsetzen<\/strong>.<\/span><\/li>\n<li><span>Du<strong>&nbsp;kontrollierst deine Emotionen&nbsp;<\/strong>und bist in der Lage, selbst in schwierigen Situationen deine Ziele zu erreichen \u2013 und zwar stressfrei.<\/span><\/li>\n<li><span style=\"\">Du <strong>steigerst deine Wahrnehmung<\/strong> und dir entgehen keine Informationen mehr (selbst wenn dein Gegen\u00fcber nichts sagt).<\/span><\/li>\n<li><span style=\"\">Du <strong>baust schnellere und st\u00e4rkere Beziehungen <\/strong>zu anderen Menschen auf, weil du dich schneller in sie hineinversetzen kannst.<\/span><\/li>\n<li><span style=\"\"><strong>Mehr Erfolg beim Coachen und zufriedene Kunden<\/strong>, weil du aus sofort umsetzbaren und praxiserprobten Wissen aus \u00fcber <strong>70.000 &nbsp;Coachingstunden<\/strong> profitierst. <\/span><\/li>\n<li><span>Du kannst mit Sicherheit und Souver\u00e4nit\u00e4t <strong>dein Publikum begeistern<\/strong> und bleibst dabei <strong>v\u00f6llig entspannt<\/strong>.<\/span><\/li>\n<\/ul>\n<p><a href=\"#buchen\" rel=\"\"><\/a><\/p>\n<p style=\"text-align: center;\"><span>Erfolg<\/span><\/p>\n<p style=\"text-align: center;\"><span>Weil du flexibel auf unterschiedliche Menschen eingehen kannst, gelingt es dir (privat wie beruflich), deine Ziele schneller zu erreichen.<\/span><\/p>\n<p><a href=\"#buchen\" rel=\" nofollow\"><\/a><\/p>\n<p style=\"text-align: center;\"><span>Zeit<\/span><\/p>\n<p style=\"text-align: center;\"><span><span style=\"font-size: 16px;\">Du verbringst deine Zeit nicht mehr mit Menschen, die Energievampire sind oder dich nur Nerven kosten.<\/span><\/span><\/p>\n<p><a href=\"#buchen\" rel=\" nofollow\"><\/a><\/p>\n<p style=\"text-align: center;\"><span>Wertsch\u00e4tzung<\/span><\/p>\n<p style=\"text-align: center;\"><span><span>Der Vorteil an einem guten Auftreten ist es, dass du auch von anderen Menschen als wertvoll erkannt wirst!<\/span><\/span><\/p>\n<p style=\"text-align: center;\">Verbale Kommunikation besch\u00e4ftigt sich mit dem Ausdruck unserer Gedanken, nonverbale Kommunikation behandelt den Eindruck, den wir hinterlassen. Das, was wirklich bei deinem Gegen\u00fcber ankommt. Dieser Videokurs wurde f\u00fcr dich erstellt, wenn du in einem deiner Lebensbereiche mit Kommunikation zu tun hast. Nat\u00fcrlich wird dir schnell auffallen: Leben ist Kommunikation. Das ist auch logisch, denn du kannst nicht <em>nicht<\/em> kommunizieren. Die Frage ist vielmehr: <em>Was<\/em> willst du kommunizieren? Um sicherzustellen, dass deine Botschaft ankommt, sollte das Hauptaugenmerk auf dem nonverbalen Eindruck liegen, immerhin macht dieser einen Gro\u00dfteil der Kommunikation aus!<\/p>\n<p style=\"text-align: center;\"><span>\u00dcber deinen Kursleiter<\/span><\/p>\n<p>Benedikt Ahlfeld verf\u00fcgen \u00fcber jahrzehntelange Erfahrung im Coaching und Training.<\/p>\n<p><span style=\"width: 100%;\"><a href=\"#buchen\" rel=\"  nofollow\"><img decoding=\"async\" alt=\"Ein Zitat von Dr. Richard Bandler, Entwickler von NLP, DHE\u00ae und NHR\u00ae, das Benedikt Ahlfeld als Lehrenden empfiehlt, um NLP zu lernen.\" width=\"550\" height=\"132\" title=\"\" data-id=\"15433\" src=\"https:\/\/www.zhi-training.com\/academy\/wp-content\/uploads\/2022\/10\/richard.png\" style=\"aspect-ratio: auto 1562 \/ 376;\" scale=\"0\" data-link-wrap=\"1\" data-width=\"550\" data-height=\"132\" data-init-width=\"1562\" data-init-height=\"376\"><\/a><\/span><span style=\"width: 100%;\"><a href=\"#buchen\" rel=\"  nofollow\"><img decoding=\"async\" alt=\"98% Weiterempfehlung Rhetorik Videokurs. 9 von 10 sind sehr zufrieden\" width=\"150\" height=\"160\" title=\"\" src=\"https:\/\/www.zhi-training.com\/academy\/wp-content\/uploads\/2022\/10\/siegel-gruen-2-5-3-3-3-3-3-3-3.png\" style=\"aspect-ratio: auto 353 \/ 376;\" scale=\"0\" data-link-wrap=\"1\" data-width=\"150\" data-height=\"160\" data-init-width=\"353\" data-init-height=\"376\"><\/a><\/span><span style=\"width: 100%;\"><a href=\"#buchen\" rel=\"  nofollow\"><img decoding=\"async\" alt=\"Benedikt Ahlfeld\" width=\"130\" height=\"195\" title=\"\" data-id=\"15433\" src=\"\/\/www.zhi-training.com\/wp-content\/uploads\/2018\/08\/Benedikt-Ahlfeld-2018.jpg\" style=\"aspect-ratio: auto 213 \/ 320;\" scale=\"0\" data-link-wrap=\"1\" data-width=\"130\" data-height=\"195\" data-init-width=\"213\" data-init-height=\"320\"><\/a><\/span><\/p>\n<p>MAG. BENEDIKT AHLFELD ist mehrfacher Bestseller-Autor, Top-Speaker, staatl. gepr\u00fcfter Unternehmensberater und akkreditierter Business Coach. Seit mehr als 15 Jahren ist er aktiv im Business und mit \u00fcber 100.000 KundInnen z\u00e4hlt er zu den erfolgreichsten Coaches im deutschsprachigen Raum. Immer wieder hat er in dieser Zeit mit Menschen zusammengearbeitet, um deren Business zum Durchbruch zu verhelfen. Der Fokus seines Studiums auf Change-Management (Ver\u00e4nderungsprozesse im Unternehmen) erm\u00f6glicht effektive Ver\u00e4nderung, die wissenschaftlich fundiert ist. Nicht ohne Grund arbeiten ATX Vorstandsvorsitzende, Spitzensportler, Studenten, \u00c4rzte, Unternehmer, P\u00e4dagogen, Top-Manager, Therapeuten und Weltmeister mit ihm.<\/p>\n<p><span style=\"width: 100%;\"><a href=\"#buchen\" rel=\"  nofollow\"><img decoding=\"async\" alt=\"Benedikt Ahlfeld\" width=\"130\" height=\"195\" title=\"Benedikt-Ahlfeld-2018.jpg\" data-id=\"15433\" src=\"\/\/www.zhi-training.com\/wp-content\/uploads\/2018\/08\/Benedikt-Ahlfeld-2018.jpg\" style=\"aspect-ratio: auto 213 \/ 320;\" scale=\"0\" data-link-wrap=\"1\" data-width=\"130\" data-height=\"195\" data-init-width=\"213\" data-init-height=\"320\"><\/a><\/span><\/p>\n<p>MAG. BENEDIKT AHLFELD ist mehrfacher Bestseller-Autor, Top-Speaker, staatl. gepr\u00fcfter Unternehmensberater und akkreditierter Business Coach. Seit mehr als 15 Jahren ist er aktiv im Business und mit \u00fcber 100.000 KundInnen z\u00e4hlt er zu den erfolgreichsten Coaches im deutschsprachigen Raum. Immer wieder hat er in dieser Zeit mit Menschen zusammengearbeitet, um deren Business zum Durchbruch zu verhelfen. Der Fokus seines Studiums auf Change-Management (Ver\u00e4nderungsprozesse im Unternehmen) erm\u00f6glicht effektive Ver\u00e4nderung, die wissenschaftlich fundiert ist. Nicht ohne Grund arbeiten ATX Vorstandsvorsitzende, Spitzensportler, Studenten, \u00c4rzte, Unternehmer, P\u00e4dagogen, Top-Manager, Therapeuten und Weltmeister mit ihm.<\/p>\n<p style=\"text-align: center;\"><span><strong><span><strong><span><span>WAS DICH ERWARTET<\/span><\/span><\/strong><\/span><\/strong><\/span><\/p>\n<p style=\"text-align: left;\">Der Rhetorik &amp; K\u00f6rpersprache Videokurs bietet viele \u00dcbungen und Praxistipps, die du sofort durchf\u00fchren kannst. Lern die Anwendung im Beruf, dem privaten Alltag und beim Flirten von:<\/p>\n<ul>\n<li><span style=\"\">Rapport<\/span><\/li>\n<li><span>Repr\u00e4sentationssysteme<\/span><\/li>\n<li><span style=\"\">Ankern<\/span><\/li>\n<li><span style=\"\">Meta- und Milton-Modell<\/span><\/li>\n<li><span>Reframing<\/span><\/li>\n<li><span>Submodalit\u00e4ten<\/span><\/li>\n<li><span>Strategie<\/span><\/li>\n<li><span>Werte &amp;&nbsp;Glaubenss\u00e4tze<\/span><\/li>\n<li><span>Trance und Gespr\u00e4chshypnose<\/span><\/li>\n<\/ul>\n<p style=\"text-align: left;\">Dein Trainer Benedikt Ahlfeld wurde von Dr. Richard Bandler, dem kreativen Genie hinter NLP, pers\u00f6nlich ausgebildet und ist zum ersten NLP Master-Trainer in \u00d6sterreich ausgezeichnet worden. Er stellt auf unterhaltsame und zugleich tief gehende Weise dar, wie leicht es ist, sofort mehr Wirkung beim Gespr\u00e4chspartner zu erzielen. Wenn du selbst bestimmen m\u00f6chtest, wie du auf andere wirkst und auch in bester Erinnerung bleibst, ist dieser Videokurs genau das Richtige f\u00fcr dich.<\/p>\n<p style=\"text-align: left;\">Die Inhalte, die du im Videokurs erf\u00e4hrst, sind nicht irgendwelche theoretischen Methoden, sondern praktisch erprobtes und fundiertes Wissen. Du erh\u00e4ltst die genaue \u201eSchritt f\u00fcr Schritt\u201c- Anleitung, die du einfach nur verstehen und richtig umsetzen musst:<\/p>\n<p><span style=\"width: 100%;\"><a href=\"#buchen\" rel=\"  nofollow\"><img decoding=\"async\" alt=\"Rhetorik &amp; K\u00f6rpersprache Videokurs Module. Erfolg durch \u00fcberzeugende K\u00f6rpersprache lernen.\" width=\"200\" height=\"984\" title=\"module\" data-id=\"25649\" src=\"https:\/\/www.zhi-training.com\/academy\/wp-content\/uploads\/2023\/06\/module.jpg\" style=\"aspect-ratio: auto 300 \/ 1476;\" scale=\"0\" data-link-wrap=\"1\" data-width=\"200\" data-height=\"984\" data-init-width=\"300\" data-init-height=\"1476\"><\/a><\/span><\/p>\n<p style=\"text-align: center;\"><span><strong><span><strong><span><span>KUNDENSTIMMEN:<\/span><\/span><\/strong><\/span><\/strong><\/span><\/p>\n<p><span style=\"width: 100%;\"><a href=\"#buchen\" rel=\" nofollow\"><img decoding=\"async\" alt=\"\" width=\"200\" height=\"34\" title=\"Jetzt bestellen!\" data-id=\"23768\" src=\"https:\/\/www.zhi-training.com\/academy\/wp-content\/uploads\/2019\/06\/sterne.png\" style=\"aspect-ratio: auto 250 \/ 43;\" scale=\"0\" data-link-wrap=\"1\" data-width=\"200\" data-height=\"34\" data-init-width=\"250\" data-init-height=\"43\"><\/a><\/span><span style=\"width: 100%;\"><a href=\"#buchen\" rel=\" nofollow\"><img decoding=\"async\" alt=\"Ein Zitat von Dr. Pamela Luckau \u00fcber die Erwartungen an einen guten Trainer. Die Abbildung zeigt eine Person in professioneller Kleidung, die einen Vortrag h\u00e4lt. Text und Name sind gut lesbar.\" width=\"400\" height=\"115\" title=\"Jetzt bestellen!\" data-id=\"23768\" src=\"https:\/\/www.zhi-training.com\/wp-content\/uploads\/2014\/06\/rezi-pamela.jpg\" style=\"aspect-ratio: auto 500 \/ 144;\" scale=\"0\" data-link-wrap=\"1\" data-width=\"400\" data-height=\"115\" data-init-width=\"500\" data-init-height=\"144\"><\/a><\/span><span style=\"width: 100%;\"><a href=\"#buchen\" rel=\" nofollow\"><img decoding=\"async\" alt=\"Ein Portr\u00e4t eines Mannes, der in die Kamera schaut. Neben ihm steht ein Zitat \u00fcber transformative Ver\u00e4nderungen dank der ZHI Tools. Der Mann ist als Burn Out Pr\u00e4vention Coach identifiziert.\" width=\"400\" height=\"115\" title=\"Jetzt bestellen!\" data-id=\"23768\" src=\"https:\/\/www.zhi-training.com\/wp-content\/uploads\/2010\/05\/rezi-rene.jpg\" style=\"aspect-ratio: auto 500 \/ 144;\" scale=\"0\" data-link-wrap=\"1\" data-width=\"400\" data-height=\"115\" data-init-width=\"500\" data-init-height=\"144\"><\/a><\/span><span style=\"width: 100%;\"><a href=\"#buchen\" rel=\" nofollow\"><img decoding=\"async\" alt=\"Ein Zitat von Jeanette Egemann, Hypno-MasterCoach, das die F\u00e4higkeiten von Benedikt als professionellen Trainer lobt. Unterschrift und Portr\u00e4tfoto von Jeanette Egemann sind sichtbar.\" width=\"400\" height=\"115\" title=\"Jetzt bestellen!\" data-id=\"23768\" src=\"https:\/\/www.zhi-training.com\/wp-content\/uploads\/2014\/06\/rezi-jeanette.jpg\" style=\"aspect-ratio: auto 500 \/ 144;\" scale=\"0\" data-link-wrap=\"1\" data-width=\"400\" data-height=\"115\" data-init-width=\"500\" data-init-height=\"144\"><\/a><\/span><\/p>\n<p style=\"text-align: center;\"><span><strong><span><strong><span><span>JA, ICH WILL DEN VIDEOKURS JETZT STARTEN:<\/span><\/span><\/strong><\/span><\/strong><\/span><\/p>\n<p><!-- Begin of Digistore24 Multi Step Orderbox Code -->[tcb-script src=&#8221;https:\/\/www.digistore24.com\/service\/js\/orderform_widget.js&#8221;][\/tcb-script]<!-- End of Digistore24 Multi Step Orderbox Code --><span style=\"width: 100%;\"><a href=\"#buchen\" rel=\"  nofollow\"><img decoding=\"async\" alt=\"Firmenlogos\" width=\"1000\" height=\"49\" title=\"Bekannt_aus_Footer@2x.jpg\" src=\"\/\/www.zhi-training.com\/wp-content\/themes\/agency\/images\/Bekannt_aus_Footer@2x.jpg\" style=\"aspect-ratio: auto 948 \/ 46;\" scale=\"2\" data-link-wrap=\"1\" data-width=\"1000\" data-height=\"49\" data-init-width=\"948\" data-init-height=\"46\"><\/a><\/span><\/p>\n<p><span style=\"font-size: 14px; line-height: 24.5px; margin-top: 0px; padding-top: 0px; padding-left: 0px; margin-left: 0px; padding-right: 0px; margin-right: 0px; text-align: start;\"><\/span><span style=\"font-size: 14px; line-height: 24.5px; margin-top: 0px; padding-top: 0px; padding-left: 0px; margin-left: 0px; padding-right: 0px; margin-right: 0px; text-align: start;\"><\/span><span style=\"font-size: 14px; line-height: 24.5px; margin-top: 0px; padding-top: 0px; padding-left: 0px; margin-left: 0px; padding-right: 0px; margin-right: 0px; text-align: start;\"><\/span><span style=\"font-size: 14px; line-height: 24.5px; margin-top: 0px; padding-top: 0px; padding-left: 0px; margin-left: 0px; padding-right: 0px; margin-right: 0px; text-align: start;\"><\/span><span style=\"font-size: 14px; line-height: 24.5px; margin-top: 0px; padding-top: 0px; padding-left: 0px; margin-left: 0px; padding-right: 0px; margin-right: 0px; text-align: start;\"><\/span><span style=\"font-size: 14px; line-height: 24.5px; margin-top: 0px; padding-top: 0px; padding-left: 0px; margin-left: 0px; padding-right: 0px; margin-right: 0px; text-align: start;\"><\/span><span style=\"font-size: 14px; line-height: 24.5px; margin-top: 0px; padding-top: 0px; padding-left: 0px; margin-left: 0px; padding-right: 0px; margin-right: 0px; text-align: start;\"><\/span>[tcb-script src=&#8221;https:\/\/www.digistore24.com\/socialproof\/2943\/MBMHnFNF7VMdA7lJYhPlt4O9qV5dDN\/65\/300\/XX.js&#8221; defer=&#8221;&#8221;][\/tcb-script]<img decoding=\"async\" src=\"https:\/\/klick.zhi.at\/pix\/27qkz5djzfz1f59\" height=\"1\" width=\"1\"><\/p>\n<p style=\"text-align: center;\"><span><span>Copyright \u00a9 ZHI \u00b7<span style=\"color: rgb(255, 255, 255);\">&nbsp; <a href=\"https:\/\/www.zhi-training.com\/kontakt\" rel=\"nofollow\" target=\"_blank\" style=\"outline: none;\"><span>Impressum + Datenschutz<\/span><\/a><\/span><\/span><\/span><\/p>\n<p><img decoding=\"async\" src=\"https:\/\/www.klick-tipp.com\/pix\/1bo7z5djzfze82e\" height=\"1\" width=\"1\" scale=\"0\"><\/p>\n","protected":false},"excerpt":{"rendered":"<p>Neu: Rhetorik &amp; K\u00f6rpersprache Videokurs Mit dem neuen \u201eRhetorik und K\u00f6rpersprache&#8221; Videokurs bekommst du: Alles Wichtige zur K\u00f6rpersprache Geheimnisse f\u00fcrs Pr\u00e4sentieren Erfolg privat, im Beruf und beim Dating Verhandlungen souver\u00e4n meistern Mit vielen Praxis\u00fcbungen Du erh\u00e4ltst die genaue \u201eSchritt f\u00fcr Schritt\u201c- Anleitung, die du einfach nur verstehen und umsetzen musst: Die Art, wie du denkst, &hellip; <a href=\"https:\/\/www.zhi-training.com\/academy\/rhetorik-koerpersprache-videokurs\/\" class=\"more-link\"><span class=\"screen-reader-text\">\u201eRhetorik &amp; K\u00f6rpersprache: Videokurs f\u00fcr mehr Erfolg\u201c<\/span> weiterlesen<\/a><\/p>\n","protected":false},"author":3,"featured_media":0,"parent":0,"menu_order":0,"comment_status":"closed","ping_status":"closed","template":"","meta":{"footnotes":"","tve_updated_post":"","tve_custom_css":"","tve_user_custom_css":"","tve_globals":{},"tcb2_ready":1,"tcb_editor_enabled":1,"tve_landing_page":"blank_v2","_tve_header":"0","_tve_footer":"0"},"folder":[],"class_list":["post-25621","page","type-page","status-publish","hentry"],"aioseo_notices":[],"_links":{"self":[{"href":"https:\/\/www.zhi-training.com\/academy\/wp-json\/wp\/v2\/pages\/25621","targetHints":{"allow":["GET"]}}],"collection":[{"href":"https:\/\/www.zhi-training.com\/academy\/wp-json\/wp\/v2\/pages"}],"about":[{"href":"https:\/\/www.zhi-training.com\/academy\/wp-json\/wp\/v2\/types\/page"}],"author":[{"embeddable":true,"href":"https:\/\/www.zhi-training.com\/academy\/wp-json\/wp\/v2\/users\/3"}],"replies":[{"embeddable":true,"href":"https:\/\/www.zhi-training.com\/academy\/wp-json\/wp\/v2\/comments?post=25621"}],"version-history":[{"count":10,"href":"https:\/\/www.zhi-training.com\/academy\/wp-json\/wp\/v2\/pages\/25621\/revisions"}],"predecessor-version":[{"id":27334,"href":"https:\/\/www.zhi-training.com\/academy\/wp-json\/wp\/v2\/pages\/25621\/revisions\/27334"}],"wp:attachment":[{"href":"https:\/\/www.zhi-training.com\/academy\/wp-json\/wp\/v2\/media?parent=25621"}],"wp:term":[{"taxonomy":"folder","embeddable":true,"href":"https:\/\/www.zhi-training.com\/academy\/wp-json\/wp\/v2\/folder?post=25621"}],"curies":[{"name":"wp","href":"https:\/\/api.w.org\/{rel}","templated":true}]}}