{"id":24447,"date":"2023-01-19T13:58:25","date_gmt":"2023-01-19T12:58:25","guid":{"rendered":"https:\/\/www.zhi-training.com\/academy\/?page_id=24447"},"modified":"2025-06-13T22:50:30","modified_gmt":"2025-06-13T20:50:30","slug":"peergroup-koeln-50667","status":"publish","type":"page","link":"https:\/\/www.zhi-training.com\/academy\/peergroup-koeln-50667\/","title":{"rendered":"ZHI.academy Peegroup in K\u00f6ln, 50667"},"content":{"rendered":"<p><span style=\"width: 100%;\"><img decoding=\"async\" alt=\"\" width=\"60\" height=\"70\" title=\"zhi_logo_white@2x.png\" data-id=\"15464\" src=\"\/\/www.zhi-training.com\/wp-content\/themes\/agency\/images\/zhi_logo_white@2x.png\" style=\"aspect-ratio: auto 118 \/ 70;\" scale=\"0\" data-width=\"60\" data-init-width=\"118\" data-init-height=\"70\"><\/span><\/p>\n<p><span style=\"font-weight: 400;\"><span style=\"font-family: Lato;\"><span><span style=\"color: rgb(255, 255, 255);\">Im Rahmen der ZHI Online Academy finden laufend lokale Peergroup Treffen in deiner N\u00e4he statt. Stelle Fragen an unsere Coaches und erweitere dein Netzwerk! Schlie\u00dfe neue Freundschaften und nutze die Chance dein Business auf den n\u00e4chsten Level zu katapultieren. F\u00fcr eine \u00dcbersicht aller Standorte im DACH-Raum<\/span><\/span><\/span><\/span><span style=\"font-weight: 400;\"><span style=\"font-family: Lato;\"><span><span style=\"color: rgb(255, 255, 255);\"> <\/span><\/span><\/span><\/span><a href=\"https:\/\/www.zhi-training.com\/academy\/peergroup\/\" style=\"outline: none;\"><span style=\"font-weight: 400;\"><span style=\"font-family: Lato;\"><span><span style=\"color: rgb(238, 111, 45);\"><span style=\"--tcb-applied-color: rgb(238, 111, 45)  !important;\">klicke hier.<\/span><\/span><\/span><\/span><\/span><\/a><\/p>\n<p style=\"text-align: center;\"><strong><strong>Standort K\u00f6ln:&nbsp;<\/strong>Annika Kircher<\/strong><\/p>\n<ul>\n<li><span style=\"\"><span><span style=\"--tcb-applied-color: rgb(196, 151, 129)  !important; color: rgb(255, 255, 255);\"><span><span>lic. NLP &amp; Hypnose Coach<\/span><\/span><\/span><\/span><\/span><\/li>\n<li><span style=\"\"><strong>Psychologin (M. Sc. Psychologie) in Ausbildung<\/strong><\/span><\/li>\n<\/ul>\n<p style=\"\">Nach ihrem Wirtschaftspsychologie-Studium schloss sie ein Masters-Studium der Psychologie in Bonn an und absolvierte ihre NLP-, Hypnose- und Coaching-Ausbildung bei der ZHI Consulting GmbH. Sie legte ihren Fokus auf Pers\u00f6nlichkeitsentwicklung und Tools, die wirklich funktionieren. Seit 2017 arbeitet sie mit einem amerikanischen Unternehmen im Bereich der Komplement\u00e4r-Medizin zusammen und ist Expertin f\u00fcr Coaching und Beratung mit <a href=\"https:\/\/annikakircher.de\/essential-oils\/\" target=\"_blank\" style=\"outline: none;\" data-lt-tmp-id=\"lt-193302\" spellcheck=\"false\">\u00e4therischen \u00d6len<\/a>, die sie gerne bei NLP-Techniken und in der&nbsp;<a href=\"https:\/\/www.zhi-training.com\/nlp-lexikon\/hypnose\" style=\"outline: none;\" data-lt-tmp-id=\"lt-60698\" spellcheck=\"false\">Hypnose<\/a>&nbsp;integriert. Ihr Wissen und ihre Begeisterung vermittelt sie unter anderem auf Messen und Festivals als Speaker, bei Seminaren online oder offline,&nbsp;<a href=\"https:\/\/www.zhi-training.com\/academy\/peergroup-koeln-50667\/\" target=\"_blank\" style=\"outline: none;\" data-lt-tmp-id=\"lt-965922\" spellcheck=\"false\">Peergroups in K\u00f6ln<\/a> oder im 1 zu 1 Setting. Seit 2023 ist sie im Trainerteam bei ZHI. Annika unterst\u00fctzt Menschen, Verantwortung f\u00fcr ihre Emotionen und ihr Wohlbefinden zu \u00fcbernehmen. Besonders erf\u00fcllt es sie, wenn gro\u00dfe Gruppen gemeinsam eine Transformation erleben und dadurch Freundschaften f\u00fcr\u2019s Leben entstehen.<\/p>\n<p><span style=\"width: 100%;\"><a href=\"#buchen\" rel=\"    nofollow\"><img decoding=\"async\" alt=\"Annika Kircher\" width=\"335\" height=\"502\" src=\"https:\/\/www.zhi-training.com\/academy\/wp-content\/uploads\/2023\/03\/Anika-scaled.jpg\" style=\"aspect-ratio: auto 1707 \/ 2560;\" scale=\"0\" data-link-wrap=\"1\" data-width=\"335\" data-init-width=\"1707\" data-init-height=\"2560\" data-id=\"25173\" title=\"\" loading=\"lazy\" data-height=\"502\"><\/a><\/span><\/p>\n<p style=\"\"><span><span style=\"color: rgb(255, 255, 255);\">Standort :&nbsp;<\/span><\/span><span><span style=\"color: rgb(255, 255, 255);\"><\/span><\/span><span><span style=\"color: rgb(255, 255, 255);\">ESG K\u00f6ln <\/span><\/span><span><span style=\"color: rgb(255, 255, 255);\">Bachemer Stra\u00dfe 27 <\/span><\/span><span><span style=\"color: rgb(255, 255, 255);\">50931 K\u00f6ln-Lindenthal <\/span><\/span><span><span style=\"color: rgb(255, 255, 255);\">Gr\u00fcner Raum<\/span><\/span><\/p>\n<p style=\"\">Trainer Website:&nbsp;<a href=\"http:\/\/annikakircher.de\/\" target=\"_blank\" style=\"outline: none;\">annikakircher.de<\/a><\/p>\n<p style=\"text-align: center;\"><span><strong><span><strong><span><span>JA, ICH WILL <span style=\"text-transform: uppercase;\">teilnehmen<\/span>:<\/span><\/span><\/strong><\/span><\/strong><\/span><\/p>\n<p><span><span><strong>Dauer:<\/strong> 2-4 Stunden<\/span><\/span><\/p>\n<p><span><span><strong>Investition: <\/strong>deine erste Peergroup ist <strong>kostenfrei<\/strong>! Danach kannst du im Rahmen deiner&nbsp;<\/span><\/span><a href=\"https:\/\/zhi.academy\" style=\"outline: none;\" target=\"_blank\"><span><span>ZHI Academy Mitgliedschaft<\/span><\/span><\/a><span><span> (im Preis inklusive) teilnehmen.<\/span><\/span><\/p>\n<p><span><span>Melde dich jetzt zu deinem <strong>Wunschtermin<\/strong> an!&nbsp;<\/span><\/span><span><span><\/span><\/span><span><span>(Felder mit einem * sind Pflichtfelder):<\/span><\/span><\/p>\n<p style=\"text-align: center;\"><span><span>Copyright \u00a9 ZHI \u00b7<span style=\"color: rgb(255, 255, 255);\">&nbsp; <a href=\"https:\/\/www.zhi-training.com\/kontakt\" rel=\"nofollow\" target=\"_blank\" style=\"outline: none;\"><span>Impressum + Datenschutz<\/span><\/a><\/span><\/span><\/span><\/p>\n","protected":false},"excerpt":{"rendered":"<p>Im Rahmen der ZHI Online Academy finden laufend lokale Peergroup Treffen in deiner N\u00e4he statt. Stelle Fragen an unsere Coaches und erweitere dein Netzwerk! Schlie\u00dfe neue Freundschaften und nutze die Chance dein Business auf den n\u00e4chsten Level zu katapultieren. F\u00fcr eine \u00dcbersicht aller Standorte im DACH-Raum klicke hier. Standort K\u00f6ln:&nbsp;Annika Kircher lic. NLP &amp; Hypnose &hellip; <a href=\"https:\/\/www.zhi-training.com\/academy\/peergroup-koeln-50667\/\" class=\"more-link\"><span class=\"screen-reader-text\">\u201eZHI.academy Peegroup in K\u00f6ln, 50667\u201c<\/span> weiterlesen<\/a><\/p>\n","protected":false},"author":2245,"featured_media":0,"parent":0,"menu_order":0,"comment_status":"closed","ping_status":"closed","template":"","meta":{"footnotes":"","tve_updated_post":"","tve_custom_css":"","tve_user_custom_css":"","tve_globals":{},"tcb2_ready":1,"tcb_editor_enabled":1,"tve_landing_page":"blank_v2","_tve_header":"0","_tve_footer":"0"},"folder":[],"class_list":["post-24447","page","type-page","status-publish","hentry"],"aioseo_notices":[],"_links":{"self":[{"href":"https:\/\/www.zhi-training.com\/academy\/wp-json\/wp\/v2\/pages\/24447","targetHints":{"allow":["GET"]}}],"collection":[{"href":"https:\/\/www.zhi-training.com\/academy\/wp-json\/wp\/v2\/pages"}],"about":[{"href":"https:\/\/www.zhi-training.com\/academy\/wp-json\/wp\/v2\/types\/page"}],"author":[{"embeddable":true,"href":"https:\/\/www.zhi-training.com\/academy\/wp-json\/wp\/v2\/users\/2245"}],"replies":[{"embeddable":true,"href":"https:\/\/www.zhi-training.com\/academy\/wp-json\/wp\/v2\/comments?post=24447"}],"version-history":[{"count":10,"href":"https:\/\/www.zhi-training.com\/academy\/wp-json\/wp\/v2\/pages\/24447\/revisions"}],"predecessor-version":[{"id":27127,"href":"https:\/\/www.zhi-training.com\/academy\/wp-json\/wp\/v2\/pages\/24447\/revisions\/27127"}],"wp:attachment":[{"href":"https:\/\/www.zhi-training.com\/academy\/wp-json\/wp\/v2\/media?parent=24447"}],"wp:term":[{"taxonomy":"folder","embeddable":true,"href":"https:\/\/www.zhi-training.com\/academy\/wp-json\/wp\/v2\/folder?post=24447"}],"curies":[{"name":"wp","href":"https:\/\/api.w.org\/{rel}","templated":true}]}}