{"id":23710,"date":"2022-10-09T11:46:36","date_gmt":"2022-10-09T09:46:36","guid":{"rendered":"https:\/\/www.zhi-training.com\/academy\/?page_id=23710"},"modified":"2025-06-16T17:56:22","modified_gmt":"2025-06-16T15:56:22","slug":"koerpersprache-nlp","status":"publish","type":"page","link":"https:\/\/www.zhi-training.com\/academy\/koerpersprache-nlp\/","title":{"rendered":"Nonverbale Kommunikation mit NLP &amp; K\u00f6rpersprache"},"content":{"rendered":"<p><span style=\"width: 100%;\"><img decoding=\"async\" alt=\"ZHI Logo\" width=\"60\" height=\"36\" title=\" \" data-id=\"15464\" src=\"\/\/www.zhi-training.com\/wp-content\/themes\/agency\/images\/zhi_logo_white@2x.png\" style=\"aspect-ratio: auto 118 \/ 70;\" scale=\"0\" data-width=\"60\" data-height=\"36\" data-init-width=\"118\" data-init-height=\"70\" loading=\"lazy\"><\/span><\/p>\n<h2 style=\"text-align: center;\"><strong>Mehr <span style=\"text-transform: none;\">er<\/span>reichen <span style=\"text-transform: none;\">mit<\/span> K\u00f6rpersprache <span style=\"text-transform: none;\">und <\/span>NLP<\/strong><\/h2>\n<p style=\"\"><span><span style=\"color: rgb(255, 255, 255);\">Mit&nbsp;&nbsp;<strong>\u201eK\u00f6rpersprache und NLP &#8211; erfolgreicher nonverbal kommunizieren&#8221; bekommst du<\/strong>:<\/span><\/span><\/p>\n<ul>\n<li><span style=\"\">Alles wichtige zur K\u00f6rpersprache<\/span><\/li>\n<li><span style=\"\">Geheimnisse des NLP<\/span><\/li>\n<li><span>Erfolg privat, im Beruf und beim Dating<\/span><\/li>\n<li><span style=\"\">Alltagssituationen souver\u00e4n meistern<\/span><\/li>\n<li><span style=\"\">\u00fcber 160 Seiten vollgepackt mit Infos, die du nur in \u201cK\u00f6rpersprache &amp; NLP\u201d findest<\/span><\/li>\n<\/ul>\n<p><span><span style=\"color: rgb(255, 255, 255);\">Du erh\u00e4ltst die genaue <strong>\u201eSchritt f\u00fcr Schritt\u201c- Anleitung<\/strong>, die du einfach nur verstehen und umsetzen musst:<\/span><\/span><\/p>\n<p><span style=\"width: 100%;\"><a href=\"#buchen\" rel=\"nofollow\"><img decoding=\"async\" alt=\"Logos von Medienpartnern\" width=\"910\" height=\"44\" title=\" \" src=\"\/\/www.zhi-training.com\/wp-content\/themes\/agency\/images\/Bekannt_aus_Footer@2x.jpg\" style=\"aspect-ratio: auto 948 \/ 46;\" scale=\"2\" data-link-wrap=\"1\" data-width=\"910\" data-height=\"44\" data-init-width=\"948\" data-init-height=\"46\" loading=\"lazy\"><\/a><\/span><\/p>\n<p><span style=\"font-size: 14px; line-height: 24.5px; margin-top: 0px; padding-top: 0px; padding-left: 0px; margin-left: 0px; padding-right: 0px; margin-right: 0px; text-align: start;\"><\/span><span style=\"font-size: 14px; line-height: 24.5px; margin-top: 0px; padding-top: 0px; padding-left: 0px; margin-left: 0px; padding-right: 0px; margin-right: 0px; text-align: start;\"><\/span><span style=\"font-size: 14px; line-height: 24.5px; margin-top: 0px; padding-top: 0px; padding-left: 0px; margin-left: 0px; padding-right: 0px; margin-right: 0px; text-align: start;\"><\/span><span style=\"font-size: 14px; line-height: 24.5px; margin-top: 0px; padding-top: 0px; padding-left: 0px; margin-left: 0px; padding-right: 0px; margin-right: 0px; text-align: start;\"><\/span><span style=\"font-size: 14px; line-height: 24.5px; margin-top: 0px; padding-top: 0px; padding-left: 0px; margin-left: 0px; padding-right: 0px; margin-right: 0px; text-align: start;\"><\/span><span style=\"font-size: 14px; line-height: 24.5px; margin-top: 0px; padding-top: 0px; padding-left: 0px; margin-left: 0px; padding-right: 0px; margin-right: 0px; text-align: start;\"><\/span><span style=\"font-size: 14px; line-height: 24.5px; margin-top: 0px; padding-top: 0px; padding-left: 0px; margin-left: 0px; padding-right: 0px; margin-right: 0px; text-align: start;\"><\/span><span style=\"font-size: 14px; line-height: 24.5px; margin-top: 0px; padding-top: 0px; padding-left: 0px; margin-left: 0px; padding-right: 0px; margin-right: 0px; text-align: start;\"><\/span><span style=\"font-size: 14px; line-height: 24.5px; margin-top: 0px; padding-top: 0px; padding-left: 0px; margin-left: 0px; padding-right: 0px; margin-right: 0px; text-align: start;\"><\/span><span style=\"font-size: 14px; line-height: 24.5px; margin-top: 0px; padding-top: 0px; padding-left: 0px; margin-left: 0px; padding-right: 0px; margin-right: 0px; text-align: start;\"><\/span><\/p>\n<p style=\"text-align: center;\">Die Art, wie du denkst, beeinflusst deinen K\u00f6rper. Wie du deinen K\u00f6rper nutzt, beeinflusst deine Art zu denken. Bist du bereit, die bestm\u00f6gliche Wirkung auf dein Gegen\u00fcber und auch f\u00fcr dich selbst zu erzielen?<\/p>\n<p style=\"text-align: center;\">So k\u00f6nnte dein Alltag schon bald aussehen<\/p>\n<p style=\"text-align: center;\">Vor dem Handbuch<\/p>\n<ul>\n<li><span style=\"\">Du wei\u00dft nicht worauf du bei deiner Sprache und K\u00f6rpersprachen achten musst und <strong>machst die <strong>klassischen Fehler<\/strong>. <\/strong><\/span><\/li>\n<li><span><strong>Du f\u00fchlst dich anderen ausgeliefert<\/strong> oder es mangelt dir an Schlagfertigkeit. Du hast keine 100% Kontrolle \u00fcber deine Gef\u00fchle.<\/span><\/li>\n<li><span style=\"\">Dir&nbsp;<strong>entgehen oft wichtige Informationen&nbsp;<\/strong>und du \u00e4rgerst dich nachtr\u00e4glich, wieso dir etwas nicht gleich aufgefallen ist.<\/span><\/li>\n<li><span style=\"\">Es f\u00e4llt dir schwer mit unterschiedlichen Charakteren zu connecten und das hat schon zu <strong>Nachteilen (privat wie beruflich) <\/strong>gef\u00fchrt.<\/span><\/li>\n<li><span style=\"\"><strong>Unzufriedene Kunden<\/strong>, weil die <strong>Erfolgsrate ausbleibt <\/strong>und du Fehler machst, die dir nicht bewusst sind.&nbsp;<\/span><\/li>\n<\/ul>\n<p style=\"text-align: center;\">Nach dem Handbuch<\/p>\n<ul>\n<li><span style=\"\">Du kannst deine&nbsp;<strong>K\u00f6rpersprache und Sprache&nbsp;<\/strong>bewusst und&nbsp;<strong>gezielt einsetzen<\/strong>.<\/span><\/li>\n<li><span>Du<strong>&nbsp;kontrollierst deine Emotionen&nbsp;<\/strong>und bist in der Lage, selbst in schwierigen Situationen deine Ziele zu erreichen \u2013 und zwar stressfrei.<\/span><\/li>\n<li><span style=\"\">Du <strong>steigerst deine Wahrnehmung<\/strong> und dir entgehen keine Informationen mehr (selbst wenn dein Gegen\u00fcber nichts sagt).<\/span><\/li>\n<li><span style=\"\">Du <strong>baust schnellere und st\u00e4rkere Beziehungen <\/strong>zu anderen Menschen auf, weil du dich schneller in sie hineinversetzen kannst.<\/span><\/li>\n<li><span style=\"\"><strong>Mehr Erfolg beim Coachen und zufriedene Kunden<\/strong>, weil du aus sofort umsetzbaren und praxiserprobten Wissen aus \u00fcber <strong>70.000 &nbsp;Coachingstunden<\/strong> profitierst.&nbsp;<\/span><\/li>\n<\/ul>\n<p style=\"text-align: center;\">Vor dem Handbuch<\/p>\n<ul>\n<li><span style=\"\">Du wei\u00dft nicht worauf du bei deiner Sprache und K\u00f6rpersprachen achten musst und <strong>machst die <strong>klassischen Fehler<\/strong>. <\/strong><\/span><\/li>\n<li><span><strong>Du f\u00fchlst dich anderen ausgeliefert<\/strong> oder es mangelt dir an Schlagfertigkeit. Du hast keine 100% Kontrolle \u00fcber deine Gef\u00fchle.<\/span><\/li>\n<li><span style=\"\">Dir&nbsp;<strong>entgehen oft wichtige Informationen&nbsp;<\/strong>und du \u00e4rgerst dich nachtr\u00e4glich, wieso dir etwas nicht gleich aufgefallen ist.<\/span><\/li>\n<li><span style=\"\">Es f\u00e4llt dir schwer mit unterschiedlichen Charakteren zu connecten und das hat schon zu <strong>Nachteilen (privat wie beruflich) <\/strong>gef\u00fchrt.<\/span><\/li>\n<li><span style=\"\"><strong>Unzufriedene Kunden<\/strong>, weil die <strong>Erfolgsrate ausbleibt <\/strong>und du Fehler machst, die dir nicht bewusst sind.&nbsp;<\/span><\/li>\n<\/ul>\n<p style=\"text-align: center;\">Nach dem Handbuch<\/p>\n<ul>\n<li><span style=\"\">Du kannst deine&nbsp;<strong>K\u00f6rpersprache und Sprache&nbsp;<\/strong>bewusst und&nbsp;<strong>gezielt einsetzen<\/strong>.<\/span><\/li>\n<li><span>Du<strong>&nbsp;kontrollierst deine Emotionen&nbsp;<\/strong>und bist in der Lage, selbst in schwierigen Situationen deine Ziele zu erreichen \u2013 und zwar stressfrei.<\/span><\/li>\n<li><span style=\"\">Du <strong>steigerst deine Wahrnehmung<\/strong> und dir entgehen keine Informationen mehr (selbst wenn dein Gegen\u00fcber nichts sagt).<\/span><\/li>\n<li><span style=\"\">Du <strong>baust schnellere und st\u00e4rkere Beziehungen <\/strong>zu anderen Menschen auf, weil du dich schneller in sie hineinversetzen kannst.<\/span><\/li>\n<li><span style=\"\"><strong>Mehr Erfolg beim Coachen und zufriedene Kunden<\/strong>, weil du aus sofort umsetzbaren und praxiserprobten Wissen aus \u00fcber <strong>70.000 &nbsp;Coachingstunden<\/strong> profitierst.&nbsp;<\/span><\/li>\n<\/ul>\n<p><a href=\"#buchen\" rel=\"\"><\/a><\/p>\n<p style=\"text-align: center;\"><span>Erfolg<\/span><\/p>\n<p style=\"text-align: center;\"><span>Weil du flexibel auf unterschiedliche Menschen eingehen kannst, gelingt es dir (privat wie beruflich), deine Ziele schneller zu erreichen.<\/span><\/p>\n<p><a href=\"#buchen\" rel=\" nofollow\"><\/a><\/p>\n<p style=\"text-align: center;\"><span>Zeit<\/span><\/p>\n<p style=\"text-align: center;\"><span><span style=\"font-size: 16px;\">Du verbringst deine Zeit nicht mehr mit Menschen, die Energievampire sind oder dich nur Nerven kosten.<\/span><\/span><\/p>\n<p><a href=\"#buchen\" rel=\" nofollow\"><\/a><\/p>\n<p style=\"text-align: center;\"><span>Wertsch\u00e4tzung<\/span><\/p>\n<p style=\"text-align: center;\"><span><span>Der Vorteil an einem guten Auftreten ist es, dass du auch von anderen Menschen als wertvoll erkannt wirst!<\/span><\/span><\/p>\n<p style=\"text-align: center;\">Verbale Kommunikation besch\u00e4ftigt sich mit dem Ausdruck unserer Gedanken, nonverbale Kommunikation behandelt den Eindruck, den wir hinterlassen. Das, was wirklich bei deinem Gegen\u00fcber ankommt. Dieses Buch wurde f\u00fcr dich geschrieben, wenn du in einem deiner Lebensbereiche mit Kommunikation zu tun hast. Nat\u00fcrlich wird dir schnell auffallen: Leben ist Kommunikation. Das ist auch logisch, denn du kannst nicht <em>nicht<\/em> kommunizieren. Die Frage ist vielmehr: <em>Was<\/em> willst du kommunizieren? Um sicherzustellen, dass deine Botschaft ankommt, sollte das Hauptaugenmerk auf dem nonverbalen Eindruck liegen, immerhin macht dieser einen Gro\u00dfteil der Kommunikation aus!<\/p>\n<p style=\"text-align: center;\"><span>\u00dcber die Autoren<\/span><\/p>\n<p>Die beiden Autoren verf\u00fcgen \u00fcber jahrzehntelange Erfahrung im Coaching und Training.<\/p>\n<p><span style=\"width: 100%;\"><a href=\"#buchen\" rel=\"  nofollow\"><img decoding=\"async\" alt=\"Zitat von Dr. Richard Bandler \u00fcber NLP\" width=\"550\" height=\"132\" title=\"\" data-id=\"15433\" src=\"https:\/\/www.zhi-training.com\/academy\/wp-content\/uploads\/2022\/10\/richard.png\" style=\"aspect-ratio: auto 1562 \/ 376;\" scale=\"0\" data-link-wrap=\"1\" data-width=\"550\" data-height=\"132\" data-init-width=\"1562\" data-init-height=\"376\" loading=\"lazy\"><\/a><\/span><span style=\"width: 100%;\"><a href=\"#buchen\" rel=\"  nofollow\"><img decoding=\"async\" alt=\"98% Weiterempfehlung mit Zufriedenheitsstatistik\" width=\"150\" height=\"160\" title=\"\" src=\"https:\/\/www.zhi-training.com\/academy\/wp-content\/uploads\/2022\/10\/siegel-gruen-2-5-3-3-3-3-3-3-3.png\" style=\"aspect-ratio: auto 353 \/ 376;\" scale=\"0\" data-link-wrap=\"1\" data-width=\"150\" data-height=\"160\" data-init-width=\"353\" data-init-height=\"376\" loading=\"lazy\"><\/a><\/span><span style=\"width: 100%;\"><a href=\"#buchen\" rel=\"  nofollow\"><img decoding=\"async\" alt=\"Benedikt Ahlfeld\" width=\"130\" height=\"195\" title=\"\" data-id=\"15433\" src=\"\/\/www.zhi-training.com\/wp-content\/uploads\/2018\/08\/Benedikt-Ahlfeld-2018.jpg\" style=\"aspect-ratio: auto 213 \/ 320;\" scale=\"0\" data-link-wrap=\"1\" data-width=\"130\" data-height=\"195\" data-init-width=\"213\" data-init-height=\"320\" loading=\"lazy\"><\/a><\/span><span style=\"width: 100%;\"><a href=\"#buchen\" rel=\"  nofollow\"><img decoding=\"async\" alt=\"MAG. MICHAELA FORSTIK \" width=\"130\" height=\"195\" title=\"\" data-id=\"15433\" src=\"https:\/\/www.zhi-training.com\/wp-content\/uploads\/2010\/05\/michaela-forstik.png\" style=\"aspect-ratio: auto 213 \/ 320;\" scale=\"0\" data-link-wrap=\"1\" data-width=\"130\" data-height=\"195\" data-init-width=\"213\" data-init-height=\"320\" loading=\"lazy\"><\/a><\/span><\/p>\n<p>MAG. BENEDIKT AHLFELD ist mehrfacher Bestseller-Autor, Top-Speaker, staatl. gepr\u00fcfter Unternehmensberater und akkreditierter Business Coach. Seit mehr als 15 Jahren ist er aktiv im Business und mit \u00fcber 100.000 KundInnen z\u00e4hlt er zu den erfolgreichsten Coaches im deutschsprachigen Raum. Immer wieder hat er in dieser Zeit mit Menschen zusammengearbeitet, um deren Business zum Durchbruch zu verhelfen. Der Fokus seines Studiums auf Change-Management (Ver\u00e4nderungsprozesse im Unternehmen) erm\u00f6glicht effektive Ver\u00e4nderung, die wissenschaftlich fundiert ist. Nicht ohne Grund arbeiten ATX Vorstandsvorsitzende, Spitzensportler, Studenten, \u00c4rzte, Unternehmer, P\u00e4dagogen, Top-Manager, Therapeuten und Weltmeister mit ihm.<\/p>\n<p>MAG. MICHAELA FORSTIK hat Wirtschaftspsychologie an der Universit\u00e4t Wien studiert und hat es sich zur Leidenschaft und Berufung gemacht, Menschen dabei zu unterst\u00fctzen viel Gesp\u00fcr f\u00fcr sich selbst zu entwickeln. Dabei liegt ihr Fokus speziell auf erf\u00fcllten Beziehungen \u2013 im romantischen, freundschaftlichen, beruflichen und famili\u00e4ren Kontext. Sie bringt ihr psychologisches Fachwissen sowie ihre pers\u00f6nliche Erfahrung in Kombination mit den praxiserprobten NLP \u2013 und Hypnosetechniken mit in den Coachingprozess ein. Du bist ein Mensch, der vor seinem eigenen Erfolg nicht zur\u00fcckschreckt sondern mit Herz, Seele und voller Energie dabei ist? Bereit, 100% Gas zu geben um dich radikal und dramatisch schnell weiter zu entwickeln? Dann hol dir jetzt das neue Coaching Praxishandbuch!<\/p>\n<p><span style=\"width: 100%;\"><a href=\"#buchen\" rel=\"  nofollow\"><img decoding=\"async\" alt=\"Benedikt Ahlfeld\" width=\"130\" height=\"195\" title=\"Benedikt-Ahlfeld-2018.jpg\" data-id=\"15433\" src=\"\/\/www.zhi-training.com\/wp-content\/uploads\/2018\/08\/Benedikt-Ahlfeld-2018.jpg\" style=\"aspect-ratio: auto 213 \/ 320;\" scale=\"0\" data-link-wrap=\"1\" data-width=\"130\" data-height=\"195\" data-init-width=\"213\" data-init-height=\"320\" loading=\"lazy\"><\/a><\/span><\/p>\n<p>MAG. BENEDIKT AHLFELD ist mehrfacher Bestseller-Autor, Top-Speaker, staatl. gepr\u00fcfter Unternehmensberater und akkreditierter Business Coach. Seit mehr als 15 Jahren ist er aktiv im Business und mit \u00fcber 100.000 KundInnen z\u00e4hlt er zu den erfolgreichsten Coaches im deutschsprachigen Raum. Immer wieder hat er in dieser Zeit mit Menschen zusammengearbeitet, um deren Business zum Durchbruch zu verhelfen. Der Fokus seines Studiums auf Change-Management (Ver\u00e4nderungsprozesse im Unternehmen) erm\u00f6glicht effektive Ver\u00e4nderung, die wissenschaftlich fundiert ist. Nicht ohne Grund arbeiten ATX Vorstandsvorsitzende, Spitzensportler, Studenten, \u00c4rzte, Unternehmer, P\u00e4dagogen, Top-Manager, Therapeuten und Weltmeister mit ihm.<\/p>\n<p><span style=\"width: 100%;\"><a href=\"#buchen\" rel=\"  nofollow\"><img decoding=\"async\" alt=\"Benedikt Ahlfeld\" width=\"130\" height=\"195\" title=\"Benedikt-Ahlfeld-2018.jpg\" data-id=\"15433\" src=\"https:\/\/www.zhi-training.com\/wp-content\/uploads\/2010\/05\/michaela-forstik.png\" style=\"aspect-ratio: auto 213 \/ 320;\" scale=\"0\" data-link-wrap=\"1\" data-width=\"130\" data-height=\"195\" data-init-width=\"213\" data-init-height=\"320\" loading=\"lazy\"><\/a><\/span><\/p>\n<p>MAG. MICHAELA FORSTIK hat Wirtschaftspsychologie an der Universit\u00e4t Wien studiert und hat es sich zur Leidenschaft und Berufung gemacht, Menschen dabei zu unterst\u00fctzen viel Gesp\u00fcr f\u00fcr sich selbst zu entwickeln. Dabei liegt ihr Fokus speziell auf erf\u00fcllten Beziehungen \u2013 im romantischen, freundschaftlichen, beruflichen und famili\u00e4ren Kontext. Sie bringt ihr psychologisches Fachwissen sowie ihre pers\u00f6nliche Erfahrung in Kombination mit den praxiserprobten NLP \u2013 und Hypnosetechniken mit in den Coachingprozess ein. Du bist ein Mensch, der vor seinem eigenen Erfolg nicht zur\u00fcckschreckt sondern mit Herz, Seele und voller Energie dabei ist? Bereit, 100% Gas zu geben um dich radikal und dramatisch schnell weiter zu entwickeln? Dann hol dir jetzt das neue Coaching Praxishandbuch!<\/p>\n<p style=\"text-align: center;\"><span><strong><span><strong><span><span>WAS DICH ERWARTET<\/span><\/span><\/strong><\/span><\/strong><\/span><\/p>\n<p style=\"text-align: left;\">K\u00f6rpersprache &amp; NLP deckt inhaltlich eine Einf\u00fchrung in den NLP-Practitioner ab und bietet mehr als zwanzig \u00dcbungen, die du sofort durchf\u00fchren kannst. Lern die praktische Anwendung im Beruf, dem privaten Alltag und beim Flirten von:<\/p>\n<ul>\n<li><span style=\"\">Rapport<\/span><\/li>\n<li><span>Repr\u00e4sentationssysteme<\/span><\/li>\n<li><span style=\"\">Ankern,<\/span><\/li>\n<li><span style=\"\">Meta- und Milton-Modell<\/span><\/li>\n<li><span>Reframing<\/span><\/li>\n<li><span>Submodalit\u00e4ten<\/span><\/li>\n<li><span>Strategie<\/span><\/li>\n<li><span>Werte &amp;&nbsp;Glaubenss\u00e4tze<\/span><\/li>\n<li><span>Trance und Gespr\u00e4chshypnose<\/span><\/li>\n<\/ul>\n<p style=\"text-align: left;\">Der Autor Benedikt Ahlfeld wurde von Dr. Richard Bandler, dem kreativen Genie hinter NLP, pers\u00f6nlich ausgebildet und ist zum ersten NLP Master-Trainer in \u00d6sterreich ausgezeichnet worden. Gemeinsam mit seiner Co-Autorin Lisa stellt er auf unterhaltsame und zugleich tief gehende Weise dar, wie leicht es ist, sofort mehr Wirkung beim Gespr\u00e4chspartner zu erzielen. Wenn du selbst bestimmen m\u00f6chtest, wie du auf andere wirkst und auch in bester Erinnerung bleibst, ist dieses Buch genau das Richtige f\u00fcr dich.<\/p>\n<p style=\"text-align: left;\">Die Inhalte, die sie dir in \u201eK\u00f6rpersprache und NLP &#8211; erfolgreicher nonverbal kommunizieren\u201c beibringe, sind nicht irgendwelche theoretischen Methoden, sondern praktisch erprobtes und fundiertes Wissen. Du erh\u00e4ltst die genaue \u201eSchritt f\u00fcr Schritt\u201c- Anleitung, die du einfach nur verstehen und richtig umsetzen musst:<\/p>\n<p style=\"text-align: center;\"><span><strong><span><strong><span><span>KUNDENSTIMMEN:<\/span><\/span><\/strong><\/span><\/strong><\/span><\/p>\n<p><span style=\"width: 100%;\"><a href=\"#buchen\" rel=\" nofollow\"><img decoding=\"async\" alt=\"\" width=\"200\" height=\"34\" title=\"Jetzt bestellen!\" data-id=\"23768\" src=\"https:\/\/www.zhi-training.com\/academy\/wp-content\/uploads\/2019\/06\/sterne.png\" style=\"aspect-ratio: auto 250 \/ 43;\" scale=\"0\" data-link-wrap=\"1\" data-width=\"200\" data-height=\"34\" data-init-width=\"250\" data-init-height=\"43\" loading=\"lazy\"><\/a><\/span><span style=\"width: 100%;\"><a href=\"#buchen\" rel=\" nofollow\"><img decoding=\"async\" alt=\"Bildschirmfoto einer Kundenbewertung eines Buches.\" width=\"800\" height=\"172\" title=\"Jetzt bestellen!\" data-id=\"23768\" src=\"https:\/\/www.zhi-training.com\/academy\/wp-content\/uploads\/2022\/10\/1-3.jpg\" style=\"aspect-ratio: auto 800 \/ 172;\" scale=\"0\" data-link-wrap=\"1\" data-width=\"800\" data-height=\"172\" data-init-width=\"800\" data-init-height=\"172\" loading=\"lazy\"><\/a><\/span><span style=\"width: 100%;\"><a href=\"#buchen\" rel=\" nofollow\"><img decoding=\"async\" alt=\"Bildschirmfoto einer Kundenbewertung eines Buches.\" width=\"800\" height=\"134\" title=\"Jetzt bestellen!\" data-id=\"23778\" src=\"https:\/\/www.zhi-training.com\/academy\/wp-content\/uploads\/2022\/10\/Untitled-1.jpg\" style=\"aspect-ratio: auto 800 \/ 134;\" scale=\"0\" data-link-wrap=\"1\" data-width=\"800\" data-height=\"134\" data-init-width=\"800\" data-init-height=\"134\" mt-d=\"0\" loading=\"lazy\"><\/a><\/span><span style=\"width: 100%;\"><a href=\"#buchen\" rel=\" nofollow\"><img decoding=\"async\" alt=\"Bildschirmfoto einer Kundenbewertung eines Buches.\" width=\"800\" height=\"136\" title=\"Jetzt bestellen!\" data-id=\"23770\" src=\"https:\/\/www.zhi-training.com\/academy\/wp-content\/uploads\/2022\/10\/3-3.jpg\" style=\"aspect-ratio: auto 800 \/ 136;\" scale=\"0\" data-link-wrap=\"1\" data-width=\"800\" data-height=\"136\" data-init-width=\"800\" data-init-height=\"136\" mt-d=\"0\" loading=\"lazy\"><\/a><\/span><span style=\"width: 100%;\"><a href=\"#buchen\" rel=\" nofollow\"><img decoding=\"async\" alt=\"Bildschirmfoto einer Kundenbewertung eines Buches.\" width=\"800\" height=\"134\" title=\"Jetzt bestellen!\" data-id=\"23778\" src=\"https:\/\/www.zhi-training.com\/academy\/wp-content\/uploads\/2022\/10\/Untitled-1.jpg\" style=\"aspect-ratio: auto 800 \/ 134;\" scale=\"0\" data-link-wrap=\"1\" data-width=\"800\" data-height=\"134\" data-init-width=\"800\" data-init-height=\"134\" mt-d=\"-2.234400000000001\" loading=\"lazy\"><\/a><\/span><\/p>\n<p style=\"text-align: center;\"><span><strong><span><strong><span><span>JA, ICH WILL DAS BUCH JETZT LESEN:<\/span><\/span><\/strong><\/span><\/strong><\/span><\/p>\n<p><!-- Begin of Digistore24 Multi Step Orderbox Code -->[tcb-script src=&#8221;https:\/\/www.digistore24.com\/service\/js\/orderform_widget.js&#8221;][\/tcb-script]<!-- End of Digistore24 Multi Step Orderbox Code --><span style=\"width: 100%;\"><a href=\"#buchen\" rel=\"  nofollow\"><img decoding=\"async\" alt=\"Logos von Medienpartnern\" width=\"1000\" height=\"49\" title=\" \" src=\"\/\/www.zhi-training.com\/wp-content\/themes\/agency\/images\/Bekannt_aus_Footer@2x.jpg\" style=\"aspect-ratio: auto 948 \/ 46;\" scale=\"2\" data-link-wrap=\"1\" data-width=\"1000\" data-height=\"49\" data-init-width=\"948\" data-init-height=\"46\" loading=\"lazy\"><\/a><\/span><\/p>\n<p><span style=\"font-size: 14px; line-height: 24.5px; margin-top: 0px; padding-top: 0px; padding-left: 0px; margin-left: 0px; padding-right: 0px; margin-right: 0px; text-align: start;\"><\/span><span style=\"font-size: 14px; line-height: 24.5px; margin-top: 0px; padding-top: 0px; padding-left: 0px; margin-left: 0px; padding-right: 0px; margin-right: 0px; text-align: start;\"><\/span><span style=\"font-size: 14px; line-height: 24.5px; margin-top: 0px; padding-top: 0px; padding-left: 0px; margin-left: 0px; padding-right: 0px; margin-right: 0px; text-align: start;\"><\/span><span style=\"font-size: 14px; line-height: 24.5px; margin-top: 0px; padding-top: 0px; padding-left: 0px; margin-left: 0px; padding-right: 0px; margin-right: 0px; text-align: start;\"><\/span><span style=\"font-size: 14px; line-height: 24.5px; margin-top: 0px; padding-top: 0px; padding-left: 0px; margin-left: 0px; padding-right: 0px; margin-right: 0px; text-align: start;\"><\/span><span style=\"font-size: 14px; line-height: 24.5px; margin-top: 0px; padding-top: 0px; padding-left: 0px; margin-left: 0px; padding-right: 0px; margin-right: 0px; text-align: start;\"><\/span><span style=\"font-size: 14px; line-height: 24.5px; margin-top: 0px; padding-top: 0px; padding-left: 0px; margin-left: 0px; padding-right: 0px; margin-right: 0px; text-align: start;\"><\/span>[tcb-script src=&#8221;https:\/\/www.digistore24.com\/socialproof\/2943\/MBMHnFNF7VMdA7lJYhPlt4O9qV5dDN\/65\/300\/XX.js&#8221; defer=&#8221;&#8221;][\/tcb-script]\n<p style=\"text-align: center;\"><span><span>Copyright \u00a9 ZHI \u00b7<span style=\"color: rgb(255, 255, 255);\">&nbsp; <a href=\"https:\/\/www.zhi-training.com\/kontakt\" rel=\"nofollow\" target=\"_blank\" style=\"outline: none;\"><span>Impressum + Datenschutz<\/span><\/a><\/span><\/span><\/span><\/p>\n<p><img decoding=\"async\" src=\"https:\/\/www.klick-tipp.com\/pix\/1bo7z5djzfze82e\" height=\"1\" width=\"1\" scale=\"0\" loading=\"lazy\"><\/p>\n","protected":false},"excerpt":{"rendered":"<p>Mehr erreichen mit K\u00f6rpersprache und NLP Mit&nbsp;&nbsp;\u201eK\u00f6rpersprache und NLP &#8211; erfolgreicher nonverbal kommunizieren&#8221; bekommst du: Alles wichtige zur K\u00f6rpersprache Geheimnisse des NLP Erfolg privat, im Beruf und beim Dating Alltagssituationen souver\u00e4n meistern \u00fcber 160 Seiten vollgepackt mit Infos, die du nur in \u201cK\u00f6rpersprache &amp; NLP\u201d findest Du erh\u00e4ltst die genaue \u201eSchritt f\u00fcr Schritt\u201c- Anleitung, die &hellip; <a href=\"https:\/\/www.zhi-training.com\/academy\/koerpersprache-nlp\/\" class=\"more-link\"><span class=\"screen-reader-text\">\u201eNonverbale Kommunikation mit NLP &amp; K\u00f6rpersprache\u201c<\/span> weiterlesen<\/a><\/p>\n","protected":false},"author":2245,"featured_media":0,"parent":0,"menu_order":0,"comment_status":"closed","ping_status":"closed","template":"","meta":{"footnotes":"","tve_updated_post":"","tve_custom_css":"","tve_user_custom_css":"","tve_globals":{},"tcb2_ready":1,"tcb_editor_enabled":1,"tve_landing_page":"blank_v2","_tve_header":"0","_tve_footer":"0"},"folder":[],"class_list":["post-23710","page","type-page","status-publish","hentry"],"aioseo_notices":[],"_links":{"self":[{"href":"https:\/\/www.zhi-training.com\/academy\/wp-json\/wp\/v2\/pages\/23710","targetHints":{"allow":["GET"]}}],"collection":[{"href":"https:\/\/www.zhi-training.com\/academy\/wp-json\/wp\/v2\/pages"}],"about":[{"href":"https:\/\/www.zhi-training.com\/academy\/wp-json\/wp\/v2\/types\/page"}],"author":[{"embeddable":true,"href":"https:\/\/www.zhi-training.com\/academy\/wp-json\/wp\/v2\/users\/2245"}],"replies":[{"embeddable":true,"href":"https:\/\/www.zhi-training.com\/academy\/wp-json\/wp\/v2\/comments?post=23710"}],"version-history":[{"count":10,"href":"https:\/\/www.zhi-training.com\/academy\/wp-json\/wp\/v2\/pages\/23710\/revisions"}],"predecessor-version":[{"id":27234,"href":"https:\/\/www.zhi-training.com\/academy\/wp-json\/wp\/v2\/pages\/23710\/revisions\/27234"}],"wp:attachment":[{"href":"https:\/\/www.zhi-training.com\/academy\/wp-json\/wp\/v2\/media?parent=23710"}],"wp:term":[{"taxonomy":"folder","embeddable":true,"href":"https:\/\/www.zhi-training.com\/academy\/wp-json\/wp\/v2\/folder?post=23710"}],"curies":[{"name":"wp","href":"https:\/\/api.w.org\/{rel}","templated":true}]}}