{"id":19406,"date":"2020-11-18T17:41:41","date_gmt":"2020-11-18T16:41:41","guid":{"rendered":"https:\/\/www.zhi.at\/academy\/?page_id=19406"},"modified":"2025-06-13T20:17:27","modified_gmt":"2025-06-13T18:17:27","slug":"online-vortrag","status":"publish","type":"page","link":"https:\/\/www.zhi-training.com\/academy\/online-vortrag\/","title":{"rendered":"Online-Vortrag"},"content":{"rendered":"<p style=\"text-align: center;\"><strong>GRATIS Online-Vortrag verr\u00e4t &#8230;<\/strong><\/p>\n<h1 style=\"text-align: center;\"><strong><span><\/span><\/strong><strong><span style=\"font-size: 32px;\">\u201cWie du tiefe, innere Blockaden aufl\u00f6st, die dich bisher vom Erfolg abhalten!\u201d<\/span><\/strong><\/h1>\n<p style=\"text-align: center;\"><strong>\u201cWie du tiefe, innere Blockaden aufl\u00f6st, die dich bisher vom Erfolg abhalten!\u201d<\/strong><\/p>\n<p><span style=\"\"><a href=\"https:\/\/www.benediktahlfeld.com\/zhi-webinar-termin\" target=\"_blank\" rel=\"\"><img decoding=\"async\" alt=\"Logos: TEDx, Puls4, Kronehit, ARD, GQ, Kurier, ORF, Die Presse, ZackZack. Registrierung.\" data-id=\"19270\" width=\"395\" data-init-width=\"800\" height=\"15\" data-init-height=\"30\" title=\" \" loading=\"lazy\" src=\"https:\/\/www.zhi-training.com\/academy\/wp-content\/uploads\/2020\/11\/Logo_lang_neu-BA.jpg\" data-width=\"395\" data-height=\"15\" style=\"aspect-ratio: auto 800 \/ 30;\" ml-d=\"-1\" mt-d=\"-1\" data-link-wrap=\"1\"><\/a><\/span><\/p>\n<ul>\n<li><span style=\"\">Erfahre wie du <strong>verborgene Talente und F\u00e4higkeiten<\/strong> in dir entdeckst, die dich zu einem gl\u00fccklichen Leben f\u00fchren&nbsp;<\/span><\/li>\n<li><span style=\"\">Finde heraus welche <strong>negativen Glaubenss\u00e4tze<\/strong> dich bereits dein ganzes Leben lang kontrollieren und einschr\u00e4nken<\/span><\/li>\n<li><span style=\"\">Nutze die<strong> geheime Technik,<\/strong> die Spitzensportler und Top-Manager verwenden, damit auch du jedes Ziel erreichen kannst, das du dir vornimmst&nbsp;<\/span><\/li>\n<\/ul>\n<p><span><img decoding=\"async\" alt=\"\" data-id=\"19044\" width=\"137\" data-init-width=\"125\" height=\"164\" data-init-height=\"150\" title=\"unnamed\" loading=\"lazy\" src=\"https:\/\/www.zhi-training.com\/academy\/wp-content\/uploads\/2020\/10\/unnamed.png\" data-width=\"137\" data-height=\"164\" style=\"aspect-ratio: auto 125 \/ 150;\" ml-m=\"0\"><\/span><\/p>\n<p style=\"text-align: center;\"><strong><span><strong><span>Reserviere jetzt deinen Platz!<\/span><\/strong><\/span><\/strong><\/p>\n<p style=\"text-align: center;\"><strong><span><strong><span>Reserviere jetzt deinen Platz!<\/span><\/strong><\/span><\/strong><\/p>\n<p style=\"text-align: center;\">\u00a9 ZHI | <a data-entity-id=\"\" data-link-type=\"external\" href=\"https:\/\/www.zhi-training.com\/kontakt\" spellcheck=\"false\" style=\"outline: none;\" target=\"_blank\">Impressum + Datenschutz<\/a><\/p>\n<p style=\"text-align: center;\"><span>\u00a9 <\/span><span>Benedikt Ahlfeld |&nbsp;<\/span><a data-entity-id=\"\" data-link-type=\"external\" href=\"https:\/\/www.zhi-training.com\/kontakt\" spellcheck=\"false\" style=\"outline: none;\" target=\"_blank\"><span>Impressum + Datenschutz<\/span><\/a><\/p>\n","protected":false},"excerpt":{"rendered":"<p>GRATIS Online-Vortrag verr\u00e4t &#8230; \u201cWie du tiefe, innere Blockaden aufl\u00f6st, die dich bisher vom Erfolg abhalten!\u201d \u201cWie du tiefe, innere Blockaden aufl\u00f6st, die dich bisher vom Erfolg abhalten!\u201d Erfahre wie du verborgene Talente und F\u00e4higkeiten in dir entdeckst, die dich zu einem gl\u00fccklichen Leben f\u00fchren&nbsp; Finde heraus welche negativen Glaubenss\u00e4tze dich bereits dein ganzes Leben &hellip; <a href=\"https:\/\/www.zhi-training.com\/academy\/online-vortrag\/\" class=\"more-link\"><span class=\"screen-reader-text\">\u201eOnline-Vortrag\u201c<\/span> weiterlesen<\/a><\/p>\n","protected":false},"author":2245,"featured_media":0,"parent":0,"menu_order":0,"comment_status":"closed","ping_status":"closed","template":"","meta":{"footnotes":""},"folder":[],"class_list":["post-19406","page","type-page","status-publish","hentry"],"aioseo_notices":[],"_links":{"self":[{"href":"https:\/\/www.zhi-training.com\/academy\/wp-json\/wp\/v2\/pages\/19406","targetHints":{"allow":["GET"]}}],"collection":[{"href":"https:\/\/www.zhi-training.com\/academy\/wp-json\/wp\/v2\/pages"}],"about":[{"href":"https:\/\/www.zhi-training.com\/academy\/wp-json\/wp\/v2\/types\/page"}],"author":[{"embeddable":true,"href":"https:\/\/www.zhi-training.com\/academy\/wp-json\/wp\/v2\/users\/2245"}],"replies":[{"embeddable":true,"href":"https:\/\/www.zhi-training.com\/academy\/wp-json\/wp\/v2\/comments?post=19406"}],"version-history":[{"count":10,"href":"https:\/\/www.zhi-training.com\/academy\/wp-json\/wp\/v2\/pages\/19406\/revisions"}],"predecessor-version":[{"id":27046,"href":"https:\/\/www.zhi-training.com\/academy\/wp-json\/wp\/v2\/pages\/19406\/revisions\/27046"}],"wp:attachment":[{"href":"https:\/\/www.zhi-training.com\/academy\/wp-json\/wp\/v2\/media?parent=19406"}],"wp:term":[{"taxonomy":"folder","embeddable":true,"href":"https:\/\/www.zhi-training.com\/academy\/wp-json\/wp\/v2\/folder?post=19406"}],"curies":[{"name":"wp","href":"https:\/\/api.w.org\/{rel}","templated":true}]}}