{"id":19317,"date":"2020-11-18T14:41:19","date_gmt":"2020-11-18T13:41:19","guid":{"rendered":"https:\/\/www.zhi.at\/academy\/?page_id=19317"},"modified":"2025-06-16T17:54:24","modified_gmt":"2025-06-16T15:54:24","slug":"coachingbrief","status":"publish","type":"page","link":"https:\/\/www.zhi-training.com\/academy\/coachingbrief\/","title":{"rendered":"Jetzt gratis: der ZHI Coachingbrief"},"content":{"rendered":"<p style=\"text-align: center;\"><strong>GRATIS Online-Training:<\/strong><\/p>\n<h1 style=\"text-align: center;\"><strong>\u201cDer ZHI Coaching-Brief: deine Einf\u00fchrung in die Welt der Rhetorik, K\u00f6rpersprache und NLP&#8221;<\/strong><\/h1>\n<p style=\"text-align: center;\"><strong>\u201c Der ZHI Coaching-Brief: deine Einf\u00fchrung in die Welt von NLP, Hypnose und K\u00f6rpersprache &#8220;<\/strong><\/p>\n<p><span style=\"\"><img decoding=\"async\" alt=\"Eine Reihe verschiedener Medien- und Markenlogos, darunter TEDx und Google\" data-id=\"19270\" width=\"395\" data-init-width=\"800\" height=\"15\" data-init-height=\"30\" title=\" \" loading=\"lazy\" src=\"https:\/\/www.zhi-training.com\/academy\/wp-content\/uploads\/2020\/11\/Logo_lang_neu-BA.jpg\" data-width=\"395\" data-height=\"15\" style=\"aspect-ratio: auto 800 \/ 30;\" ml-d=\"-1\" mt-d=\"0\"><\/span><\/p>\n<ul>\n<li><span style=\"\"><strong>100% kostenloser Online-Kurs<\/strong><\/span><\/li>\n<li><span style=\"\">Alle 5 Tage per E-Mail&nbsp;<\/span><\/li>\n<li><span style=\"\">Mit<strong> <strong>Schritt-f\u00fcr-Schritt Anleitungen<\/strong><\/strong><\/span><\/li>\n<li><span style=\"\">Ganze 3 Monate lang<\/span><\/li>\n<li><span style=\"\"><strong><strong>Eine komplette Einf\u00fchrung<\/strong> <\/strong>in Rhetorik, K\u00f6rpersprache, Wahrnehmung, NLP und Mentaltraining<\/span><\/li>\n<\/ul>\n<p><span><img decoding=\"async\" alt=\"Pfeil nach unten\" data-id=\"19044\" width=\"124\" data-init-width=\"125\" height=\"149\" data-init-height=\"150\" title=\" \" loading=\"lazy\" src=\"https:\/\/www.zhi-training.com\/academy\/wp-content\/uploads\/2020\/10\/unnamed.png\" data-width=\"124\" data-height=\"149\" style=\"aspect-ratio: auto 125 \/ 150;\" ml-m=\"0\"><\/span><\/p>\n<p style=\"text-align: center;\"><strong><span><strong><span><strong>Fordere den Coching-Brief JETZT an!<\/strong><\/span><\/strong><\/span><\/strong><\/p>\n<p style=\"text-align: center;\"><strong><span><strong><span><\/span><\/strong><\/span><\/strong><strong>Fordere den Coching-Brief JETZT an!<\/strong><\/p>\n<p style=\"text-align: center;\">Copyright \u00a9 ZHI | <a data-entity-id=\"\" data-link-type=\"external\" href=\"https:\/\/www.zhi-training.com\/kontakt\" spellcheck=\"false\" style=\"outline: none;\" target=\"_blank\"><span style=\"text-decoration: underline;\">Impressum + Datenschutz<\/span><\/a><\/p>\n<p style=\"text-align: center;\"><span><\/span><span>Copyright \u00a9 ZHI|&nbsp;<\/span><a data-entity-id=\"\" data-link-type=\"external\" href=\"https:\/\/www.zhi-training.com\/kontakt\" spellcheck=\"false\" style=\"outline: none;\" target=\"_blank\"><span>Impressum + Datenschutz<\/span><\/a><\/p>\n","protected":false},"excerpt":{"rendered":"<p>GRATIS Online-Training: \u201cDer ZHI Coaching-Brief: deine Einf\u00fchrung in die Welt der Rhetorik, K\u00f6rpersprache und NLP&#8221; \u201c Der ZHI Coaching-Brief: deine Einf\u00fchrung in die Welt von NLP, Hypnose und K\u00f6rpersprache &#8220; 100% kostenloser Online-Kurs Alle 5 Tage per E-Mail&nbsp; Mit Schritt-f\u00fcr-Schritt Anleitungen Ganze 3 Monate lang Eine komplette Einf\u00fchrung in Rhetorik, K\u00f6rpersprache, Wahrnehmung, NLP und Mentaltraining &hellip; <a href=\"https:\/\/www.zhi-training.com\/academy\/coachingbrief\/\" class=\"more-link\"><span class=\"screen-reader-text\">\u201eJetzt gratis: der ZHI Coachingbrief\u201c<\/span> weiterlesen<\/a><\/p>\n","protected":false},"author":2245,"featured_media":0,"parent":0,"menu_order":0,"comment_status":"closed","ping_status":"closed","template":"","meta":{"footnotes":"","tve_updated_post":"","tve_custom_css":"","tve_user_custom_css":"","tve_globals":{},"tcb2_ready":1,"tcb_editor_enabled":1,"tve_landing_page":"blank_v2","_tve_header":"0","_tve_footer":"0"},"folder":[],"class_list":["post-19317","page","type-page","status-publish","hentry"],"aioseo_notices":[],"_links":{"self":[{"href":"https:\/\/www.zhi-training.com\/academy\/wp-json\/wp\/v2\/pages\/19317","targetHints":{"allow":["GET"]}}],"collection":[{"href":"https:\/\/www.zhi-training.com\/academy\/wp-json\/wp\/v2\/pages"}],"about":[{"href":"https:\/\/www.zhi-training.com\/academy\/wp-json\/wp\/v2\/types\/page"}],"author":[{"embeddable":true,"href":"https:\/\/www.zhi-training.com\/academy\/wp-json\/wp\/v2\/users\/2245"}],"replies":[{"embeddable":true,"href":"https:\/\/www.zhi-training.com\/academy\/wp-json\/wp\/v2\/comments?post=19317"}],"version-history":[{"count":10,"href":"https:\/\/www.zhi-training.com\/academy\/wp-json\/wp\/v2\/pages\/19317\/revisions"}],"predecessor-version":[{"id":27232,"href":"https:\/\/www.zhi-training.com\/academy\/wp-json\/wp\/v2\/pages\/19317\/revisions\/27232"}],"wp:attachment":[{"href":"https:\/\/www.zhi-training.com\/academy\/wp-json\/wp\/v2\/media?parent=19317"}],"wp:term":[{"taxonomy":"folder","embeddable":true,"href":"https:\/\/www.zhi-training.com\/academy\/wp-json\/wp\/v2\/folder?post=19317"}],"curies":[{"name":"wp","href":"https:\/\/api.w.org\/{rel}","templated":true}]}}