{"id":15132,"date":"2018-07-31T14:01:42","date_gmt":"2018-07-31T12:01:42","guid":{"rendered":"https:\/\/www.zhi.at\/academy\/?page_id=15132"},"modified":"2025-06-13T06:30:35","modified_gmt":"2025-06-13T04:30:35","slug":"liebeskummer","status":"publish","type":"page","link":"https:\/\/www.zhi-training.com\/academy\/liebeskummer\/","title":{"rendered":"Liebeskummer \u00fcberwinden"},"content":{"rendered":"<p><!--aici--><\/p>\n<h1 style=\"text-align: center;\"><strong>LIEBESKUMMER \u00dcBERWINDEN<\/strong><\/h1>\n<p style=\"text-align: center;\"><span><strong><\/strong><\/span><span style=\"text-transform: capitalize;\"><strong><\/strong><\/span><span><strong>Genial: die sanfte und sichere \u00dcberwindung von Trennungsschmerz<\/strong><\/span><\/p>\n<ul>\n<li><span><span>Bist du ungl\u00fccklich verliebt?&nbsp;<\/span><\/span><\/li>\n<li><span>Hast du dich vor kurzem von deinem Partner getrennt?<\/span><\/li>\n<li><span>Befindest du dich in einer ungl\u00fccklichen Beziehung?<\/span><\/li>\n<li><span>Hast du das Gef\u00fchl, das Leben dreht sich nicht mehr weiter?<\/span><\/li>\n<li><span>Selbst Dinge, die dir bis jetzt Freude bereitet haben, sind im Moment nicht wichtig?<\/span><\/li>\n<\/ul>\n<p><span style=\"width: 100%;\"><a href=\"https:\/\/www.digistore24.com\/content\/93373\/32454\/?ds24tr=michi-liebe\" target=\"_blank\"><img decoding=\"async\" alt=\"Cover LIEBESKUMMER \u00dcBERWINDEN\" width=\"390\" height=\"390\" title=\" \" data-id=\"15135\" src=\"\/\/www.zhi-training.com\/academy\/wp-content\/uploads\/2018\/06\/unnamed-4.jpg\" style=\"aspect-ratio: auto 2048 \/ 2048;\" data-width=\"390\" data-height=\"390\" data-init-width=\"2048\" data-init-height=\"2048\"><\/a><\/span><\/p>\n<p style=\"text-align: center;\"><strong>Liebeskummer \u00fcberwinden \u2013 und neue Hoffnung sch\u00f6pfen!<\/strong><\/p>\n<p>Bist Du gerade ungl\u00fccklich verliebt? Hast Du dich vor kurzem von Deinem Partner getrennt? Oder befindest Du dich in einer ungl\u00fccklichen Beziehung, die Dich immer weiter zu zerdr\u00fccken scheint? Du hast das Gef\u00fchl, das Leben dreht sich nicht mehr weiter und selbst Dinge, die Dir bis jetzt Freude bereitet haben, sind im Moment nicht wichtig. Schon der Gedanke an eine bestimmte Person l\u00f6st ein Gef\u00fchl von Schmerz in DeinemHerzen aus? &nbsp;<\/p>\n<p><span style=\"width: 100%;\"><a href=\"https:\/\/www.digistore24.com\/content\/93373\/32454\/?ds24tr=michi-liebe\" target=\"_blank\"><img decoding=\"async\" alt=\"Eine Frau vor dem Fenster\" width=\"359\" height=\"239\" title=\" \" data-id=\"15240\" src=\"\/\/www.zhi-training.com\/academy\/wp-content\/uploads\/2018\/07\/photo-1520350094754-f0fdcac35c1c.jpg\" style=\"aspect-ratio: auto 1350 \/ 900;\" data-width=\"359\" data-height=\"239\" data-init-width=\"1350\" data-init-height=\"900\"><\/a><\/span><\/p>\n<p>&nbsp;Dann leidest Du ziemlich sicher an Liebeskummer. Gef\u00fchle wie Trennungsschmerz sitzen oft viel tiefer als man glaubt und wird er von manchen Personen auch bel\u00e4chelt, ist er doch f\u00fcr den Betroffenen mit einer Krankheit f\u00fcr Geist und K\u00f6rper gleichzusetzen. &nbsp;<\/p>\n<p>Stell dir vor, wie es w\u00e4re, wenn du es schaffen k\u00f6nntest, direkt von zuhause aus, an der \u00dcberwindung deines Liebeskummers zu arbeiten und du pl\u00f6tzlich in der Lage bist v\u00f6llig den Liebeskummer zu \u00fcberwinden. Stell dir vor, wie es w\u00e4re, wenn du es dir f\u00fcr 30 Minuten bequem machst, die Augen schlie\u00dft und eine Hypnose startest&#8230; und sobald du die Augen wieder \u00f6ffnest, hast du dich von deinem Liebeskummer befreit. Vielleicht denkst du jetzt: \u201eDas klingt zu gut, um wahr zu sein.\u201c Doch du kannst es wirklich schaffen, dich deinem Liebeskummer zu stellen und dich f\u00fcr immer davon zu befreien. Und das ganz alleine mit deiner eigenen Kraft. Das Geheiminis ist dein Unterbewusstsein. Die Kombination aus deinem Unterbewusstsein und Hypnose macht es dir m\u00f6glich, aus eigener Kraft, Dinge zu erreichen, die du bis jetzt nicht f\u00fcr m\u00f6glich gehalten hast. Die Hypnose \u2013 Liebeskummer \u00fcberwinden &#8211; wird dich dabei unterst\u00fctzen, deinen Liebeskummer zu besiegen. &nbsp;<span>Diese Hypnose hilft gezielt dabei, das oft unsichtbare Band, das unsere Liebe und Energie noch an andere Menschen bindet, sanft zu trennen, das schmerzhafte Gef\u00fchl loslassen und somit neue Lebensenergie und Liebe zur\u00fcckgewinnen zu k\u00f6nnen. Die angenehme Stimme der Psychologin Mag. Michaela Forstik, untermalt von moderner Binaural Beats Technologie, erm\u00f6glicht Ihnen, nachhaltig und ganzheitlich Liebeskummer \u00fcberwinden zu k\u00f6nnen<\/span>.<\/p>\n<p style=\"text-align: center;\"><strong>Doch was versteckt sich eigentlich hinter Hypnose?<\/strong><\/p>\n<p><span style=\"width: 100%;\"><a href=\"https:\/\/www.digistore24.com\/content\/93373\/32454\/?ds24tr=michi-liebe\" target=\"_blank\"><img decoding=\"async\" alt=\"Frau im Sonnenlicht\" width=\"329\" height=\"263\" title=\" \" data-id=\"15239\" src=\"\/\/www.zhi-training.com\/academy\/wp-content\/uploads\/2018\/07\/photo-1499709453582-ba507bcee46b.jpg\" style=\"aspect-ratio: auto 626 \/ 501;\" data-width=\"329\" data-height=\"263\" data-init-width=\"626\" data-init-height=\"501\"><\/a><\/span><\/p>\n<p>Hypnose ist nichts Mystisches und hat nichts mit Magie zu tun. Hypnose ist eine wissenschaftliche best\u00e4tigte Form der Tiefenentspannung, in der eine Kommunikation mit deinem Unterbewusstsein stattfindet und dich dabei unterst\u00fctzt, mit speziellen Techniken dein Verhalten innerhalb k\u00fcrzester Zeit nachhaltig zu ver\u00e4ndern. W\u00e4hrend der Hypnose begibst du dich in eine Trance.<\/p>\n<p>Dieses Gef\u00fchl ist mit einem Tiefschlaf zu vergleichen und komplett ungef\u00e4hrlich. Trotz dieses Fallen-Lassens verlierst du niemals die Kontrolle \u00fcber deinen K\u00f6rper. Du hast es stets selbst in der Hand, die Hypnose-Sitzung zu beenden. In diesem Wahrnehmungszustand bist du extrem aufnahmef\u00e4hig. Unsere Hypnose \u2013 Liebeskummer \u00fcberwinden \u2013 ist eine gef\u00fchrte Selbsthypnose. Sie begleitet dich auf deine Reise und hilft dir, mit deinem Unterbewusstsein in Kontakt zu treten und neue Wege zu finden, um sich vom Liebeskummer zu befreien. Diese energievolle Hypnose wird dein Selbstwertgef\u00fchl st\u00e4rken und kann dir dabei helfen, wieder neue Perspektiven im Leben zu erkennen. Diese Trance ist f\u00fcr alle Menschen passend, die Liebeskummer \u00fcberwinden &nbsp;und neue Hoffnung sch\u00f6pfen wollen. &nbsp;<\/p>\n<h2 style=\"text-align: center;\"><strong>V\u00f6llig risikofrei&nbsp;<\/strong><strong>\u2013 neu durchstarten!<\/strong><\/h2>\n<p>Unser Erfolg spricht f\u00fcr sich! Durch das positive Feedback unserer Kunden sind wir davon \u00fcberzeugt, dass auch du dein Ziel, deinen Liebeskummer zu besiegen, erreichen kannst. Mit unserer Hypnose kannst du es endlich schaffen, wieder an dich zu glauben und dich von deinem Liebeskummer zu befreien. Wir glauben an dich und sind uns sicher, dass du dein Ziel erreichen wirst. Aus diesem Grund geben wir dir eine uneingeschr\u00e4nkte Zufriedenheits-Garantie. Du hast kein Risiko! Teste unsere Hypnose vier Wochen lang. Wenn sich deine gew\u00fcnschte Ver\u00e4nderung innerhalb von vier Wochen nicht einstellt, bekommst du deine Investition zu 100 Prozent zur\u00fcckerstattet. Probier es einfach aus und finde gemeinsam mit uns die L\u00f6sung f\u00fcr dein Problem.<\/p>\n<p style=\"text-align: center;\"><strong><span>Lass die Ver\u00e4nderung in deinem Leben zu &nbsp;<strong>und mach den n\u00e4chsten Schritt. Entscheide dich f\u00fcr unser Hypnose-Programm und schaff es ab jetzt deinen Liebeskummer zu \u00fcberwinden<\/strong><\/span><\/strong><\/p>\n<p><span style=\"width: 100%;\"><a href=\"https:\/\/www.digistore24.com\/content\/93373\/32454\/?ds24tr=michi-liebe\" target=\"_blank\"><img decoding=\"async\" alt=\"Eine frau liegt auf dem Bett, entt\u00e4uscht und traurig\" width=\"365\" height=\"244\" title=\" \" data-id=\"15241\" src=\"\/\/www.zhi-training.com\/academy\/wp-content\/uploads\/2018\/07\/photo-1526725702345-bdda2b97ef73.jpg\" style=\"aspect-ratio: auto 1347 \/ 902;\" data-width=\"365\" data-height=\"244\" data-init-width=\"1347\" data-init-height=\"902\"><\/a><\/span><\/p>\n<p>Was kann es Sch\u00f6neres geben, als nicht mehr von Selbstzweifeln geplagt zu werden? Was k\u00f6nnte besser sein, als aus tiefster \u00dcberzeugt selbst \u00fcber dein Leben zu bestimmen und dich nicht von deiner Unsicherheit br<strong><\/strong>emsen zu lassen? Nicht nur du, sondern auch dein Umfeld wird von deiner Ver\u00e4nderung begeistert sein. Du hast es selbst in der Hand, diese Ver\u00e4nderung in deinem Leben zuzulassen. Du hast es selbst in der Hand, bereits in nur zwei Wochen mit mehr Glauben an dich selbst neu durchzustarten.<\/p>\n<p style=\"text-align: center;\"><strong>Unser Programm \u2013 Liebeskummer \u00fcberwinden hilft dir dabei, v\u00f6llig risikofrei dein Problem zu l\u00f6sen:<\/strong><\/p>\n<p><strong>Liebeskummer \u00fcberwinden<\/strong> &#8211; Hast Du dich vor kurzem von Deinem Partner getrennt? Oder befindest Du dich in einer ungl\u00fccklichen Beziehung, die Dich immer weiter zu zerdr\u00fccken scheint? Diese gef\u00fchrte Meditation erm\u00f6glicht es, das unsichtbare Band, das dich noch bindet, sanft zu l\u00f6sen und somit neue Lebensenergie und Liebe zur\u00fcckgewinnen zu k\u00f6nnen: <span><a href=\"https:\/\/www.benediktahlfeld.com\/liebeskummer-ueberwinden\" rel=\"nofollow\" target=\"_blank\"><strong>Ja, ich will mein Herz zur\u00fcck!<\/strong><\/a>&nbsp;<\/span>\u2013 mit dieser Entscheidung schaffst du es, dich von einer alten Liebe zu verabschieden und machst dein Herz frei, um neue Liebe zu empfangen.<\/p>\n<p><strong>Macht dir dein Hadern an dir selbst dein Leben schwer und hast du den Wunsch mit Selbstsicherheit zu \u00fcberzeugen? Dann lass die Sorgen endlich hinter dir und entscheide dich jetzt f\u00fcr unser Hypnose-Programm. Sieh dies als deine einmalige Chance in ein neues Leben ohne Liebeskummer. 30 Tage R\u00fcckgaberecht und damit Null Risiko \u2013 du hast wirklich nichts zu verlieren und kannst nur gewinnen!<\/strong><\/p>\n<p><span style=\"width: 100%;\"><a href=\"https:\/\/www.digistore24.com\/content\/93373\/32454\/?ds24tr=michi-liebe\" target=\"_blank\"><img decoding=\"async\" alt=\"Liebeskummer-ueberwinden\" width=\"278\" height=\"401\" title=\"Liebeskummer-ueberwinden\" data-id=\"15138\" src=\"\/\/www.zhi-training.com\/academy\/wp-content\/uploads\/2018\/06\/Liebeskummer-ueberwinden.jpg\" style=\"aspect-ratio: auto 438 \/ 632;\" data-width=\"278\" data-height=\"401\" data-init-width=\"438\" data-init-height=\"632\"><\/a><\/span><\/p>\n<p><strong>Inhalt:<\/strong> 1 Audio-Datei und eine Anleitung zum Download<strong>Format:<\/strong>&nbsp;MP3- und PDF-Datei (f\u00fcr den Druck geeignet)<strong>Investition:<\/strong> 19,99-<\/p>\n<p style=\"text-align: center;\">ZHI ist bekannt aus:<img decoding=\"async\" src=\"https:\/\/www.zhi-training.com\/academy\/wp-content\/uploads\/2018\/07\/Ben-siegel-2-2-5-3-3-3-3-3-3-3-1.png\"><\/p>\n<p style=\"text-align: center;\"><img decoding=\"async\" src=\"https:\/\/www.zhi-training.com\/academy\/wp-content\/uploads\/2018\/07\/Ben-Siegel-3-2-5-3-3-3-3-3-3-3.png\"><\/p>\n<p><span style=\"width: 100%;\"><a href=\"https:\/\/www.digistore24.com\/content\/93373\/32454\/?ds24tr=michi-liebe\" target=\"_blank\"><img decoding=\"async\" alt=\"Michaela Forstik\" width=\"168\" height=\"252\" title=\"\" data-id=\"15004\" src=\"\/\/www.zhi-training.com\/academy\/wp-content\/uploads\/2018\/06\/michaela-forstik.png\" style=\"aspect-ratio: auto 213 \/ 320;\" data-width=\"168\" data-height=\"252\" data-init-width=\"213\" data-init-height=\"320\"><\/a><\/span><\/p>\n<ul>\n<li><strong><span style=\"font-size: 20px;\"><strong>Psychologin<\/strong><\/span><\/strong><\/li>\n<li><strong><span style=\"font-size: 20px;\"><strong><strong><span><strong>lic. NLP Trainerin<\/strong><\/span><\/strong><\/strong><\/span><\/strong><\/li>\n<li><strong><span style=\"font-size: 20px;\"><strong><strong><span><strong>lic. NLP&nbsp;Coach<\/strong><\/span><\/strong><\/strong><\/span><\/strong><\/li>\n<\/ul>\n<p><span style=\"font-size: 20px;\">Michaela Forstik hat Psychologie an der Universit\u00e4t Wien studiert und hat es sich zur Leidenschaft und Berufung gemacht, Menschen dabei zu unterst\u00fctzen viel Gesp\u00fcr f\u00fcr sich selbst zu entwickeln. Dabei liegt ihr Fokus speziell auf erf\u00fcllten Beziehungen \u2013 im romantischen, freundschaftlichen, beruflichen und famili\u00e4ren Kontext. Nach anf\u00e4nglicher Karriere in der Wirtschaftspsychologie hat sie sich komplett der Pers\u00f6nlichkeitsentwicklung verschrieben. Sie bringt ihr psychologisches Fachwissen sowie ihre pers\u00f6nliche Erfahrung in Kombination mit den praxiserprobten NLP \u2013 und Hypnosetechniken mit in den Coachingprozess ein.&nbsp;<\/span>Nutze die Erkenntnisse der modernen Hypnose<\/p>\n<p><strong>Ist dir eines der Themen bestens bekannt und macht dir immer wieder dein Leben schwer?<\/strong><\/p>\n<p>Dann lass die Sorgen endlich hinter dir und entscheide dich jetzt f\u00fcr unser Hypnose-Programm. Sieh dies als deine einmalige Chance in ein neues Leben.<\/p>\n<p><strong>30 Tage R\u00fcckgaberecht und damit Null Risiko<\/strong>&nbsp;\u2013 du hast wirklich nichts zu verlieren&nbsp;<strong>und kannst nur gewinnen!<\/strong><\/p>\n<p><!--aici--><span style=\"width: 100%;\"><img decoding=\"async\" alt=\"SSl Siegel\" width=\"225\" height=\"225\" title=\" \" data-id=\"15263\" src=\"\/\/www.zhi-training.com\/academy\/wp-content\/uploads\/2018\/07\/ssl-2-5-3-3-3-3-3-3-3.jpeg\" style=\"aspect-ratio: auto 225 \/ 225;\" data-width=\"225\" data-height=\"225\" data-init-width=\"225\" data-init-height=\"225\"><\/span><span style=\"width: 100%;\"><img decoding=\"async\" alt=\"Siegel Weiterempfehlung\" width=\"225\" height=\"240\" title=\" \" data-id=\"15262\" src=\"\/\/www.zhi-training.com\/academy\/wp-content\/uploads\/2018\/07\/siegel-gruen-2-5-3-3-3-3-3-3-3.png\" style=\"aspect-ratio: auto 353 \/ 376;\" data-width=\"225\" data-height=\"240\" data-init-width=\"353\" data-init-height=\"376\"><\/span>[tcb-script data-leadbox=&#8221;143f58973f72a2:1741282f6b46dc&#8221; data-url=&#8221;https:\/\/trafficoftrust.leadpages.co\/leadbox\/143f58973f72a2%3A1741282f6b46dc\/5765785288966144\/&#8221; data-config=&#8221;%7B%7D&#8221; type=&#8221;text\/javascript&#8221; src=&#8221;https:\/\/trafficoftrust.leadpages.co\/leadbox-1485199726.js&#8221;][\/tcb-script]<!-- Facebook Pixel Code -->[tcb-script]!function(f,b,e,v,n,t,s){if(f.fbq)return;n=f.fbq=function(){n.callMethod?n.callMethod.apply(n,arguments):n.queue.push(arguments)};if(!f._fbq)f._fbq=n;n.push=n;n.loaded=!0;n.version=&#8217;2.0&#8242;;n.queue=[];t=b.createElement(e);t.async=!0;t.src=v;s=b.getElementsByTagName(e)[0];s.parentNode.insertBefore(t,s)}(window,document,&#8217;script&#8217;,&#8217;https:\/\/connect.facebook.net\/en_US\/fbevents.js&#8217;);fbq(&#8216;init&#8217;, &#8216;466379736904502&#8217;); \/\/ Insert your pixel ID here.fbq(&#8216;track&#8217;, &#8216;PageView&#8217;);[\/tcb-script][tcb-noscript]<img decoding=\"async\" height=\"1\" width=\"1\" style=\"display:none\" src=\"https:\/\/www.facebook.com\/tr?id=466379736904502&amp;ev=PageView&amp;noscript=1\" scale=\"0\">[\/tcb-noscript]\n<p style=\"text-align: center;\">&nbsp;Copyright \u00a9 ZHI \u00b7 &nbsp;<a href=\"https:\/\/www.zhi-training.com\/kontakt\" rel=\"nofollow\" target=\"_blank\">Impressum + Datenschutz<\/a><\/p>\n<p><!-- DO NOT MODIFY --><!-- End Facebook Pixel Code -->[tcb-script data-leadbox=&#8221;143f58973f72a2:1741282f6b46dc&#8221; data-url=&#8221;https:\/\/trafficoftrust.leadpages.co\/leadbox\/143f58973f72a2%3A1741282f6b46dc\/5765785288966144\/&#8221; data-config=&#8221;%7B%7D&#8221; type=&#8221;text\/javascript&#8221; src=&#8221;https:\/\/trafficoftrust.leadpages.co\/leadbox-1485199726.js&#8221;][\/tcb-script]<!-- Facebook Pixel Code -->[tcb-script]!function(f,b,e,v,n,t,s){if(f.fbq)return;n=f.fbq=function(){n.callMethod?n.callMethod.apply(n,arguments):n.queue.push(arguments)};if(!f._fbq)f._fbq=n;n.push=n;n.loaded=!0;n.version=&#8217;2.0&#8242;;n.queue=[];t=b.createElement(e);t.async=!0;t.src=v;s=b.getElementsByTagName(e)[0];s.parentNode.insertBefore(t,s)}(window,document,&#8217;script&#8217;,&#8217;https:\/\/connect.facebook.net\/en_US\/fbevents.js&#8217;);fbq(&#8216;init&#8217;, &#8216;466379736904502&#8217;); \/\/ Insert your pixel ID here.fbq(&#8216;track&#8217;, &#8216;PageView&#8217;);[\/tcb-script][tcb-noscript]<img decoding=\"async\" height=\"1\" width=\"1\" style=\"display:none\" src=\"https:\/\/www.facebook.com\/tr?id=466379736904502&amp;ev=PageView&amp;noscript=1\" scale=\"0\">[\/tcb-noscript]<!-- DO NOT MODIFY --><!-- End Facebook Pixel Code --><\/p>\n","protected":false},"excerpt":{"rendered":"<p>LIEBESKUMMER \u00dcBERWINDEN Genial: die sanfte und sichere \u00dcberwindung von Trennungsschmerz Bist du ungl\u00fccklich verliebt?&nbsp; Hast du dich vor kurzem von deinem Partner getrennt? Befindest du dich in einer ungl\u00fccklichen Beziehung? Hast du das Gef\u00fchl, das Leben dreht sich nicht mehr weiter? Selbst Dinge, die dir bis jetzt Freude bereitet haben, sind im Moment nicht wichtig? &hellip; <a href=\"https:\/\/www.zhi-training.com\/academy\/liebeskummer\/\" class=\"more-link\"><span class=\"screen-reader-text\">\u201eLiebeskummer \u00fcberwinden\u201c<\/span> weiterlesen<\/a><\/p>\n","protected":false},"author":2245,"featured_media":0,"parent":0,"menu_order":0,"comment_status":"closed","ping_status":"closed","template":"","meta":{"footnotes":""},"folder":[],"class_list":["post-15132","page","type-page","status-publish","hentry"],"aioseo_notices":[],"_links":{"self":[{"href":"https:\/\/www.zhi-training.com\/academy\/wp-json\/wp\/v2\/pages\/15132","targetHints":{"allow":["GET"]}}],"collection":[{"href":"https:\/\/www.zhi-training.com\/academy\/wp-json\/wp\/v2\/pages"}],"about":[{"href":"https:\/\/www.zhi-training.com\/academy\/wp-json\/wp\/v2\/types\/page"}],"author":[{"embeddable":true,"href":"https:\/\/www.zhi-training.com\/academy\/wp-json\/wp\/v2\/users\/2245"}],"replies":[{"embeddable":true,"href":"https:\/\/www.zhi-training.com\/academy\/wp-json\/wp\/v2\/comments?post=15132"}],"version-history":[{"count":10,"href":"https:\/\/www.zhi-training.com\/academy\/wp-json\/wp\/v2\/pages\/15132\/revisions"}],"predecessor-version":[{"id":27018,"href":"https:\/\/www.zhi-training.com\/academy\/wp-json\/wp\/v2\/pages\/15132\/revisions\/27018"}],"wp:attachment":[{"href":"https:\/\/www.zhi-training.com\/academy\/wp-json\/wp\/v2\/media?parent=15132"}],"wp:term":[{"taxonomy":"folder","embeddable":true,"href":"https:\/\/www.zhi-training.com\/academy\/wp-json\/wp\/v2\/folder?post=15132"}],"curies":[{"name":"wp","href":"https:\/\/api.w.org\/{rel}","templated":true}]}}