{"id":15081,"date":"2018-07-31T14:01:47","date_gmt":"2018-07-31T12:01:47","guid":{"rendered":"https:\/\/www.zhi.at\/academy\/?page_id=15081"},"modified":"2025-06-13T07:29:39","modified_gmt":"2025-06-13T05:29:39","slug":"entspannt-abnehmen","status":"publish","type":"page","link":"https:\/\/www.zhi-training.com\/academy\/entspannt-abnehmen\/","title":{"rendered":"Entspannt abnehmen"},"content":{"rendered":"<p><!--aici--><\/p>\n<h1 style=\"text-align: center;\"><strong><span>ZUM IDEALGEWICHT OHNE FRUST-DI\u00c4T&nbsp;<\/span><\/strong><\/h1>\n<p style=\"text-align: center;\"><span><strong>Willst du auch entspannt abnehmen?<\/strong><\/span><\/p>\n<ul>\n<li><span>Schluss mit dem Di\u00e4t-Frust!<\/span><\/li>\n<li><span>Abnehmen ohne Jojo-Effekt&nbsp;<\/span><\/li>\n<li><span>Kein Hei\u00dfhunger mehr<\/span><\/li>\n<li><span>Gesund abnehmen ohne die Nebenwirkungen eines medizinischen Eingriffes<\/span><\/li>\n<\/ul>\n<p><span style=\"width: 100%;\"><a href=\"https:\/\/www.digistore24.com\/content\/93373\/32454\/?=undefined&amp;ds24tr=fb-coachingfragen&amp;aff=EinsteinCoaching\" target=\"_blank\" rel=\"\"><img decoding=\"async\" alt=\"Entspannt Abnehmen mit Hypnose: Frau blickt traurig auf Apfel. Di\u00e4t ohne Frust f\u00fcr Idealgewicht.\" width=\"355\" height=\"355\" title=\" \" data-id=\"15089\" src=\"\/\/www.zhi-training.com\/academy\/wp-content\/uploads\/2018\/06\/unnamed-2.jpg\" style=\"aspect-ratio: auto 2048 \/ 2048;\" scale=\"0\" data-link-wrap=\"1\" data-width=\"355\" data-height=\"355\" data-init-width=\"2048\" data-init-height=\"2048\"><\/a><\/span><\/p>\n<p style=\"text-align: center;\">Was unsere Kundin Vanessa Dietzmann (43) \u00fcber die Meditation sagt:<\/p>\n<p><span style=\"width: 100%;\"><img decoding=\"async\" alt=\"\" width=\"933\" height=\"67\" title=\"vanessa\" data-id=\"16158\" src=\"\/\/www.zhi-training.com\/academy\/wp-content\/uploads\/2018\/11\/vanessa.png\" style=\"\" scale=\"0\"><\/span><\/p>\n<p>Hast du Angst vor dem Schritt auf die Waage, weil du wei\u00dft, dass sich dein Gewicht schon wieder nicht ver\u00e4ndert hat? Bist du ungl\u00fccklich \u00fcber dein Gewicht und leidest du an deinem Gewicht, weil du ungl\u00fccklich bist? Dreht sich in deinem Kopf alles blo\u00df um Essen und machst du dir st\u00e4ndig Gedanken dar\u00fcber, was du nicht essen darfst?<\/p>\n<p><span style=\"width: 100%;\"><a href=\"https:\/\/www.digistore24.com\/content\/93373\/32454\/?=undefined&amp;ds24tr=fb-coachingfragen&amp;aff=EinsteinCoaching\" target=\"_blank\" rel=\"\"><img decoding=\"async\" alt=\"Frau wiegt sich nach dem Aufwachen. Abnehmen mit Hypnose f\u00fcr Idealgewicht.\" width=\"360\" height=\"265\" title=\" \" data-id=\"15092\" src=\"\/\/www.zhi-training.com\/academy\/wp-content\/uploads\/2018\/06\/photo-1522844505858-6cdc0201bcd9.jpg\" style=\"aspect-ratio: auto 678 \/ 500;\" scale=\"0\" data-link-wrap=\"1\" data-width=\"360\" data-height=\"265\" data-init-width=\"678\" data-init-height=\"500\"><\/a><\/span><\/p>\n<p>Stell dir vor, wie es w\u00e4re, wenn du es schaffen k\u00f6nntest, direkt von zuhause aus, an deinem Gewichtsproblem zu arbeiten und du ohne Jo-Jo-Effekt oder Frust-Di\u00e4ten zu deinem Wunschgewicht findest. Stell dir vor, wie es w\u00e4re, wenn du es dir f\u00fcr 30 Minuten bequem machst, die Augen schlie\u00dft und eine Hypnose startest&#8230; und sobald du die Augen wieder \u00f6ffnest, hast du dein st\u00e4ndiges Verlangen nach Hunger verloren. Vielleicht denkst du jetzt: \u201eDas klingt zu gut, um wahr zu sein.\u201c Doch du kannst es wirklich schaffen, nachhaltig abzunehmen und das ganz alleine mit deiner eigenen Kraft. Das Geheiminis ist dein Unterbewusstsein. Die Kombination aus deinem Unterbewusstsein und Hypnose macht es dir m\u00f6glich, aus eigener Kraft, Dinge zu erreichen, die du bis jetzt nicht f\u00fcr m\u00f6glich gehalten hast. Abnehmen kann man nicht allein durch Ern\u00e4hrung und Bewegung beseitigen. Aber bereits kleine Ver\u00e4nderungen, innerhalb der Lebensgewohnheiten, haben weitreichende Erfolge f\u00fcr unser Idealgewicht und k\u00f6nnen schlank machen. Die Hypnose \u2013 Entspannt Abnehmen &#8211; mit der angenehmen Stimme von Mag. Benedikt Ahlfeld wird dich dabei unterst\u00fctzen, gesund und nachhaltig an deinem Gewicht zu arbeiten.<\/p>\n<p style=\"text-align: center;\"><span><strong>Doch was versteckt sich eigentlich hinter Hypnose?<\/strong><\/span><\/p>\n<p><span style=\"width: 100%;\"><img decoding=\"async\" alt=\"Frau vor Wasserfall. Ballast abwerfen, entspannt abnehmen mit Hypnose.\" width=\"671\" height=\"500\" title=\" \" data-id=\"15091\" src=\"https:\/\/www.zhi-training.com\/academy\/wp-content\/uploads\/2018\/06\/photo-1449546756290-447e57e3b550.jpg\" style=\"aspect-ratio: auto 671 \/ 500;\" data-width=\"671\" data-height=\"500\" data-init-width=\"671\" data-init-height=\"500\"><\/span><\/p>\n<p>Hypnose ist nichts Mystisches und hat nichts mit Magie zu tun. Hypnose ist eine wissenschaftliche best\u00e4tigte Form der Tiefenentspannung, in der eine Kommunikation mit deinem Unterbewusstsein stattfindet und dich dabei unterst\u00fctzt, mit speziellen Techniken dein Verhalten innerhalb k\u00fcrzester Zeit nachhaltig zu ver\u00e4ndern. W\u00e4hrend der Hypnose begibst du dich in eine Trance. Dieses Gef\u00fchl ist mit einem Tiefschlaf zu vergleichen und komplett ungef\u00e4hrlich.<\/p>\n<p>Trotz dieses Fallen-Lassens verlierst du niemals die Kontrolle \u00fcber deinen K\u00f6rper. Du hast es stets selbst in der Hand, die Hypnose-Sitzung zu beenden. In diesem Wahrnehmungszustand bist du extrem aufnahmef\u00e4hig. Unsere Hypnose &#8220;Entspannt Abnehmen&#8221; \u2013 ist eine gef\u00fchrte Selbsthypnose. Sie begleitet dich auf deine Reise und hilft dir, mit deinem Unterbewusstsein in Kontakt zu treten und neue Wege zu finden, um deinem Wunschgewicht Schritt f\u00fcr Schritt n\u00e4her zu kommen. Durch ein imagin\u00e4res Magenband bekommst du die M\u00f6glichkeit, ohne eine OP oder andere Nebenwirkungen eines medizinischen Eingriffes gesund abzunehmen.<\/p>\n<h2 style=\"text-align: center;\"><strong>V\u00f6llig risikofrei&nbsp;<\/strong><strong>\u2013 neu durchstarten!<\/strong><\/h2>\n<p>Unser Erfolg spricht f\u00fcr sich! Durch das positive Feedback unserer Kunden sind wir davon \u00fcberzeugt, dass auch du dein Ziel, gesund abzunehmen, erreichen kannst. Mit unserer Hypnose kannst du es endlich schaffen, an deinem Gewicht zu arbeiten und Kilogramm f\u00fcr Kilogramm zu verlieren. Wir glauben an dich und sind uns sicher, dass du dein Ziel erreichen wirst. Aus diesem Grund geben wir dir eine uneingeschr\u00e4nkte Zufriedenheits-Garantie. Du hast kein Risiko! Teste unsere Hypnose vier Wochen lang. Wenn sich deine gew\u00fcnschte Ver\u00e4nderung innerhalb von vier Wochen nicht einstellt, bekommst du deine Investition zu 100 Prozent zur\u00fcckerstattet. Probier es einfach aus und finde gemeinsam mit uns die L\u00f6sung f\u00fcr dein Problem.<\/p>\n<p style=\"text-align: center;\"><strong><span>Lass die Ver\u00e4nderung in deinem Leben zu und mach den n\u00e4chsten Schritt. Entscheide dich f\u00fcr unser Hypnose-Programm und schaff es ab jetzt <strong>mit weniger Gewicht durchs Leben zu gehen<\/strong>.<\/span><\/strong><\/p>\n<p><span style=\"width: 100%;\"><a href=\"https:\/\/www.digistore24.com\/content\/93373\/32454\/?=undefined&amp;ds24tr=fb-coachingfragen&amp;aff=EinsteinCoaching\" target=\"_blank\" rel=\"\"><img decoding=\"async\" alt=\"Abnehmen: Ma\u00dfband, Di\u00e4t, Gewicht verlieren, K\u00f6rperma\u00dfe, gesunde Ern\u00e4hrung, Kalorien z\u00e4hlen.\" width=\"353\" height=\"256\" title=\" \" data-id=\"15093\" src=\"\/\/www.zhi-training.com\/academy\/wp-content\/uploads\/2018\/06\/photo-1523901839036-a3030662f220.jpg\" style=\"aspect-ratio: auto 1243 \/ 900;\" scale=\"0\" data-link-wrap=\"1\" data-width=\"353\" data-height=\"256\" data-init-width=\"1243\" data-init-height=\"900\"><\/a><\/span><\/p>\n<p>Was kann es Sch\u00f6neres geben, als nicht immer an dein Gewicht denken zu m\u00fcssen? Was k\u00f6nnte besser sein, als dir endlich wieder selbst zu gefallen und mit dir und deinem K\u00f6rper zufrieden zu sein? Nicht nur du, sondern auch dein Umfeld wird von deiner Ver\u00e4nderung begeistert sein. Du hast es selbst in der Hand, diese Ver\u00e4nderung in deinem Leben zuzulassen. Du hast es selbst in der Hand, bereits in nur zwei Wochen Kilo f\u00fcr Kilo purzeln zu sehen<\/p>\n<p><strong>Bist du bereit die Kilos purzeln zu sehen?<\/strong><strong><\/strong><strong><\/strong><strong><\/strong><span style=\"color: rgb(0, 0, 0); font-size: 22px;\"><span style=\"text-transform: capitalize;\"><\/p>\n<p><span><span><\/span><\/span><\/p>\n<\/p>\n<p><\/span><\/span><\/p>\n<p style=\"text-align: center;\"><strong><span>Unser Programm \u2013 <strong>Entspannt Abnehmen hilft dir dabei, v\u00f6llig risikofrei dein Problem zu l\u00f6sen:<\/strong><\/span><\/strong><\/p>\n<p><strong>Entspannt abnehmen<\/strong> \u2013 Du willst ohne Jo-Jo-Effekt oder Frust-Di\u00e4ten an der L\u00f6sung deines \u00dcbergewichts arbeiten? Nutze diese Hypnose, um die unn\u00f6tigen Kilos erfolgreich loszuwerden und endlich wieder fit und gesund zu sein. Mit dieser gef\u00fchrten Meditation hast du mit einem imagin\u00e4ren Magenband die einmalige M\u00f6glichkeit, ganz ohne eine OP oder andere Nebenwirkungen eines medizinischen Eingriffes gesund abzunehmen. Selbst das Verlangen nach Schokolade oder ungesundem Essen wird dir fremd sein, bis du dein Wunschgewicht erreicht hast. <a href=\"https:\/\/www.digistore24.com\/content\/93373\/32454\/?=undefined&amp;ds24tr=fb-coachingfragen&amp;aff=EinsteinCoaching\" rel=\"nofollow\" target=\"_blank\" style=\"outline: none;\"><strong>Ja, ich will entspannt abnehmen!<\/strong><\/a> \u2013 diese Entscheidung ist eine Entscheidung f\u00fcr ein komplett neues Lebensgef\u00fchl f\u00fcr dich und deinen K\u00f6rper.<\/p>\n<p><strong>Bereitet dir der Blick in den Spiegel immer wieder Kopfzerbrechen und m\u00f6chtest du deine l\u00e4stigen Pfunde endlich loswerden? Dann lass die Sorgen endlich hinter dir und entscheide dich jetzt f\u00fcr unser Hypnose-Programm. Sieh dies als deine einmalige Chance in ein ges\u00fcnderes Leben. 30 Tage R\u00fcckgaberecht und damit Null Risiko \u2013 du hast wirklich nichts zu verlieren und kannst nur gewinnen!<\/strong><\/p>\n<h3 style=\"text-align: center;\"><strong>H\u00f6rprobe<\/strong><\/h3>\n<p><!--[if lt IE 9]><a href=\"https:\/\/www.zhi-training.com\/academy\/wp-content\/uploads\/2018\/06\/Ben-Hoerprobe.mp3\">https:\/\/www.zhi-training.com\/academy\/wp-content\/uploads\/2018\/06\/Ben-Hoerprobe.mp3<\/a><\/p>\n\n<span style=\"width: 100%;\"><a href=\"https:\/\/www.digistore24.com\/content\/93373\/32454\/?=undefined&amp;ds24tr=fb-coachingfragen&amp;aff=EinsteinCoaching\" rel=\"nofollow\" target=\"_blank\"><img decoding=\"async\" alt=\"Entspannt Abnehmen Hypnose: Frau mit Apfel. Effektive Hypnose-Meditation zum Abnehmen. Jetzt starten!\" width=\"291\" height=\"422\" title=\"Entspannt-abnehmen\" data-id=\"15084\" src=\"\/\/www.zhi-training.com\/academy\/wp-content\/uploads\/2018\/06\/Entspannt-abnehmen.png\" style=\"aspect-ratio: auto 436 \/ 632;\" scale=\"0\" data-width=\"291\" data-height=\"422\" data-init-width=\"436\" data-init-height=\"632\"><\/a><\/span>\n\n<p><strong>Inhalt:<\/strong> 1 Audio-Datei und eine Anleitung zum Download<strong>Format:<\/strong>&nbsp;MP3- und PDF-Datei (f\u00fcr den Druck geeignet)<strong>Investition:<\/strong> 19,99-<\/p>\n\n\n\n<p style=\"text-align: center;\">&nbsp;ZHI ist bekannt aus:<img decoding=\"async\" src=\"https:\/\/www.zhi-training.com\/academy\/wp-content\/uploads\/2018\/07\/Ben-siegel-2-2-5-3-3-3-3-3-3-3-1.png\"><\/p>\n\n\n\n<p style=\"text-align: center;\"><img decoding=\"async\" src=\"https:\/\/www.zhi-training.com\/academy\/wp-content\/uploads\/2018\/07\/Ben-Siegel-3-2-5-3-3-3-3-3-3-3.png\"><\/p>\n\n<span style=\"width: 100%;\"><a href=\"https:\/\/www.digistore24.com\/content\/93373\/32454\/?=undefined&amp;ds24tr=fb-coachingfragen&amp;aff=EinsteinCoaching\" target=\"_blank\" rel=\"\"><img decoding=\"async\" alt=\"Ben Ahlfeld\" width=\"154\" height=\"231\" title=\"Ben-Ahlfeld.png\" src=\"\/\/www.zhi-training.com\/wp-content\/uploads\/2015\/10\/Ben-Ahlfeld.png\" style=\"aspect-ratio: auto 213 \/ 320;\" scale=\"0\" data-link-wrap=\"1\" data-width=\"154\" data-height=\"231\" data-init-width=\"213\" data-init-height=\"320\"><\/a><\/span>\n\n<ul>\n\n<li><strong><span style=\"font-size: 20px;\">Lic. NLP-Trainer\u2122 und NLP-Coaching-Trainer\u2122<\/span><\/strong><span style=\"font-size: 20px;\"><strong><\/strong><\/span><\/li>\n\n\n\n<li><span style=\"font-size: 20px;\"><strong>Staatl. gepr\u00fcfter Unternehmensberater und Business-Coach<\/strong><strong><\/strong><\/span><\/li>\n\n\n\n<li><span style=\"font-size: 20px;\"><strong>Board of Directors, ECNLP<\/strong><\/span><\/li>\n\n\n\n<li><span style=\"font-size: 20px;\">Speaker bei TEDx und GEDANKENtanken<\/span><\/li>\n\n\n\n<li><span style=\"font-size: 20px;\">Mitglied der ExpertsGroup Wirtschaftscoaches<\/span><\/li>\n\n\n\n<li><span style=\"font-size: 20px;\">METT Advanced: Expert Level (Mikromimik nach Dr. Paul Ekman)<\/span><\/li>\n\n<\/ul>\n\n\n\n<p><span style=\"font-size: 20px;\">Der geb\u00fcrtige Wiener Mag. Benedikt Ahlfeld ist seit \u00fcber 15 Jahren im Bereich der Pers\u00f6nlichkeitsentwicklung t\u00e4tig und legt einen besonderen Schwerpunkt seiner Ausbildung auf selbstbestimmte Entscheidungen f\u00fcr ein Leben nach eigenem Standard. Er ist mehrfacher Bestseller-Autor und im Gegensatz zu den meisten anderen Trainern erlangte er einen anerkannten akademischen Abschluss: den Magister der Sozial- und Wirtschaftswissenschaften. Der Fokus seines Studiums auf Change-Management (Ver\u00e4nderungsprozesse im Unternehmen) erm\u00f6glicht effektive Ver\u00e4nderung, die wissenschaftlich fundiert ist. Nicht ohne Grund arbeiten ATX Vorstandsvorsitzende, Spitzensportler, Studenten, \u00c4rzte, Unternehmer, P\u00e4dagogen, Top-Manager, Therapeuten und Weltmeister mit ihm. Schon mit seinem 18. Lebensjahr machte er selbstst\u00e4ndig und baute 2007 mit ZHI ein Unternehmen auf, das sich bis heute durch Qualit\u00e4t und Praxisn\u00e4he auszeichnet. Er ist Entwickler des ISL<sup>\u00ae&nbsp;<\/sup>(<a href=\"https:\/\/www.zhi-training.com\/nlp-lexikon\/isl-integrated-speed-learning\" target=\"_blank\">Integrated Speed Learning<\/a>), einer Lernmethode, die erm\u00f6glicht neu erlerntes Wissen besonders schnell in den Alltag zu integrieren und die exklusiv bei ZHI angewendet wird. Als Trainer, Berater und Business-Coach hatte er die Ehre mit namhaften Sportlern, Trainern, Unternehmern einigen seiner pers\u00f6nlichen Helden arbeiten zu k\u00f6nnen. Zu seinen weiteren Mentoren, Lehrern und Gesch\u00e4ftspartnern z\u00e4hlten u.a. Tony Robbins, John LaValle, Julian Wolf, Paul Ekman, Markus Cerenak, Peter Orban und Keith Johnstone. Er ist zudem Autor beliebter Fachb\u00fccher wie&nbsp;&nbsp;<a href=\"https:\/\/www.zhi-training.com\/produkte\/hypnose-lernen\" target=\"_blank\">Hypnose lernen<\/a>&nbsp;und&nbsp;<a href=\"https:\/\/zhi.at\/produkte\/koerpersprache-und-nlp\/\" target=\"_blank\">K\u00f6rpersprache &amp; NLP<\/a>.<\/span><\/p>\n\n\n\n<p><strong>Ist dir eines der Themen bestens bekannt und macht dir immer wieder dein Leben schwer?<\/strong><\/p>\n\n\n\n<p>Dann lass die Sorgen endlich hinter dir und entscheide dich jetzt f\u00fcr unser Hypnose-Programm. Sieh dies als deine einmalige Chance in ein neues Leben.<\/p>\n\n\n\n<p><strong>30 Tage R\u00fcckgaberecht und damit Null Risiko<\/strong>&nbsp;\u2013 du hast wirklich nichts zu verlieren&nbsp;<strong>und kannst nur gewinnen!<\/strong><\/p>\n\n<span style=\"width: 100%;\"><img decoding=\"async\" alt=\"SSL-Zertifikat: Sichere Daten\u00fcbertragung f\u00fcr entspanntes Abnehmen mit Hypnose\" width=\"225\" height=\"225\" title=\" \" data-id=\"15263\" src=\"\/\/www.zhi-training.com\/academy\/wp-content\/uploads\/2018\/07\/ssl-2-5-3-3-3-3-3-3-3.jpeg\" style=\"aspect-ratio: auto 225 \/ 225;\" scale=\"0\" data-link-wrap=\"1\" data-width=\"225\" data-height=\"225\" data-init-width=\"225\" data-init-height=\"225\"><\/span><span style=\"width: 100%;\"><img decoding=\"async\" alt=\"Siegel: 98% Weiterempfehlung. 9 von 10 sind sehr zufrieden. Abnehmen mit Hypnose.\" width=\"225\" height=\"240\" title=\" \" data-id=\"15262\" src=\"\/\/www.zhi-training.com\/academy\/wp-content\/uploads\/2018\/07\/siegel-gruen-2-5-3-3-3-3-3-3-3.png\" style=\"aspect-ratio: auto 353 \/ 376;\" scale=\"0\" data-link-wrap=\"1\" data-width=\"225\" data-height=\"240\" data-init-width=\"353\" data-init-height=\"376\"><\/span><!--aici-->[tcb-script data-leadbox=&#8221;143f58973f72a2:1741282f6b46dc&#8221; data-url=&#8221;https:\/\/trafficoftrust.leadpages.co\/leadbox\/143f58973f72a2%3A1741282f6b46dc\/5765785288966144\/&#8221; data-config=&#8221;%7B%7D&#8221; type=&#8221;text\/javascript&#8221; src=&#8221;https:\/\/trafficoftrust.leadpages.co\/leadbox-1485199726.js&#8221;][\/tcb-script]<!-- Facebook Pixel Code -->[tcb-script]!function(f,b,e,v,n,t,s){if(f.fbq)return;n=f.fbq=function(){n.callMethod?n.callMethod.apply(n,arguments):n.queue.push(arguments)};if(!f._fbq)f._fbq=n;n.push=n;n.loaded=!0;n.version=&#8217;2.0&#8242;;n.queue=[];t=b.createElement(e);t.async=!0;t.src=v;s=b.getElementsByTagName(e)[0];s.parentNode.insertBefore(t,s)}(window,document,&#8217;script&#8217;,&#8217;https:\/\/connect.facebook.net\/en_US\/fbevents.js&#8217;);fbq(&#8216;init&#8217;, &#8216;466379736904502&#8217;); \/\/ Insert your pixel ID here.fbq(&#8216;track&#8217;, &#8216;PageView&#8217;);[\/tcb-script][tcb-noscript]<img decoding=\"async\" height=\"1\" width=\"1\" style=\"display:none\" src=\"https:\/\/www.facebook.com\/tr?id=466379736904502&amp;ev=PageView&amp;noscript=1\" scale=\"0\">[\/tcb-noscript]\n<p style=\"text-align: center;\">&nbsp;Copyright \u00a9 &nbsp;ZHI \u00b7 &nbsp;<a href=\"https:\/\/www.zhi-training.com\/kontakt\" rel=\"nofollow\" target=\"_blank\">Impressum + Datenschutz<\/a><\/p>\n<p><!-- DO NOT MODIFY --><!-- End Facebook Pixel Code -->[tcb-script data-leadbox=&#8221;143f58973f72a2:1741282f6b46dc&#8221; data-url=&#8221;https:\/\/trafficoftrust.leadpages.co\/leadbox\/143f58973f72a2%3A1741282f6b46dc\/5765785288966144\/&#8221; data-config=&#8221;%7B%7D&#8221; type=&#8221;text\/javascript&#8221; src=&#8221;https:\/\/trafficoftrust.leadpages.co\/leadbox-1485199726.js&#8221;][\/tcb-script]<!-- Facebook Pixel Code -->[tcb-script]!function(f,b,e,v,n,t,s){if(f.fbq)return;n=f.fbq=function(){n.callMethod?n.callMethod.apply(n,arguments):n.queue.push(arguments)};if(!f._fbq)f._fbq=n;n.push=n;n.loaded=!0;n.version=&#8217;2.0&#8242;;n.queue=[];t=b.createElement(e);t.async=!0;t.src=v;s=b.getElementsByTagName(e)[0];s.parentNode.insertBefore(t,s)}(window,document,&#8217;script&#8217;,&#8217;https:\/\/connect.facebook.net\/en_US\/fbevents.js&#8217;);fbq(&#8216;init&#8217;, &#8216;466379736904502&#8217;); \/\/ Insert your pixel ID here.fbq(&#8216;track&#8217;, &#8216;PageView&#8217;);[\/tcb-script][tcb-noscript]<img decoding=\"async\" height=\"1\" width=\"1\" style=\"display:none\" src=\"https:\/\/www.facebook.com\/tr?id=466379736904502&amp;ev=PageView&amp;noscript=1\" scale=\"0\">[\/tcb-noscript]<!-- DO NOT MODIFY --><!-- End Facebook Pixel Code --><\/p>\n","protected":false},"excerpt":{"rendered":"<p>ZUM IDEALGEWICHT OHNE FRUST-DI\u00c4T&nbsp; Willst du auch entspannt abnehmen? Schluss mit dem Di\u00e4t-Frust! Abnehmen ohne Jojo-Effekt&nbsp; Kein Hei\u00dfhunger mehr Gesund abnehmen ohne die Nebenwirkungen eines medizinischen Eingriffes Was unsere Kundin Vanessa Dietzmann (43) \u00fcber die Meditation sagt: Hast du Angst vor dem Schritt auf die Waage, weil du wei\u00dft, dass sich dein Gewicht schon wieder &hellip; <a href=\"https:\/\/www.zhi-training.com\/academy\/entspannt-abnehmen\/\" class=\"more-link\"><span class=\"screen-reader-text\">\u201eEntspannt abnehmen\u201c<\/span> weiterlesen<\/a><\/p>\n","protected":false},"author":2245,"featured_media":0,"parent":0,"menu_order":0,"comment_status":"closed","ping_status":"closed","template":"","meta":{"footnotes":""},"folder":[],"class_list":["post-15081","page","type-page","status-publish","hentry"],"aioseo_notices":[],"_links":{"self":[{"href":"https:\/\/www.zhi-training.com\/academy\/wp-json\/wp\/v2\/pages\/15081","targetHints":{"allow":["GET"]}}],"collection":[{"href":"https:\/\/www.zhi-training.com\/academy\/wp-json\/wp\/v2\/pages"}],"about":[{"href":"https:\/\/www.zhi-training.com\/academy\/wp-json\/wp\/v2\/types\/page"}],"author":[{"embeddable":true,"href":"https:\/\/www.zhi-training.com\/academy\/wp-json\/wp\/v2\/users\/2245"}],"replies":[{"embeddable":true,"href":"https:\/\/www.zhi-training.com\/academy\/wp-json\/wp\/v2\/comments?post=15081"}],"version-history":[{"count":10,"href":"https:\/\/www.zhi-training.com\/academy\/wp-json\/wp\/v2\/pages\/15081\/revisions"}],"predecessor-version":[{"id":27024,"href":"https:\/\/www.zhi-training.com\/academy\/wp-json\/wp\/v2\/pages\/15081\/revisions\/27024"}],"wp:attachment":[{"href":"https:\/\/www.zhi-training.com\/academy\/wp-json\/wp\/v2\/media?parent=15081"}],"wp:term":[{"taxonomy":"folder","embeddable":true,"href":"https:\/\/www.zhi-training.com\/academy\/wp-json\/wp\/v2\/folder?post=15081"}],"curies":[{"name":"wp","href":"https:\/\/api.w.org\/{rel}","templated":true}]}}