{"id":14620,"date":"2017-09-20T18:07:48","date_gmt":"2017-09-20T16:07:48","guid":{"rendered":"https:\/\/www.zhi.at\/academy\/?page_id=14620"},"modified":"2025-06-13T19:52:06","modified_gmt":"2025-06-13T17:52:06","slug":"immer-ausgebucht","status":"publish","type":"page","link":"https:\/\/www.zhi-training.com\/academy\/immer-ausgebucht\/","title":{"rendered":"Gratis Buch: Immer ausgebucht"},"content":{"rendered":"<h3 style=\"text-align: center;\"><span><b><u>NEU:<\/u><\/b> Weil Du es wert bist, gesehen zu werden!<\/span><\/h3>\n<h3 style=\"text-align: center;\">Benedikt Ahlfeld<\/h3>\n<h1 data-unit=\"px\" style=\"text-align: center;\"><strong>Immer ausgebucht<\/strong><\/h1>\n<h2 style=\"text-align: center;\">GRATIS BUCH<\/h2>\n<p style=\"text-align: center;\"><span><span>Lasse dir jetzt dein kostenloses Buch zusenden<\/span><\/span><\/p>\n<p style=\"text-align: center;\">Ein Klick reicht aus und das Buch ist auf dem Weg zu dir:<\/p>\n<p style=\"text-align: center;\">&nbsp;<strong>Ank\u00fcndigung<\/strong>: Ich verschenke mein Buch &#8220;Immer ausgebucht&#8221;. Diesen Ratgeber liest du um dich daran zu erinnern, dass dein Erfolg im Business nur von einer Sache abh\u00e4ngt: DEINER Entscheidung. Wie du diese triffst, zeige ich im Buch&#8230;<\/p>\n<p><span><img decoding=\"async\" alt=\"Buch mit dem Titel \u201eImmer Ausgebucht\u201c von Benedikt Ahlfeld\" data-id=\"11115\" width=\"359\" data-init-width=\"300\" height=\"325\" data-init-height=\"272\" title=\" \" loading=\"lazy\" src=\"https:\/\/www.zhi-training.com\/academy\/wp-content\/uploads\/2017\/09\/immer-ausgebucht-book-mockup-set3-3-300x272.png\" data-width=\"359\" data-height=\"325\" style=\"aspect-ratio: auto 300 \/ 272;\"><\/span><\/p>\n<h2 style=\"text-align: left;\"><b>Deshalb brauchst du dieses wirkungsvolle Buch<\/b><\/h2>\n<p style=\"text-align: left;\">Egal, ob du Life Coach oder Business Coach, kompletter Anf\u00e4nger oder bereits ein Marketing Experte bist: In diesem Buch lernst du, wie du online (noch) <strong>mehr Erfolg<\/strong>&nbsp;haben kannst \u2013 und dir dabei selbst treu bleibst. Zudem enth\u00e4lt es eine S<strong>chritt-f\u00fcr-Schritt Marketingstrategie und konkrete Tipps<\/strong>, die du&nbsp;<strong>sofort<\/strong>&nbsp;f\u00fcr die verschiedensten Bereiche&nbsp;<strong>umsetzen<\/strong> kannst, wie: Neukundenakquise, Verkaufsf\u00f6rderung, E-Mail Marketing, Wettbewerbsanalyse, SEO, Website Marketing, Kundenzufriedenheit, Event Marketing, Zielgruppenanalyse, B2B Marketing Plan und Affiliate Marketing.<\/p>\n<h3 style=\"text-align: center;\"><b>Der Grund f\u00fcr das Buch <\/b><\/h3>\n<h2 style=\"font-size: 27px; text-align: center;\"><span style=\"font-size: 22px;\">Dein momentanes Business<\/span><\/h2>\n<ul>\n<li><a href=\"#top\" style=\"outline: none;\"><\/a><span style=\"\">Du hast <strong>keine tiefe Bindung<\/strong> zu deinen Kunden<\/span><\/li>\n<li><a href=\"#top\" style=\"outline: none;\"><\/a><span style=\"\">Du kennst die <strong>falschen<\/strong> Social Media und <strong>Online Marketing Strategien<\/strong><\/span><\/li>\n<li><a href=\"#top\" style=\"outline: none;\"><\/a><span style=\"\">Du hast keine oder nur eine <strong>mangelnde Positionierung<\/strong><\/span><\/li>\n<li><a href=\"#top\" style=\"outline: none;\"><\/a><span style=\"\">Du suchst <strong>erfolglos <\/strong>nach einer L\u00f6sung um <strong>passives Einkommen<\/strong> zu generieren&nbsp;<\/span><\/li>\n<li><a href=\"#top\" style=\"outline: none;\"><\/a><span style=\"\">Du bist <strong>immer gebunden<\/strong><strong>an einem Ort<\/strong> und musst immer da sein<\/span><\/li>\n<li><a href=\"#top\" style=\"outline: none;\"><\/a><span style=\"\">Du <strong>verlierst viel Zeit und Geld<\/strong>, &nbsp;weil dir Wissen fehlt&nbsp;<\/span><\/li>\n<\/ul>\n<p><a href=\"#top\"><\/a><a href=\"#top\"><\/a><\/p>\n<h2 style=\"font-size: 27px; text-align: center;\"><span style=\"font-size: 22px;\">Erfolgreiches Business nach eigenem Standard<\/span><\/h2>\n<ul>\n<li><a href=\"#top\"><\/a><span style=\"\"><strong><strong>Kundenbindung online effektiv st\u00e4rken&nbsp;<\/strong><\/strong><\/span><\/li>\n<li><a href=\"#top\"><\/a><span style=\"\"><strong><strong><strong>Erprobte Social-Media<\/strong> und Online-Marketing-Strategien f\u00fcr Kundengewinnung<\/strong><\/strong><\/span><\/li>\n<li><a href=\"#top\" style=\"outline: none;\"><\/a><span style=\"\">Du positionierst dich als Experte und <strong>verkaufst automatisiert&nbsp;<\/strong><\/span><\/li>\n<li><a href=\"#top\" style=\"outline: none;\"><\/a><span style=\"\"><strong><strong><strong>Mehr Sicherheit<\/strong>: <\/strong><\/strong>Eine bew\u00e4hrte Strategie f\u00fcr passives Einkommen<\/span><\/li>\n<li><a href=\"#top\" style=\"outline: none;\"><\/a><span style=\"\"><strong><strong><strong><strong>Freiheit: <\/strong><\/strong><\/strong><\/strong>zeitliche &amp; \u00f6rtliche Flexibilit\u00e4t<\/span><\/li>\n<li><a href=\"#top\"><\/a><span style=\"\"><strong><strong><strong><strong>Viel Zeit und Geldersparnis<\/strong><\/strong><\/strong><\/strong>, weil du klassische Fehler durch deinen Wissensvorsprung vermeidest<\/span><\/li>\n<\/ul>\n<h2 style=\"font-size: 27px; text-align: center;\"><span style=\"font-size: 22px;\">Dein momentanes Business<\/span><\/h2>\n<ul>\n<li><a href=\"#top\" style=\"outline: none;\"><\/a><span style=\"\">Du hast <strong>keine tiefe Bindung<\/strong> zu deinen Kunden<\/span><\/li>\n<li><a href=\"#top\" style=\"outline: none;\"><\/a><span style=\"\">Du kennst die <strong>falschen<\/strong> Social Media und <strong>Online Marketing Strategien<\/strong><\/span><\/li>\n<li><a href=\"#top\" style=\"outline: none;\"><\/a><span style=\"\">Du hast keine oder nur eine <strong>mangelnde Positionierung<\/strong><\/span><\/li>\n<li><a href=\"#top\" style=\"outline: none;\"><\/a><span style=\"\">Du suchst <strong>erfolglos <\/strong>nach einer L\u00f6sung um <strong>passives Einkommen<\/strong> zu generieren&nbsp;<\/span><\/li>\n<li><a href=\"#top\" style=\"outline: none;\"><\/a><span style=\"\">Du bist <strong>immer gebunden<\/strong><strong>an einem Ort<\/strong> und musst immer da sein<\/span><\/li>\n<li><a href=\"#top\" style=\"outline: none;\"><\/a><span style=\"\">Du <strong>verlierst viel Zeit und Geld<\/strong>, &nbsp;weil dir Wissen fehlt&nbsp;<\/span><\/li>\n<\/ul>\n<h2 style=\"font-size: 27px; text-align: center;\"><span style=\"font-size: 22px;\">Erfolgreiches Business nach eigenem Standard<\/span><\/h2>\n<ul>\n<li><a href=\"#top\"><\/a><span style=\"\"><strong><strong>Kundenbindung online effektiv st\u00e4rken&nbsp;<\/strong><\/strong><\/span><\/li>\n<li><a href=\"#top\" style=\"outline: none;\"><\/a><span style=\"\"><strong><strong><strong>Erprobte Social-Media<\/strong> und Online-Marketing-Strategien f\u00fcr Kundengewinnung<\/strong><\/strong><\/span><\/li>\n<li><a href=\"#top\" style=\"outline: none;\"><\/a><span style=\"\">Du positionierst dich als Experte und <strong>verkaufst automatisiert&nbsp;<\/strong><\/span><\/li>\n<li><a href=\"#top\" style=\"outline: none;\"><\/a><span style=\"\"><strong><strong><strong>Mehr Sicherheit<\/strong>: <\/strong><\/strong>Eine bew\u00e4hrte Strategie f\u00fcr passives Einkommen<\/span><\/li>\n<li><a href=\"#top\" style=\"outline: none;\"><\/a><span style=\"\"><strong><strong><strong><strong>Freiheit: <\/strong><\/strong><\/strong><\/strong>zeitliche &amp; \u00f6rtliche Flexibilit\u00e4t<\/span><\/li>\n<li><a href=\"#top\" style=\"outline: none;\"><\/a><span style=\"\"><strong><strong><strong><strong>Viel Zeit und Geldersparnis<\/strong><\/strong><\/strong><\/strong>, weil du klassische Fehler durch deinen Wissensvorsprung vermeidest<\/span><\/li>\n<\/ul>\n<h3 style=\"text-align: center;\"><b><b><b>H\u00f6rprobe: Kapitel 1 (Einleitung)<\/b><\/b><\/b><\/h3>\n<p><!--[if lt IE 9]><a href=\"https:\/\/www.zhi-training.com\/academy\/wp-content\/uploads\/2017\/09\/Einleitung.mp3\">https:\/\/www.zhi-training.com\/academy\/wp-content\/uploads\/2017\/09\/Einleitung.mp3<\/a>\n\n<h3 style=\"text-align: center;\"><b><b><b>Dabei unterst\u00fctzt dich das Buch:<\/b><\/b><\/b><\/h3>\n\n\n\n<ul>\n\n<li><span style=\"\"><strong>Viel Zeit und Geldersparnis<\/strong>, weil du Fehler vermeidest<\/span><\/li>\n\n\n\n<li><span style=\"\"><strong>Mehr Sicherheit<\/strong>: Eine bew\u00e4hrte Strategie f\u00fcr passives Einkommen<\/span><\/li>\n\n\n\n<li><span style=\"\"><strong>Freiheit: zeitliche &amp; \u00f6rtliche Flexibilit\u00e4t<\/strong>, sowie Selbstbestimmung<\/span><\/li>\n\n\n\n<li><span style=\"\"><strong>Anerkennung<\/strong>: Als Experte andere unterst\u00fctzen<\/span><\/li>\n\n\n\n<li><span style=\"\"><strong><strong><strong>Enormer Wettbewerbsvorteil<\/strong>, <\/strong><\/strong>durch deinen Wissensvorsprung<\/span><\/li>\n\n\n\n<li><span style=\"\"><strong>Schnelligkeit<\/strong>: Gleich das Richtige machen und mehr verdienen<\/span><\/li>\n\n<\/ul>\n\n\n\n<h3 style=\"text-align: center;\"><strong>Das sagen zufriedene Leser<\/strong><b><span> <\/span><\/b><\/h3>\n\n\n\n<p style=\"text-align: center;\">Eine pers\u00f6nliche Empfehlung von Jakob Hager<\/p>\n\n\n\n<p><span><\/span>Du bist Trainer, Coach oder Berater. Entweder bist du einer der \u201calten Hasen\u201d und hast schon zahlreiche Workshops gehalten, unz\u00e4hligen Menschen geholfen ihre Probleme zu l\u00f6sen und reist dadurch sehr viel herum. Oder du m\u00f6chtest&nbsp;<strong>raus aus deinem Hamsterrad&nbsp;<\/strong>und dich als Coach und Experte in einem Themengebiet positionieren.<\/p>\n\n\n\n<p>In beiden F\u00e4llen f\u00fchrt kein Weg an einem <strong>professionellen und erfolgreichen Webauftritt<\/strong> vorbei. Es geht nicht darum, dass du eine Webseite mit sch\u00f6nem Design hast. Das kann heutzutage jeder. Du wei\u00dft, du brauchst ein automatisiertes Verkaufssystem.<\/p>\n\n\n\n<p>Das ist gar nicht so einfach. Vermutlich hast du dich sogar schon mal mit Online Marketing auseinandergesetzt. Doch der rote Faden fehlt dir noch. <strong>Du wei\u00dft nicht recht, wo du beginnen sollst<\/strong> und welche Strategie f\u00fcr dich am besten funktionieren wird.<\/p>\n\n\n\n<p>Es gibt da einen Menschen, der durch sein Fachwissen, seine Authentizit\u00e4t, seine Freundlichkeit und durch seinen enormen Wissensschatz in den verschiedensten Gebieten hervorsticht. Er kann dir helfen und du hast auch schon die richtige Entscheidung getroffen, dir sein Buch zu holen.<\/p>\n\n\n\n<p>Die Rede ist von unserem Freund und Partner Benedikt Ahlfeld. Es ist gar nicht so einfach, zusammen zu fassen, was Benedikt schon alles geschafft hat. Er ist nicht nur NLP Experte, Entwickler einer Speed Learning Methode, die es erm\u00f6glicht neu erlerntes Wissen besonders schnell in den Alltag zu integrieren, Spezialist und Vortragender im Bereich Pers\u00f6nlichtkeitsentwicklung, sondern auch einer der besten Online Marketer, die es im deutschsprachigen Raum gibt.<\/p>\n\n\n\n<p>Er schafft es wie kein Zweiter, f\u00fcr seine <strong>Kunden und Partner Internet-Verkaufssysteme<\/strong> aufzubauen, die besonders f\u00fcr Coaches automatisiert neue Kunden generieren. Dieses Wissen schlummerte bis jetzt in Benedikt und war nur wenigen Partnern exklusiv zug\u00e4nglich.<\/p>\n\n\n\n<p>Jetzt hat er sich entschieden, allen Trainern, Coaches und Beratern zu helfen. Du kennst das Problem sicher. Das Internet erm\u00f6glicht dir eine enorm gro\u00dfe Reichweite, mit der du beinahe jede Zielgruppe erreichen kannst. Doch du musst mit dem richtigen System und der richtigen Struktur an das Problem herangehen, sonst verl\u00e4ufst du dich und kommst nie ans Ziel.<\/p>\n\n\n\n<p>Benedikt hat nun das Buch geschrieben \u201c<strong>Immer Ausgebucht<\/strong>\u201d. Wir durften es schon vorab lesen und haben uns sofort bereit erkl\u00e4rt, das Vorwort daf\u00fcr zu schreiben. Das Buch ist nicht nur vom Anfang bis zum Ende vollgepackt mit wertvollem Wissen, es enth\u00e4lt auch bis ins Detail&nbsp;<strong>praktische Hinweise und Tipps, die du 1:1 umsetzen kannst<\/strong> f\u00fcr den Aufbau deines eigenen Online Verkaufssystems.<\/p>\n\n\n\n<p>Wir freuen uns, dieses Vorwort f\u00fcr das <strong>Ausnahmetalent Benedikt<\/strong>&nbsp;schreiben zu d\u00fcrfen. Wir wollen dir nicht zu lange das Buch selbst vorenthalten, aber noch einen Rat auf den Weg geben.&nbsp;<strong>Behandle dieses Buch wie ein Arbeitsbuch<\/strong>. Nimm dir einen Zettel, einen Stift oder setz dich an den Computer. Dann lies das Buch und arbeite es durch.<\/p>\n\n\n\n<p>Wir w\u00fcnschen dir viel Spa\u00df, viel Erfolg und dass du immer ausgebucht bist mit dem einzigartigen Buch von Benedikt Ahlfeld!<\/p>\n\n\n\n<p>Liebe Gr\u00fc\u00dfe,<\/p>\n\n\n\n<p>Jakob Hager<\/p>\n\n\n\n<h3 style=\"text-align: center;\"><strong>Das sagen zufriedene Leser<\/strong><b><span> <\/span><\/b><\/h3>\n\n\n\n<p style=\"text-align: center;\">\u00dcBER DEN AUTOR<\/p>\n\n\n\n<h3 style=\"text-align: center;\"><b><b><b>Benedikt Ahlfeld<\/b><\/b><\/b><\/h3>\n\n<span style=\"\"><img decoding=\"async\" alt=\"NLP Trainer Benedikt Ahlfeld\" width=\"399\" data-init-width=\"745\" height=\"478\" data-init-height=\"892\" loading=\"lazy\" src=\"https:\/\/www.zhi-training.com\/academy\/wp-content\/uploads\/2023\/12\/ben.png\" data-width=\"399\" data-height=\"478\" data-id=\"11121\" title=\"\" style=\"aspect-ratio: auto 745 \/ 892;\" mt-d=\"-22\" ml-d=\"0\" center-v-d=\"false\" mt-m=\"0\" center-v-m=\"false\" ml-m=\"0\"><\/span>\n\n<p><span>Ben Ahlfeld ist mehrfacher Bestseller-Autor, Top-Speaker,&nbsp;<strong>Experte f\u00fcr Entscheidungspsychologie und Kommunikation<\/strong>, staatl. gepr\u00fcfter Unternehmensberater und akkreditierter Business Coach. Seit mehr als 15 Jahren ist er aktiv im Business und mit \u00fcber 100.000 Kund*innen z\u00e4hlt er zu den&nbsp;<strong>erfolgreichsten Coaches<\/strong>&nbsp;im deutschsprachigen Raum. Immer wieder hat er in dieser Zeit mit Menschen zusammengearbeitet, um deren Business zum Durchbruch zu verhelfen. Der Fokus seines Studiums auf Change-Management (Ver\u00e4nderungsprozesse im Unternehmen) erm\u00f6glicht effektive Ver\u00e4nderung, die wissenschaftlich fundiert ist. Nicht ohne Grund arbeiten ATX Vorstandsvorsitzende, Spitzensportler, Studenten, \u00c4rzte, Unternehmer, P\u00e4dagogen, Top-Manager, Therapeuten und Weltmeister mit ihm.&nbsp;<\/span><span>Au\u00dferdem ist er&nbsp;<\/span><span>Gr\u00fcnder der&nbsp;<strong>international t\u00e4tigen ZHI Consulting GmbH&nbsp;<\/strong>veranstaltet er mit seinem Team Seminare in Deutschland, \u00d6sterreich und der Schweiz. In seinem neuen Buch verr\u00e4t er alle Strategien, die sein eigenes Business erfolgreich gemacht haben.<\/span><\/p>\n\n\n\n<p style=\"text-align: center;\">Benedikt Ahlfeld ist bekannt durch die Arbeit f\u00fcr oder mit:<\/p>\n\n<span><img decoding=\"async\" alt=\"Eine Collage aus verschiedenen Medien- und Firmenlogos, darunter Spotify, ORF, Die Presse, Business Insider, GQ, Focus und andere \u2013 perfekt zur Pr\u00e4sentation Ihrer Marketingstrategie und zur Steigerung des Online-Erfolgs \u2013 in mehreren Reihen vor wei\u00dfem Hintergrund angeordnet.\" width=\"800\" data-init-width=\"800\" height=\"128\" data-init-height=\"128\" loading=\"lazy\" src=\"https:\/\/www.zhi-training.com\/academy\/wp-content\/uploads\/2023\/12\/2-firmen_logos_rezis-medien.jpg\" data-width=\"800\" data-height=\"128\" style=\"aspect-ratio: auto 800 \/ 128;\"><\/span><span><img decoding=\"async\" alt=\"Eine Sammlung verschiedener Firmen- und Organisationslogos, darunter IKEA, Volkswagen, Siemens Financial Services, Thomson Reuters, Die Presse und andere \u2013 die Marken pr\u00e4sentieren, die f\u00fcr ihre innovative Marketingstrategie bekannt sind \u2013, die in Reihen auf wei\u00dfem Hintergrund angezeigt werden.\" width=\"800\" data-init-width=\"1081\" height=\"135\" data-init-height=\"182\" loading=\"lazy\" src=\"https:\/\/www.zhi-training.com\/academy\/wp-content\/uploads\/2023\/12\/Logos-neu.png\" data-width=\"800\" data-height=\"135\" style=\"aspect-ratio: auto 1081 \/ 182;\"><\/span>\n\n<h3 style=\"text-align: center;\"><b>Lasse dir jetzt dein kostenloses Buch zusenden&nbsp;<\/b><\/h3>\n\n\n\n<p style=\"text-align: center;\"><span style=\"\"><span style=\"--tcb-applied-color: rgb(34, 34, 34) !important; color: rgb(34, 34, 34) !important;\">Dein Exemplar wird dir in den n\u00e4chsten Tagen ganz bequem als Paket nach Hause geliefert<\/span><span style=\"color: rgb(34, 34, 34) !important;\"><span style=\"--tcb-applied-color: rgb(34, 34, 34) !important;\"><\/span><\/span><\/span><\/p>\n\n<span><img decoding=\"async\" alt=\"Buch mit dem Titel \u201eImmer Ausgebucht\u201c von Benedikt Ahlfeld\" width=\"363\" data-init-width=\"400\" height=\"578\" data-init-height=\"637\" loading=\"lazy\" src=\"https:\/\/www.zhi-training.com\/academy\/wp-content\/uploads\/2023\/12\/immer-ausgbeucht-book-mockup-set3-1.png\" data-width=\"363\" data-height=\"578\" style=\"aspect-ratio: auto 400 \/ 637;\" data-id=\"25860\" title=\"\"><\/span>\n\n<p style=\"text-align: center;\">Copyright &nbsp;ZHI | <a href=\"https:\/\/www.zhi-training.com\/kontakt\" target=\"_blank\" style=\"outline: none;\" spellcheck=\"false\">Impressum &amp; Datenschutz<\/a>&nbsp;<\/p>\n\n\n<\/p>\n","protected":false},"excerpt":{"rendered":"<p>NEU: Weil Du es wert bist, gesehen zu werden! Benedikt Ahlfeld Immer ausgebucht GRATIS BUCH Lasse dir jetzt dein kostenloses Buch zusenden Ein Klick reicht aus und das Buch ist auf dem Weg zu dir: &nbsp;Ank\u00fcndigung: Ich verschenke mein Buch &#8220;Immer ausgebucht&#8221;. Diesen Ratgeber liest du um dich daran zu erinnern, dass dein Erfolg im &hellip; <a href=\"https:\/\/www.zhi-training.com\/academy\/immer-ausgebucht\/\" class=\"more-link\"><span class=\"screen-reader-text\">\u201eGratis Buch: Immer ausgebucht\u201c<\/span> weiterlesen<\/a><\/p>\n","protected":false},"author":3,"featured_media":0,"parent":0,"menu_order":0,"comment_status":"closed","ping_status":"closed","template":"","meta":{"footnotes":"","tve_updated_post":"","tve_custom_css":"","tve_user_custom_css":"","tve_globals":{},"tcb2_ready":1,"tcb_editor_enabled":1,"tve_landing_page":"blank_v2","_tve_header":"0","_tve_footer":"0"},"folder":[],"class_list":["post-14620","page","type-page","status-publish","hentry"],"aioseo_notices":[],"_links":{"self":[{"href":"https:\/\/www.zhi-training.com\/academy\/wp-json\/wp\/v2\/pages\/14620","targetHints":{"allow":["GET"]}}],"collection":[{"href":"https:\/\/www.zhi-training.com\/academy\/wp-json\/wp\/v2\/pages"}],"about":[{"href":"https:\/\/www.zhi-training.com\/academy\/wp-json\/wp\/v2\/types\/page"}],"author":[{"embeddable":true,"href":"https:\/\/www.zhi-training.com\/academy\/wp-json\/wp\/v2\/users\/3"}],"replies":[{"embeddable":true,"href":"https:\/\/www.zhi-training.com\/academy\/wp-json\/wp\/v2\/comments?post=14620"}],"version-history":[{"count":10,"href":"https:\/\/www.zhi-training.com\/academy\/wp-json\/wp\/v2\/pages\/14620\/revisions"}],"predecessor-version":[{"id":27032,"href":"https:\/\/www.zhi-training.com\/academy\/wp-json\/wp\/v2\/pages\/14620\/revisions\/27032"}],"wp:attachment":[{"href":"https:\/\/www.zhi-training.com\/academy\/wp-json\/wp\/v2\/media?parent=14620"}],"wp:term":[{"taxonomy":"folder","embeddable":true,"href":"https:\/\/www.zhi-training.com\/academy\/wp-json\/wp\/v2\/folder?post=14620"}],"curies":[{"name":"wp","href":"https:\/\/api.w.org\/{rel}","templated":true}]}}